{"id":2343,"date":"2020-02-21T16:48:23","date_gmt":"2020-02-21T19:48:23","guid":{"rendered":"http:\/\/scidev\/wordpress\/?page_id=2343"},"modified":"2026-02-09T17:50:49","modified_gmt":"2026-02-09T20:50:49","slug":"colaboracion-apex","status":"publish","type":"page","link":"https:\/\/www.apex-telescope.org\/ns\/es\/colaboracion-apex\/","title":{"rendered":"El consorcio de APEX"},"content":{"rendered":"\n<p>En su convenio actual, v\u00e1lido hasta fines del 2022, APEX es una colaboraci\u00f3n entre el <strong>Instituto Max Planck de Radioastronom\u00eda (MPIfR)<\/strong> en un 55%, el <strong>Observatorio Espacial de Onsala (OSO)<\/strong> en un 13% y el <strong>Observatorio Austral Europeo (ESO)<\/strong> en un 32% para operar un prototipo de antena de ALMA modificada, como antena \u00fanica, en la altura del llano de Chajnantor. El telescopio fue fabricado por la empresa VERTEX Antennentechnik en Duisburg, Alemania. <\/p>\n\n\n\n<p>Chile es el pa\u00eds anfitri\u00f3n y el acuerdo establece que la comunidad cient\u00edfica chilena tiene acceso a 10% del tiempo de observaci\u00f3n disponible.<br><\/p>\n\n\n\n<div style=\"height:50px\" aria-hidden=\"true\" class=\"wp-block-spacer\"><\/div>\n\n\n\n<div class=\"wp-block-media-text alignwide\" style=\"grid-template-columns:28% auto\"><figure class=\"wp-block-media-text__media\"><img loading=\"lazy\" decoding=\"async\" width=\"278\" height=\"350\" src=\"https:\/\/www.apex-telescope.org\/ns\/wp-content\/uploads\/2023\/01\/MPIfR-Transp.png\" alt=\"\" class=\"wp-image-4351 size-full\"\/><\/figure><div class=\"wp-block-media-text__content\">\n<p><a rel=\"noreferrer noopener\" aria-label=\"The Max-Planck-Institute f\u00fcr Radioastronomie is part of the Max-Planck-Gesellshaft and is located in Bonn, Germany.  (opens in a new tab)\" href=\"https:\/\/www.mpifr-bonn.mpg.de\/2169\/en\" target=\"_blank\">El Instituto Max Planck de Radioastronom\u00eda<\/a> es parte de la Sociedad Max Planck y est\u00e1 ubicado en Bonn, Alemania. <\/p>\n\n\n\n<p>El grupo de investigaci\u00f3n del MPIfR investiga una amplia variedad de temas astrof\u00edsicos, desde las nubes moleculares en la Via L\u00e1ctea y otras galaxias hasta la evoluci\u00f3n de galaxias con alto corrimiento al rojo. El departamento de tecnolog\u00edas sub-milim\u00e9tricas desarrolla adem\u00e1s instrumentaci\u00f3n de vanguardia para APEX y SOFIA.<br><\/p>\n<\/div><\/div>\n\n\n\n<div style=\"height:50px\" aria-hidden=\"true\" class=\"wp-block-spacer\"><\/div>\n\n\n\n<div class=\"wp-block-media-text alignwide has-media-on-the-right\" style=\"grid-template-columns:auto 46%\"><div class=\"wp-block-media-text__content\">\n<p>El <a rel=\"noreferrer noopener\" aria-label=\"The European Southern Observatory (ESO) is an intergovernmental science and technology organisation in astronomy. (opens in a new tab)\" href=\"http:\/\/www.eso.org\" target=\"_blank\">Observatorio Austral Europeo<\/a> (ESO) es una organizaci\u00f3n intergubernamental de ciencia y tecnolog\u00eda para la astronom\u00eda. La sede central de  ESO  est\u00e1 ubicada en Garching cerca de Munich, Alemania.<br><\/p>\n\n\n\n<p>ESO lleva a cabo un ambicioso programa enfocado en el dise\u00f1o, construcci\u00f3n y operaci\u00f3n de potentes instalaciones terrestres de observaci\u00f3n astron\u00f3mica, para lograr importantes descubrimientos cient\u00edficos. ESO tambi\u00e9n juega un rol crucial  promoviendo y organizando cooperaciones en la investigaci\u00f3n astron\u00f3mica.<br><\/p>\n<\/div><figure class=\"wp-block-media-text__media\"><img loading=\"lazy\" decoding=\"async\" width=\"320\" height=\"152\" src=\"http:\/\/www.apex-telescope.org\/ns\/wp-content\/uploads\/2020\/07\/ESO-transp.gif\" alt=\"\" class=\"wp-image-3378 size-full\"\/><\/figure><\/div>\n\n\n\n<div style=\"height:50px\" aria-hidden=\"true\" class=\"wp-block-spacer\"><\/div>\n","protected":false},"excerpt":{"rendered":"<p>En su convenio actual, v\u00e1lido hasta fines del 2022, APEX es una colaboraci\u00f3n entre el Instituto Max Planck de Radioastronom\u00eda (MPIfR) en un 55%, el Observatorio Espacial de Onsala (OSO) en un 13% y el Observatorio Austral Europeo (ESO) en <a href=\"https:\/\/www.apex-telescope.org\/ns\/es\/colaboracion-apex\/\" class=\"read-more\">Read More &#8230;<\/a><\/p>\n","protected":false},"author":1,"featured_media":0,"parent":0,"menu_order":0,"comment_status":"closed","ping_status":"closed","template":"","meta":{"ngg_post_thumbnail":0,"spay_email":"","footnotes":""},"class_list":["post-2343","page","type-page","status-publish","hentry"],"featured_image_urls":{"full":"","thumbnail":"","medium":"","medium_large":"","large":"","1536x1536":"","2048x2048":"","education-hub-thumb":""},"post_excerpt_stackable":"<p>En su convenio actual, v\u00e1lido hasta fines del 2022, APEX es una colaboraci\u00f3n entre el Instituto Max Planck de Radioastronom\u00eda (MPIfR) en un 55%, el Observatorio Espacial de Onsala (OSO) en un 13% y el Observatorio Austral Europeo (ESO) en un 32% para operar un prototipo de antena de ALMA modificada, como antena \u00fanica, en la altura del llano de Chajnantor. El telescopio fue fabricado por la empresa VERTEX Antennentechnik en Duisburg, Alemania. Chile es el pa\u00eds anfitri\u00f3n y el acuerdo establece que la comunidad cient\u00edfica chilena tiene acceso a 10% del tiempo de observaci\u00f3n disponible. El Instituto Max Planck&hellip;<\/p>\n","category_list":"","author_info":{"name":"apex","url":"https:\/\/www.apex-telescope.org\/ns\/author\/apex\/"},"comments_num":"0 comments","featured_image_urls_v2":{"full":"","thumbnail":"","medium":"","medium_large":"","large":"","1536x1536":"","2048x2048":"","education-hub-thumb":""},"post_excerpt_stackable_v2":"<p>En su convenio actual, v\u00e1lido hasta fines del 2022, APEX es una colaboraci\u00f3n entre el Instituto Max Planck de Radioastronom\u00eda (MPIfR) en un 55%, el Observatorio Espacial de Onsala (OSO) en un 13% y el Observatorio Austral Europeo (ESO) en un 32% para operar un prototipo de antena de ALMA modificada, como antena \u00fanica, en la altura del llano de Chajnantor. El telescopio fue fabricado por la empresa VERTEX Antennentechnik en Duisburg, Alemania. Chile es el pa\u00eds anfitri\u00f3n y el acuerdo establece que la comunidad cient\u00edfica chilena tiene acceso a 10% del tiempo de observaci\u00f3n disponible. El Instituto Max Planck&hellip;<\/p>\n","category_list_v2":"","author_info_v2":{"name":"apex","url":"https:\/\/www.apex-telescope.org\/ns\/author\/apex\/"},"comments_num_v2":"0 comments","_links":{"self":[{"href":"https:\/\/www.apex-telescope.org\/ns\/wp-json\/wp\/v2\/pages\/2343","targetHints":{"allow":["GET"]}}],"collection":[{"href":"https:\/\/www.apex-telescope.org\/ns\/wp-json\/wp\/v2\/pages"}],"about":[{"href":"https:\/\/www.apex-telescope.org\/ns\/wp-json\/wp\/v2\/types\/page"}],"author":[{"embeddable":true,"href":"https:\/\/www.apex-telescope.org\/ns\/wp-json\/wp\/v2\/users\/1"}],"replies":[{"embeddable":true,"href":"https:\/\/www.apex-telescope.org\/ns\/wp-json\/wp\/v2\/comments?post=2343"}],"version-history":[{"count":19,"href":"https:\/\/www.apex-telescope.org\/ns\/wp-json\/wp\/v2\/pages\/2343\/revisions"}],"predecessor-version":[{"id":5177,"href":"https:\/\/www.apex-telescope.org\/ns\/wp-json\/wp\/v2\/pages\/2343\/revisions\/5177"}],"wp:attachment":[{"href":"https:\/\/www.apex-telescope.org\/ns\/wp-json\/wp\/v2\/media?parent=2343"}],"curies":[{"name":"wp","href":"https:\/\/api.w.org\/{rel}","templated":true}]}}