{"id":2369,"date":"2020-02-22T12:03:40","date_gmt":"2020-02-22T15:03:40","guid":{"rendered":"http:\/\/scidev\/wordpress\/?page_id=2369"},"modified":"2025-07-09T11:34:47","modified_gmt":"2025-07-09T15:34:47","slug":"pagina-web-apex","status":"publish","type":"page","link":"https:\/\/www.apex-telescope.org\/ns\/pagina-web-apex\/","title":{"rendered":"Bienvenidos al sitio web del Experimento Pionero de Atacama (APEX)"},"content":{"rendered":"\n<div class=\"alignnormal\"><div id=\"metaslider-id-3276\" style=\"max-width: 800px;\" class=\"ml-slider-3-27-3 metaslider metaslider-nivo metaslider-3276 ml-slider\">\n    <div id=\"metaslider_container_3276\">\n        <div class='slider-wrapper theme-default'><div class='ribbon'><\/div><div id='metaslider_3276' class='nivoSlider'><a href=\"http:\/\/www.apex-telescope.org\/ns\/es\/historia-del-proyecto-apex\/\" target=\"_self\"><img loading=\"lazy\" decoding=\"async\" src=\"https:\/\/www.apex-telescope.org\/ns\/wp-content\/uploads\/2020\/05\/APEX_Vieira_700x300-1.jpg\" height=\"300\" width=\"800\" data-caption=\"Quince a&ntilde;os explorando los cielos australes sobre el llano de Chajnantor\" title=\"APEX at night\" alt=\"\" class=\"slider-3276 slide-3277\" \/><\/a><img loading=\"lazy\" decoding=\"async\" src=\"https:\/\/www.apex-telescope.org\/ns\/wp-content\/uploads\/2020\/05\/ATLASGAL_excerpt_700x300.jpg\" height=\"300\" width=\"800\" data-caption=\"Produciendo ciencia para saber m&aacute;s sobre nuestra Galaxia y el Universo\" title=\"ATLASGAL_excerpt_700x300\" alt=\"\" class=\"slider-3276 slide-3278\" \/><img loading=\"lazy\" decoding=\"async\" src=\"https:\/\/www.apex-telescope.org\/ns\/wp-content\/uploads\/2020\/05\/IF1_Klein_700x300.jpg\" height=\"300\" width=\"800\" data-caption=\"Instrumentaci&oacute;n de vanguardia en la tecnolog&iacute;a sub-milim&eacute;trica.\" title=\"IF1_Klein_700x300\" alt=\"\" class=\"slider-3276 slide-3279\" \/><\/div><\/div>\n        \n    <\/div>\n<\/div><\/div>\n\n\n\n<p>Bienvenidos al sitio web de APEX. Encontrar\u00e1n aqu\u00ed todo sobre nuestro proyecto y sobre el fant\u00e1stico telescopio de 12 metros que operamos en el norte de Chile. APEX se encuentra en un <a href=\"http:\/\/www.apex-telescope.org\/ns\/es\/ubicacion\/\">lugar privilegiado<\/a>, sobre el llano de Chajnantor, a 5100 m sobre el nivel del mar. A esta altitud, la <a rel=\"noreferrer noopener\" href=\"http:\/\/www.apex-telescope.org\/ns\/es\/clima\/\" target=\"_blank\">atm\u00f3sfera extremadamente seca<\/a> sobre el desierto de Atacama abre una ventana \u00fanica para observar la luz en longitud de onda milim\u00e9trica y sub-milim\u00e9trica. La <a href=\"http:\/\/www.apex-telescope.org\/ns\/es\/instrumentos\/\">instrumentaci\u00f3n vers\u00e1til y de \u00faltima generaci\u00f3n<\/a> que posee APEX <a href=\"http:\/\/www.apex-telescope.org\/ns\/es\/hacer-propuesta\/\">est\u00e1 al servicio<\/a> de los investigadores de todo el mundo, para <a href=\"http:\/\/www.apex-telescope.org\/ns\/es\/ciencia-con-apex\/\">aprender m\u00e1s<\/a> sobre el gas y polvo fr\u00edo en el Universo.<\/p>\n\n\n\n<p><\/p>\n","protected":false},"excerpt":{"rendered":"<p>Bienvenidos al sitio web de APEX. Encontrar\u00e1n aqu\u00ed todo sobre nuestro proyecto y sobre el fant\u00e1stico telescopio de 12 metros que operamos en el norte de Chile. APEX se encuentra en un lugar privilegiado, sobre el llano de Chajnantor, a <a href=\"https:\/\/www.apex-telescope.org\/ns\/pagina-web-apex\/\" class=\"read-more\">Read More &#8230;<\/a><\/p>\n","protected":false},"author":1,"featured_media":0,"parent":0,"menu_order":2,"comment_status":"closed","ping_status":"closed","template":"","meta":{"ngg_post_thumbnail":0,"spay_email":"","footnotes":""},"class_list":["post-2369","page","type-page","status-publish","hentry"],"featured_image_urls":{"full":"","thumbnail":"","medium":"","medium_large":"","large":"","1536x1536":"","2048x2048":"","education-hub-thumb":""},"post_excerpt_stackable":"<p>Bienvenidos al sitio web de APEX. Encontrar\u00e1n aqu\u00ed todo sobre nuestro proyecto y sobre el fant\u00e1stico telescopio de 12 metros que operamos en el norte de Chile. APEX se encuentra en un lugar privilegiado, sobre el llano de Chajnantor, a 5100 m sobre el nivel del mar. A esta altitud, la atm\u00f3sfera extremadamente seca sobre el desierto de Atacama abre una ventana \u00fanica para observar la luz en longitud de onda milim\u00e9trica y sub-milim\u00e9trica. La instrumentaci\u00f3n vers\u00e1til y de \u00faltima generaci\u00f3n que posee APEX est\u00e1 al servicio de los investigadores de todo el mundo, para aprender m\u00e1s sobre el gas&hellip;<\/p>\n","category_list":"","author_info":{"name":"apex","url":"https:\/\/www.apex-telescope.org\/ns\/author\/apex\/"},"comments_num":"0 comments","featured_image_urls_v2":{"full":"","thumbnail":"","medium":"","medium_large":"","large":"","1536x1536":"","2048x2048":"","education-hub-thumb":""},"post_excerpt_stackable_v2":"<p>Bienvenidos al sitio web de APEX. Encontrar\u00e1n aqu\u00ed todo sobre nuestro proyecto y sobre el fant\u00e1stico telescopio de 12 metros que operamos en el norte de Chile. APEX se encuentra en un lugar privilegiado, sobre el llano de Chajnantor, a 5100 m sobre el nivel del mar. A esta altitud, la atm\u00f3sfera extremadamente seca sobre el desierto de Atacama abre una ventana \u00fanica para observar la luz en longitud de onda milim\u00e9trica y sub-milim\u00e9trica. La instrumentaci\u00f3n vers\u00e1til y de \u00faltima generaci\u00f3n que posee APEX est\u00e1 al servicio de los investigadores de todo el mundo, para aprender m\u00e1s sobre el gas&hellip;<\/p>\n","category_list_v2":"","author_info_v2":{"name":"apex","url":"https:\/\/www.apex-telescope.org\/ns\/author\/apex\/"},"comments_num_v2":"0 comments","_links":{"self":[{"href":"https:\/\/www.apex-telescope.org\/ns\/wp-json\/wp\/v2\/pages\/2369","targetHints":{"allow":["GET"]}}],"collection":[{"href":"https:\/\/www.apex-telescope.org\/ns\/wp-json\/wp\/v2\/pages"}],"about":[{"href":"https:\/\/www.apex-telescope.org\/ns\/wp-json\/wp\/v2\/types\/page"}],"author":[{"embeddable":true,"href":"https:\/\/www.apex-telescope.org\/ns\/wp-json\/wp\/v2\/users\/1"}],"replies":[{"embeddable":true,"href":"https:\/\/www.apex-telescope.org\/ns\/wp-json\/wp\/v2\/comments?post=2369"}],"version-history":[{"count":11,"href":"https:\/\/www.apex-telescope.org\/ns\/wp-json\/wp\/v2\/pages\/2369\/revisions"}],"predecessor-version":[{"id":3461,"href":"https:\/\/www.apex-telescope.org\/ns\/wp-json\/wp\/v2\/pages\/2369\/revisions\/3461"}],"wp:attachment":[{"href":"https:\/\/www.apex-telescope.org\/ns\/wp-json\/wp\/v2\/media?parent=2369"}],"curies":[{"name":"wp","href":"https:\/\/api.w.org\/{rel}","templated":true}]}}