{"id":2373,"date":"2020-02-22T12:11:24","date_gmt":"2020-02-22T15:11:24","guid":{"rendered":"http:\/\/scidev\/wordpress\/?page_id=2373"},"modified":"2026-02-09T15:38:13","modified_gmt":"2026-02-09T18:38:13","slug":"el-proyecto","status":"publish","type":"page","link":"https:\/\/www.apex-telescope.org\/ns\/es\/el-proyecto\/","title":{"rendered":"El proyecto APEX"},"content":{"rendered":"\n<p>El acr\u00f3nimo <strong>APEX<\/strong> significa &#8220;Experimento pionero de Atacama&#8221;, por su significado en ingl\u00e9s (Atacama Pathfinder EXperiment). Somos un observatorio internacional, enfocado en la observaci\u00f3n de radiaci\u00f3n milim\u00e9trica y submilim\u00e9trica y estamos emplazados en el llano de Chajnantor, en la cordillera de Los Andes Chilenos. Este es un lugar ideal para este tipo de observaciones, ya que contamos con unas excepcionales <a href=\"http:\/\/www.apex-telescope.org\/ns\/weather\/\">condiciones clim\u00e1ticas<\/a>.<\/p>\n\n\n\n<div style=\"height:50px\" aria-hidden=\"true\" class=\"wp-block-spacer\"><\/div>\n\n\n\n<div class=\"wp-block-image\"><figure class=\"aligncenter size-large\"><img loading=\"lazy\" decoding=\"async\" width=\"768\" height=\"273\" src=\"http:\/\/www.apex-telescope.org\/ns\/wp-content\/uploads\/2020\/07\/APEX_project_overview.jpg\" alt=\"Vista a\u00e9rea del sitio de APEX\" class=\"wp-image-3366\"\/><figcaption>Cr\u00e9dito: Carlos Dur\u00e1n<\/figcaption><\/figure><\/div>\n\n\n\n<div style=\"height:30px\" aria-hidden=\"true\" class=\"wp-block-spacer\"><\/div>\n\n\n\n<p>EL proyecto  APEX es una <a href=\"http:\/\/www.apex-telescope.org\/ns\/es\/colaboracion-apex\/\">colaboraci\u00f3n internacional entre socios de diferentes pa\u00edses europeos<\/a> y ubicado en Chile. El telescopio ha estado en operaciones por m\u00e1s de 15 a\u00f1os y <a href=\"http:\/\/www.apex-telescope.org\/ns\/historia\/\">ha evolucionado desde su construcci\u00f3n<\/a> y puesta en marcha.<\/p>\n\n\n\n<p>Dada la naturaleza experimental del proyecto, <a href=\"http:\/\/www.apex-telescope.org\/ns\/instruments\/\">una gran variedad de instrumentos<\/a> est\u00e1n (y han estado en el pasado) disponibles, algunos de ellos muy vers\u00e1tiles y de uso general y otros de car\u00e1cter m\u00e1s experimental. \u00c9stos, en combinaci\u00f3n con las excelentes <a href=\"http:\/\/www.apex-telescope.org\/ns\/weather\/\">condiciones clim\u00e1ticas<\/a> en el sitio, hacen posible que muchos astr\u00f3nomos alrededor del mundo puedan obtener <a href=\"http:\/\/www.apex-telescope.org\/ns\/apex-data\/\">los datos<\/a> que necesitan para dirigir sus investigaciones en <a href=\"http:\/\/www.apex-telescope.org\/ns\/science\/\">una variedad de temas astron\u00f3micos<\/a>. <\/p>\n\n\n\n<p><\/p>\n","protected":false},"excerpt":{"rendered":"<p>El acr\u00f3nimo APEX significa &#8220;Experimento pionero de Atacama&#8221;, por su significado en ingl\u00e9s (Atacama Pathfinder EXperiment). Somos un observatorio internacional, enfocado en la observaci\u00f3n de radiaci\u00f3n milim\u00e9trica y submilim\u00e9trica y estamos emplazados en el llano de Chajnantor, en la cordillera <a href=\"https:\/\/www.apex-telescope.org\/ns\/es\/el-proyecto\/\" class=\"read-more\">Read More &#8230;<\/a><\/p>\n","protected":false},"author":1,"featured_media":0,"parent":0,"menu_order":0,"comment_status":"closed","ping_status":"closed","template":"","meta":{"ngg_post_thumbnail":0,"spay_email":"","footnotes":""},"class_list":["post-2373","page","type-page","status-publish","hentry"],"featured_image_urls":{"full":"","thumbnail":"","medium":"","medium_large":"","large":"","1536x1536":"","2048x2048":"","education-hub-thumb":""},"post_excerpt_stackable":"<p>El acr\u00f3nimo APEX significa &#8220;Experimento pionero de Atacama&#8221;, por su significado en ingl\u00e9s (Atacama Pathfinder EXperiment). Somos un observatorio internacional, enfocado en la observaci\u00f3n de radiaci\u00f3n milim\u00e9trica y submilim\u00e9trica y estamos emplazados en el llano de Chajnantor, en la cordillera de Los Andes Chilenos. Este es un lugar ideal para este tipo de observaciones, ya que contamos con unas excepcionales condiciones clim\u00e1ticas. Cr\u00e9dito: Carlos Dur\u00e1n EL proyecto APEX es una colaboraci\u00f3n internacional entre socios de diferentes pa\u00edses europeos y ubicado en Chile. El telescopio ha estado en operaciones por m\u00e1s de 15 a\u00f1os y ha evolucionado desde su construcci\u00f3n y&hellip;<\/p>\n","category_list":"","author_info":{"name":"apex","url":"https:\/\/www.apex-telescope.org\/ns\/author\/apex\/"},"comments_num":"0 comments","featured_image_urls_v2":{"full":"","thumbnail":"","medium":"","medium_large":"","large":"","1536x1536":"","2048x2048":"","education-hub-thumb":""},"post_excerpt_stackable_v2":"<p>El acr\u00f3nimo APEX significa &#8220;Experimento pionero de Atacama&#8221;, por su significado en ingl\u00e9s (Atacama Pathfinder EXperiment). Somos un observatorio internacional, enfocado en la observaci\u00f3n de radiaci\u00f3n milim\u00e9trica y submilim\u00e9trica y estamos emplazados en el llano de Chajnantor, en la cordillera de Los Andes Chilenos. Este es un lugar ideal para este tipo de observaciones, ya que contamos con unas excepcionales condiciones clim\u00e1ticas. Cr\u00e9dito: Carlos Dur\u00e1n EL proyecto APEX es una colaboraci\u00f3n internacional entre socios de diferentes pa\u00edses europeos y ubicado en Chile. El telescopio ha estado en operaciones por m\u00e1s de 15 a\u00f1os y ha evolucionado desde su construcci\u00f3n y&hellip;<\/p>\n","category_list_v2":"","author_info_v2":{"name":"apex","url":"https:\/\/www.apex-telescope.org\/ns\/author\/apex\/"},"comments_num_v2":"0 comments","_links":{"self":[{"href":"https:\/\/www.apex-telescope.org\/ns\/wp-json\/wp\/v2\/pages\/2373","targetHints":{"allow":["GET"]}}],"collection":[{"href":"https:\/\/www.apex-telescope.org\/ns\/wp-json\/wp\/v2\/pages"}],"about":[{"href":"https:\/\/www.apex-telescope.org\/ns\/wp-json\/wp\/v2\/types\/page"}],"author":[{"embeddable":true,"href":"https:\/\/www.apex-telescope.org\/ns\/wp-json\/wp\/v2\/users\/1"}],"replies":[{"embeddable":true,"href":"https:\/\/www.apex-telescope.org\/ns\/wp-json\/wp\/v2\/comments?post=2373"}],"version-history":[{"count":8,"href":"https:\/\/www.apex-telescope.org\/ns\/wp-json\/wp\/v2\/pages\/2373\/revisions"}],"predecessor-version":[{"id":3369,"href":"https:\/\/www.apex-telescope.org\/ns\/wp-json\/wp\/v2\/pages\/2373\/revisions\/3369"}],"wp:attachment":[{"href":"https:\/\/www.apex-telescope.org\/ns\/wp-json\/wp\/v2\/media?parent=2373"}],"curies":[{"name":"wp","href":"https:\/\/api.w.org\/{rel}","templated":true}]}}