{"id":2432,"date":"2020-02-22T16:00:16","date_gmt":"2020-02-22T19:00:16","guid":{"rendered":"http:\/\/scidev\/wordpress\/?page_id=2432"},"modified":"2026-02-09T15:58:17","modified_gmt":"2026-02-09T18:58:17","slug":"personal","status":"publish","type":"page","link":"https:\/\/www.apex-telescope.org\/ns\/es\/el-proyecto\/personal\/","title":{"rendered":"Personal"},"content":{"rendered":"\n<div class=\"wp-block-columns has-4-columns is-layout-flex wp-container-core-columns-is-layout-9d6595d7 wp-block-columns-is-layout-flex\">\n<div class=\"wp-block-column is-layout-flow wp-block-column-is-layout-flow\">\n<p class=\"has-text-align-center\"><img loading=\"lazy\" decoding=\"async\" width=\"150\" height=\"117\" class=\"wp-image-3393\" style=\"width: 150px;\" src=\"http:\/\/www.apex-telescope.org\/ns\/wp-content\/uploads\/2020\/07\/signature.jpg\" alt=\"\"><strong><a href=\"#management\">Direcci\u00f3n<\/a><\/strong><\/p>\n<\/div>\n\n\n\n<div class=\"wp-block-column is-layout-flow wp-block-column-is-layout-flow\">\n<p class=\"has-text-align-center\"><img loading=\"lazy\" decoding=\"async\" width=\"150\" height=\"103\" class=\"wp-image-3394\" style=\"width: 150px;\" src=\"http:\/\/www.apex-telescope.org\/ns\/wp-content\/uploads\/2020\/07\/oCeti2.png\" alt=\"\"><strong><a href=\"#sciops\">Operaciones cient\u00edficas<\/a><\/strong><\/p>\n<\/div>\n\n\n\n<div class=\"wp-block-column is-layout-flow wp-block-column-is-layout-flow\">\n<p class=\"has-text-align-center\"><img loading=\"lazy\" decoding=\"async\" width=\"150\" height=\"113\" class=\"wp-image-3395\" style=\"width: 150px;\" src=\"http:\/\/www.apex-telescope.org\/ns\/wp-content\/uploads\/2020\/07\/antenna-cherrypicker-3.jpg\" alt=\"\"><strong><a href=\"#engineering\">Ingenier\u00eda<\/a><\/strong><\/p>\n<\/div>\n\n\n\n<div class=\"wp-block-column is-layout-flow wp-block-column-is-layout-flow\">\n<p class=\"has-text-align-center\"><img loading=\"lazy\" decoding=\"async\" width=\"150\" height=\"113\" class=\"wp-image-3396\" style=\"width: 150px;\" src=\"http:\/\/www.apex-telescope.org\/ns\/wp-content\/uploads\/2020\/07\/terrace.jpg\" alt=\"\"><strong><a href=\"#logistics\">Log\u00edstica<\/a><\/strong><\/p>\n<\/div>\n<\/div>\n\n\n\n<a id=\"management\"><\/a>\n\n\n\n<div style=\"height:100px\" aria-hidden=\"true\" class=\"wp-block-spacer\"><\/div>\n\n\n\n<h2 class=\"wp-block-heading\">Direcci\u00f3n<\/h2>\n\n\n\n<figure class=\"wp-block-table is-style-stripes\"><table><tbody><tr><td><img decoding=\"async\" class=\"wp-image-2612\" style=\"width: 150px;\" src=\"http:\/\/www.apex-telescope.org\/ns\/wp-content\/uploads\/2023\/09\/JP-BN.jpg\" alt=\"Juan Pablo Perez-Beaupuits\"><\/td><td><strong>Juan Pablo Perez-Beaupuits<\/strong><br>Jefe de Estaci\u00f3n<br>Responsable de Seguridad<br><br>Extensi\u00f3n Telef\u00f3nica: 222<\/td><\/tr><\/tbody><\/table><\/figure>\n\n\n\n<a id=\"sciops\"><\/a>\n\n\n\n<div style=\"height:20px\" aria-hidden=\"true\" class=\"wp-block-spacer\"><\/div>\n\n\n\n<h2 class=\"wp-block-heading\">Grupo de Operaciones Cient\u00edficas<\/h2>\n\n\n\n<figure class=\"wp-block-table is-style-stripes\"><table><tbody><tr><\/tr><tr><td><img loading=\"lazy\" decoding=\"async\" width=\"150\" height=\"197\" class=\"wp-image-247\" style=\"width: 150px;\" src=\"http:\/\/www.apex-telescope.org\/ns\/wp-content\/uploads\/2017\/09\/claudio1.jpg\" alt=\"\"><\/td><td class=\"has-text-align-left\" data-align=\"left\"><strong>Claudio Agurto<\/strong><br>Lider de Grupo de Operaciones Cientif\u00edcas<br>Operador de Instrumentos y Telescopio<br>Especialista en Observaci\u00f3n<br><br>Extension Telef\u00f3nica: 225<br>P\u00e1gina Web Personal<br><\/td><\/tr><tr><td><img loading=\"lazy\" decoding=\"async\" width=\"150\" height=\"218\" class=\"wp-image-249\" style=\"width: 150px;\" src=\"http:\/\/www.apex-telescope.org\/ns\/wp-content\/uploads\/2017\/09\/FMA2.jpg\" alt=\"\"><\/td><td class=\"has-text-align-left\" data-align=\"left\"><strong>Felipe Mac-Auliffe<\/strong><br>Operador de Instrumentos y Telescopio<br>Especialista en Observaci\u00f3n<br><br>Extension Telef\u00f3nica: 225<br>P\u00e1gina Web Personal<br><\/td><\/tr><tr><td><img loading=\"lazy\" decoding=\"async\" width=\"150\" height=\"161\" class=\"wp-image-3091\" style=\"width: 150px;\" src=\"http:\/\/www.apex-telescope.org\/ns\/wp-content\/uploads\/2020\/07\/FAZ.png\" alt=\"\"><\/td><td class=\"has-text-align-left\" data-align=\"left\"><strong>Francisco Azagra<\/strong><br>Operador de Instrumentos y Telescopio<br>Especialista en Observaci\u00f3n<br><br>Extension Telef\u00f3nica: 225<br>P\u00e1gina Web Personal<br><\/td><\/tr><tr><td><img loading=\"lazy\" decoding=\"async\" width=\"150\" height=\"173\" class=\"wp-image-2283\" style=\"width: 150px;\" src=\"http:\/\/www.apex-telescope.org\/ns\/wp-content\/uploads\/2020\/02\/mmartinez.png\" alt=\"\"><\/td><td class=\"has-text-align-left\" data-align=\"left\"><strong>Mauricio Mart\u00ednez<\/strong><br>Operador de Instrumentos y Telescopio<br>Especialista en Observaci\u00f3n<br><br>Extension Telef\u00f3nica: 225<br>P\u00e1gina Web Personal<br><\/td><\/tr><tr><td><img decoding=\"async\" class=\"wp-image-3162\" style=\"width: 150px;\" src=\"http:\/\/www.apex-telescope.org\/ns\/wp-content\/uploads\/2017\/09\/MDU.jpg\" alt=\"\"><\/td><td class=\"has-text-align-left\" data-align=\"left\"><strong>Michael Dumke<\/strong><br>Astr\u00f3nomo<br><br>Extensi\u00f3n Telef\u00f3nica: 226<br><a href=\"https:\/\/www.apex-telescope.org\/~mdumke\/\" data-type=\"URL\" data-id=\"https:\/\/www.apex-telescope.org\/~mdumke\/\">P\u00e1gina Web Personal<\/a><br><\/td><\/tr><tr><td><img decoding=\"async\" class=\"wp-image-2283\" style=\"width: 150px;\" src=\"http:\/\/www.apex-telescope.org\/ns\/wp-content\/uploads\/2024\/08\/manuel-merello2.jpg\" alt=\"\"><\/td><td class=\"has-text-align-left\" data-align=\"left\"><strong>Manuel Merello<\/strong><br>Astr\u00f3nomo<br><br>Extension Telef\u00f3nica: 226<br>P\u00e1gina Web Personal<br><\/td><\/tr><\/tbody><\/table><\/figure>\n\n\n\n<a id=\"engineering\"><\/a>\n\n\n\n<div style=\"height:50px\" aria-hidden=\"true\" class=\"wp-block-spacer\"><\/div>\n\n\n\n<h2 class=\"wp-block-heading\">Grupo de Ingenier\u00eda<br><\/h2>\n\n\n\n<figure class=\"wp-block-table is-style-stripes\"><table><tbody><tr><td><img decoding=\"async\" class=\"wp-image-147\" style=\"width: 150px;\" src=\"http:\/\/www.apex-telescope.org\/ns\/wp-content\/uploads\/2020\/05\/Cantzler.png\" alt=\"\"><\/td><td><strong>Michael Cantzler<\/strong><br>Lider de Ingenier\u00eda<br><br>Extensi\u00f3n Telef\u00f3nica: 224<br>P\u00e1gina Web Personal<br><br><\/td><\/tr><tr><td><img loading=\"lazy\" decoding=\"async\" width=\"150\" height=\"184\" class=\"wp-image-3170\" style=\"width: 150px;\" src=\"http:\/\/www.apex-telescope.org\/ns\/wp-content\/uploads\/2020\/07\/PCA.png\" alt=\"\"><\/td><td><strong>Patricio Caro<\/strong><br>Ingeniero Electr\u00f3nico<br><br><br>Extensi\u00f3n Telef\u00f3nica: 227<br>P\u00e1gina Web Personal<br><\/td><\/tr><tr><td><img loading=\"lazy\" decoding=\"async\" width=\"150\" height=\"204\" class=\"wp-image-3163\" style=\"width: 150px;\" src=\"http:\/\/www.apex-telescope.org\/ns\/wp-content\/uploads\/2020\/07\/MCA.jpg\" alt=\"\"><\/td><td><strong>Mauricio C\u00e1rdenas<\/strong><br>Ingeniero de Software<br><br>Extensi\u00f3n Telef\u00f3nica: 223<br>P\u00e1gina Web Personal<br><\/td><\/tr><tr><td><img decoding=\"async\" class=\"wp-image-3162\" style=\"width: 150px;\" src=\"http:\/\/www.apex-telescope.org\/ns\/wp-content\/uploads\/2023\/09\/SJO.jpg\" alt=\"\"><\/td><td><strong>Sebastian Jorquera<\/strong><br>Ingeniero<br><br>Extensi\u00f3n Telef\u00f3nica: 227-228<br>P\u00e1gina Web Personal<br><\/td><\/tr><tr><td><img decoding=\"async\" class=\"wp-image-3162\" style=\"width: 150px;\" src=\"http:\/\/www.apex-telescope.org\/ns\/wp-content\/uploads\/2024\/11\/miguel-pina.jpg\" alt=\"\"><\/td><td><strong>Miguel Pi\u00f1a<\/strong><br>Ingeniero<br><br>Extensi\u00f3n Telef\u00f3nica: 227-228<br>P\u00e1gina Web Personal<br>\n<\/td><\/tr><tr><td><img loading=\"lazy\" decoding=\"async\" width=\"150\" height=\"187\" class=\"wp-image-3169\" style=\"width: 150px;\" src=\"http:\/\/www.apex-telescope.org\/ns\/wp-content\/uploads\/2020\/07\/MNA.png\" alt=\"\"><\/td><td><strong>Marcelo Navarro<\/strong><br>T\u00e9cnico Mec\u00e1nico<br>(OHB)<br><br>Extensi\u00f3n Telef\u00f3nica: 229<br>P\u00e1gina Web Personal<br><br><\/td><\/tr><tr><td><img decoding=\"async\" class=\"wp-image-3169\" style=\"width: 150px;\" src=\"http:\/\/www.apex-telescope.org\/ns\/wp-content\/uploads\/2024\/09\/oscar-vergara.png\" alt=\"\"><\/td><td><strong>Oscar Vergara<\/strong><br>T\u00e9cnico Mec\u00e1nico<br>(OHB)<br><br>Extensi\u00f3n Telef\u00f3nica: 229<br>P\u00e1gina Web Personal<br><br><\/td><\/tr><tr><td><img decoding=\"async\" class=\"wp-image-3169\" style=\"width: 150px;\" src=\"http:\/\/www.apex-telescope.org\/ns\/wp-content\/uploads\/2023\/10\/victor-villablanca.jpeg\" alt=\"\"><\/td><td><strong>Victor Villablanca<\/strong><br>T\u00e9cnico Mec\u00e1nico<br>(OHB)<br><br>Extensi\u00f3n Telef\u00f3nica: 229<br>P\u00e1gina Web Personal<br><br><\/td><td><\/td><\/tr><\/tbody><\/table><\/figure>\n\n\n\n<p><\/p>\n\n\n\n<p><\/p>\n\n\n\n<p><\/p>\n\n\n\n<p><\/p>\n\n\n\n<a id=\"logistics\"><\/a>\n\n\n\n<div style=\"height:50px\" aria-hidden=\"true\" class=\"wp-block-spacer\"><\/div>\n\n\n\n<h2 class=\"wp-block-heading\">Log\u00edstica<\/h2>\n\n\n\n<figure class=\"wp-block-table is-style-stripes\"><table><tbody><tr><td><img loading=\"lazy\" decoding=\"async\" width=\"150\" height=\"200\" class=\"wp-image-3162\" style=\"width: 150px;\" src=\"http:\/\/www.apex-telescope.org\/ns\/wp-content\/uploads\/2020\/07\/Mariano.jpg\" alt=\"\"><\/td><td><strong>Mariano D\u00edaz<\/strong><br>Administrador<br>Responsable de Log\u00edstica<br><br>Extensi\u00f3n Telef\u00f3nica: 221<br>P\u00e1gina Web Personal<br>\n<\/td><\/tr><tr><td><img decoding=\"async\" class=\"wp-image-3162\" style=\"width: 150px;\" src=\"http:\/\/www.apex-telescope.org\/ns\/wp-content\/uploads\/2023\/10\/Edison-Estay.jpeg\" alt=\"\"><\/td><td><strong>Edison Estay<\/strong><br>Chofer (OHB)<br><br><br>Extensi\u00f3n Telef\u00f3nica: <br>P\u00e1gina Web Personal<br>\n<\/td><\/tr><tr><td><img decoding=\"async\" class=\"wp-image-3162\" style=\"width: 150px;\" src=\"http:\/\/www.apex-telescope.org\/ns\/wp-content\/uploads\/2023\/10\/humberto.jpeg\" alt=\"\"><\/td><td><strong>Humberto D\u00e1valos<\/strong><br>Chofer (OHB)<br><br><br>Extensi\u00f3n Telef\u00f3nica: <br>P\u00e1gina Web Personal<br><\/td><\/tr><\/tbody><\/table><\/figure>\n","protected":false},"excerpt":{"rendered":"<p>Direcci\u00f3n Operaciones cient\u00edficas Ingenier\u00eda Log\u00edstica Direcci\u00f3n Juan Pablo Perez-BeaupuitsJefe de Estaci\u00f3nResponsable de Seguridad Extensi\u00f3n Telef\u00f3nica: 222 Grupo de Operaciones Cient\u00edficas Claudio AgurtoLider de Grupo de Operaciones Cientif\u00edcasOperador de Instrumentos y TelescopioEspecialista en Observaci\u00f3n Extension Telef\u00f3nica: 225P\u00e1gina Web Personal Felipe Mac-AuliffeOperador <a href=\"https:\/\/www.apex-telescope.org\/ns\/es\/el-proyecto\/personal\/\" class=\"read-more\">Read More &#8230;<\/a><\/p>\n","protected":false},"author":1,"featured_media":0,"parent":2373,"menu_order":0,"comment_status":"closed","ping_status":"closed","template":"","meta":{"ngg_post_thumbnail":0,"spay_email":"","footnotes":""},"class_list":["post-2432","page","type-page","status-publish","hentry"],"featured_image_urls":{"full":"","thumbnail":"","medium":"","medium_large":"","large":"","1536x1536":"","2048x2048":"","education-hub-thumb":""},"post_excerpt_stackable":"<p>Direcci\u00f3n Operaciones cient\u00edficas Ingenier\u00eda Log\u00edstica Direcci\u00f3n Juan Pablo Perez-BeaupuitsJefe de Estaci\u00f3nResponsable de SeguridadExtensi\u00f3n Telef\u00f3nica: 222 Grupo de Operaciones Cient\u00edficas Claudio AgurtoLider de Grupo de Operaciones Cientif\u00edcasOperador de Instrumentos y TelescopioEspecialista en Observaci\u00f3nExtension Telef\u00f3nica: 225P\u00e1gina Web PersonalFelipe Mac-AuliffeOperador de Instrumentos y TelescopioEspecialista en Observaci\u00f3nExtension Telef\u00f3nica: 225P\u00e1gina Web PersonalFrancisco AzagraOperador de Instrumentos y TelescopioEspecialista en Observaci\u00f3nExtension Telef\u00f3nica: 225P\u00e1gina Web PersonalMauricio Mart\u00ednezOperador de Instrumentos y TelescopioEspecialista en Observaci\u00f3nExtension Telef\u00f3nica: 225P\u00e1gina Web PersonalMichael DumkeAstr\u00f3nomoExtensi\u00f3n Telef\u00f3nica: 226P\u00e1gina Web PersonalManuel MerelloAstr\u00f3nomoExtension Telef\u00f3nica: 226P\u00e1gina Web Personal Grupo de Ingenier\u00eda Michael CantzlerLider de Ingenier\u00edaExtensi\u00f3n Telef\u00f3nica: 224P\u00e1gina Web PersonalPatricio CaroIngeniero Electr\u00f3nicoExtensi\u00f3n Telef\u00f3nica: 227P\u00e1gina Web PersonalMauricio C\u00e1rdenasIngeniero de SoftwareExtensi\u00f3n Telef\u00f3nica:&hellip;<\/p>\n","category_list":"","author_info":{"name":"apex","url":"https:\/\/www.apex-telescope.org\/ns\/author\/apex\/"},"comments_num":"0 comments","featured_image_urls_v2":{"full":"","thumbnail":"","medium":"","medium_large":"","large":"","1536x1536":"","2048x2048":"","education-hub-thumb":""},"post_excerpt_stackable_v2":"<p>Direcci\u00f3n Operaciones cient\u00edficas Ingenier\u00eda Log\u00edstica Direcci\u00f3n Juan Pablo Perez-BeaupuitsJefe de Estaci\u00f3nResponsable de SeguridadExtensi\u00f3n Telef\u00f3nica: 222 Grupo de Operaciones Cient\u00edficas Claudio AgurtoLider de Grupo de Operaciones Cientif\u00edcasOperador de Instrumentos y TelescopioEspecialista en Observaci\u00f3nExtension Telef\u00f3nica: 225P\u00e1gina Web PersonalFelipe Mac-AuliffeOperador de Instrumentos y TelescopioEspecialista en Observaci\u00f3nExtension Telef\u00f3nica: 225P\u00e1gina Web PersonalFrancisco AzagraOperador de Instrumentos y TelescopioEspecialista en Observaci\u00f3nExtension Telef\u00f3nica: 225P\u00e1gina Web PersonalMauricio Mart\u00ednezOperador de Instrumentos y TelescopioEspecialista en Observaci\u00f3nExtension Telef\u00f3nica: 225P\u00e1gina Web PersonalMichael DumkeAstr\u00f3nomoExtensi\u00f3n Telef\u00f3nica: 226P\u00e1gina Web PersonalManuel MerelloAstr\u00f3nomoExtension Telef\u00f3nica: 226P\u00e1gina Web Personal Grupo de Ingenier\u00eda Michael CantzlerLider de Ingenier\u00edaExtensi\u00f3n Telef\u00f3nica: 224P\u00e1gina Web PersonalPatricio CaroIngeniero Electr\u00f3nicoExtensi\u00f3n Telef\u00f3nica: 227P\u00e1gina Web PersonalMauricio C\u00e1rdenasIngeniero de SoftwareExtensi\u00f3n Telef\u00f3nica:&hellip;<\/p>\n","category_list_v2":"","author_info_v2":{"name":"apex","url":"https:\/\/www.apex-telescope.org\/ns\/author\/apex\/"},"comments_num_v2":"0 comments","_links":{"self":[{"href":"https:\/\/www.apex-telescope.org\/ns\/wp-json\/wp\/v2\/pages\/2432","targetHints":{"allow":["GET"]}}],"collection":[{"href":"https:\/\/www.apex-telescope.org\/ns\/wp-json\/wp\/v2\/pages"}],"about":[{"href":"https:\/\/www.apex-telescope.org\/ns\/wp-json\/wp\/v2\/types\/page"}],"author":[{"embeddable":true,"href":"https:\/\/www.apex-telescope.org\/ns\/wp-json\/wp\/v2\/users\/1"}],"replies":[{"embeddable":true,"href":"https:\/\/www.apex-telescope.org\/ns\/wp-json\/wp\/v2\/comments?post=2432"}],"version-history":[{"count":46,"href":"https:\/\/www.apex-telescope.org\/ns\/wp-json\/wp\/v2\/pages\/2432\/revisions"}],"predecessor-version":[{"id":4865,"href":"https:\/\/www.apex-telescope.org\/ns\/wp-json\/wp\/v2\/pages\/2432\/revisions\/4865"}],"up":[{"embeddable":true,"href":"https:\/\/www.apex-telescope.org\/ns\/wp-json\/wp\/v2\/pages\/2373"}],"wp:attachment":[{"href":"https:\/\/www.apex-telescope.org\/ns\/wp-json\/wp\/v2\/media?parent=2432"}],"curies":[{"name":"wp","href":"https:\/\/api.w.org\/{rel}","templated":true}]}}