{"id":2439,"date":"2020-02-22T16:39:25","date_gmt":"2020-02-22T19:39:25","guid":{"rendered":"http:\/\/scidev\/wordpress\/?page_id=2439"},"modified":"2024-06-20T05:02:45","modified_gmt":"2024-06-20T09:02:45","slug":"observando-con-apex","status":"publish","type":"page","link":"https:\/\/www.apex-telescope.org\/ns\/es\/el-telescopio\/observando-con-apex\/","title":{"rendered":"Observando con APEX"},"content":{"rendered":"\n<p>Si quieres usar APEX para tu investigaci\u00f3n, considera los siguientes puntos:<\/p>\n\n\n\n<div class=\"wp-block-ugb-icon-list ugb-icon-list ugb-72f9f43 ugb-icon-list--v2 ugb-icon--icon-star ugb-main-block\" id=\"\"><style>.ugb-72f9f43 li{--icon-size:20px;margin-bottom:16px !important}.ugb-72f9f43 li::before{height:20px !important;width:20px !important;background-image:url('data:image\/svg+xml;base64,PHN2ZyB2aWV3Qm94PSIwIDAgMTkwIDE5MCIgeG1sbnM9Imh0dHA6Ly93d3cudzMub3JnLzIwMDAvc3ZnIiBzdHlsZT0iZmlsbDojZmY2OTAwIj48cGF0aCBkPSJNOTUuNCA2LjNsMjkuMiA1OCA2NC4yIDkuOS00Ni4yIDQ1LjcgMTAuNSA2NC4xLTU3LjctMjkuOEwzNy42IDE4NGwxMC41LTY0LjFMMiA3NC4ybDY0LjItOS45eiI+PC9wYXRoPjwvc3ZnPg==')}.ugb-72f9f43 li ul{margin-bottom:16px !important}.ugb-72f9f43.ugb-icon-list ul{columns:1}<\/style><div class=\"ugb-inner-block\"><div class=\"ugb-block-content\"><ul><li>Inf\u00f3rmate sobre las caracter\u00edsticas del <a href=\"http:\/\/www.apex-telescope.org\/ns\/es\/el-telescopio\/\">telescopio<\/a> y de la  <a href=\"http:\/\/www.apex-telescope.org\/ns\/es\/instrumentos\/\">instrumentaci\u00f3n disponible<\/a> para ver si son apropiadas para tu proyecto de investigaci\u00f3n.<\/li><li>Cada propuesta debe ir acompa\u00f1ada por una estimaci\u00f3n del tiempo de observaci\u00f3n necesario para completar el proyecto, en funci\u00f3n de la sensibilidad requerida y de las caracter\u00edsticas del instrumento. Para ayudar con la planificaci\u00f3n puedes visitar nuestra <a href=\"http:\/\/www.apex-telescope.org\/ns\/es\/clima\/#atm-tran-calculator\">herramienta de transmisi\u00f3n atmosf\u00e9rica<\/a> y la <a href=\"http:\/\/www.apex-telescope.org\/ns\/observing-time-calculators\/\">calculadora de tiempo de observaci\u00f3n<\/a> (en ingl\u00e9s) para los diferentes <a href=\"http:\/\/www.apex-telescope.org\/ns\/es\/instrumentos\/\">instrumentos<\/a>.<\/li><li>Verifica el reglamento y las fechas para la <a href=\"http:\/\/www.apex-telescope.org\/ns\/proposing\/\">entrega de propuestas<\/a>, dependiendo de la instituci\u00f3n a trav\u00e9s de la cual solicites tiempo.<\/li><li>Verifica el <a href=\"http:\/\/www.apex-telescope.org\/ns\/science-schedule\/\">calendario anual de operaciones<\/a> con la distribuci\u00f3n de tiempo asignado a cada instituci\u00f3n.<\/li><li>Las observaciones en APEX se hacen en modo servicio y con el apoyo de astr\u00f3nomos visitantes de cada instituci\u00f3n participante en el proyecto. Si tienes dudas, por favor <a href=\"http:\/\/www.apex-telescope.org\/ns\/send-us-a-message\/\">contacta al l\u00edder de operaciones cient\u00edficas<\/a>.<\/li><li>Una vez que tu propuesta es aceptada, necesitas <a href=\"http:\/\/www.apex-telescope.org\/ns\/observing-run\/\">preparar la observaci\u00f3n<\/a>. Esto b\u00e1sicamente significa que hacer llegar al personal de APEX toda la informaci\u00f3n necesaria para llevar a cabo tus observaciones de manera exitosa. Esto incluye las coordenadas de las fuentes, las configuraciones de los receptores a usar, posibles fuentes de apuntado o calibraci\u00f3n, modos de observaci\u00f3n, etc.<\/li><li>Obt\u00e9n informaci\u00f3n <a href=\"http:\/\/www.apex-telescope.org\/ns\/apex-data\/\">respecto a los datos de APEX<\/a>, incluyendo formatos, software de reducci\u00f3n y acceso a los datos archivados en el archivo general de ESO.<\/li><li>Si vienes a APEX para colaborar como astr\u00f3nomo de soporte visitante, ded\u00edcale al final de tu visita unos minutos a evaluar tu misi\u00f3n de observaci\u00f3n en APEX, usando nuestro <a rel=\"noreferrer noopener\" href=\"https:\/\/forms.office.com\/Pages\/ResponsePage.aspx?id=xQHmRJmJbU6FrZTpRnfWzycZhgkXoydBmtM3qVcje_lUQUJCNkVBWTI4TUFHRDhOUTQ4RkVVN04wSi4u\" target=\"_blank\">formulario de fin de misi\u00f3n<\/a> (en ingl\u00e9s). \u00a1Valoramos tu opini\u00f3n!<\/li><\/ul><\/div><\/div><\/div>\n\n\n\n<p><\/p>\n","protected":false},"excerpt":{"rendered":"<p>Si quieres usar APEX para tu investigaci\u00f3n, considera los siguientes puntos: Inf\u00f3rmate sobre las caracter\u00edsticas del telescopio y de la instrumentaci\u00f3n disponible para ver si son apropiadas para tu proyecto de investigaci\u00f3n. Cada propuesta debe ir acompa\u00f1ada por una estimaci\u00f3n <a href=\"https:\/\/www.apex-telescope.org\/ns\/es\/el-telescopio\/observando-con-apex\/\" class=\"read-more\">Read More &#8230;<\/a><\/p>\n","protected":false},"author":1,"featured_media":0,"parent":2444,"menu_order":0,"comment_status":"closed","ping_status":"closed","template":"","meta":{"ngg_post_thumbnail":0,"spay_email":"","footnotes":""},"class_list":["post-2439","page","type-page","status-publish","hentry"],"featured_image_urls":{"full":"","thumbnail":"","medium":"","medium_large":"","large":"","1536x1536":"","2048x2048":"","education-hub-thumb":""},"post_excerpt_stackable":"<p>Si quieres usar APEX para tu investigaci\u00f3n, considera los siguientes puntos: Inf\u00f3rmate sobre las caracter\u00edsticas del telescopio y de la instrumentaci\u00f3n disponible para ver si son apropiadas para tu proyecto de investigaci\u00f3n.Cada propuesta debe ir acompa\u00f1ada por una estimaci\u00f3n del tiempo de observaci\u00f3n necesario para completar el proyecto, en funci\u00f3n de la sensibilidad requerida y de las caracter\u00edsticas del instrumento. Para ayudar con la planificaci\u00f3n puedes visitar nuestra herramienta de transmisi\u00f3n atmosf\u00e9rica y la calculadora de tiempo de observaci\u00f3n (en ingl\u00e9s) para los diferentes instrumentos.Verifica el reglamento y las fechas para la entrega de propuestas, dependiendo de la instituci\u00f3n a&hellip;<\/p>\n","category_list":"","author_info":{"name":"apex","url":"https:\/\/www.apex-telescope.org\/ns\/author\/apex\/"},"comments_num":"0 comments","featured_image_urls_v2":{"full":"","thumbnail":"","medium":"","medium_large":"","large":"","1536x1536":"","2048x2048":"","education-hub-thumb":""},"post_excerpt_stackable_v2":"<p>Si quieres usar APEX para tu investigaci\u00f3n, considera los siguientes puntos: Inf\u00f3rmate sobre las caracter\u00edsticas del telescopio y de la instrumentaci\u00f3n disponible para ver si son apropiadas para tu proyecto de investigaci\u00f3n.Cada propuesta debe ir acompa\u00f1ada por una estimaci\u00f3n del tiempo de observaci\u00f3n necesario para completar el proyecto, en funci\u00f3n de la sensibilidad requerida y de las caracter\u00edsticas del instrumento. Para ayudar con la planificaci\u00f3n puedes visitar nuestra herramienta de transmisi\u00f3n atmosf\u00e9rica y la calculadora de tiempo de observaci\u00f3n (en ingl\u00e9s) para los diferentes instrumentos.Verifica el reglamento y las fechas para la entrega de propuestas, dependiendo de la instituci\u00f3n a&hellip;<\/p>\n","category_list_v2":"","author_info_v2":{"name":"apex","url":"https:\/\/www.apex-telescope.org\/ns\/author\/apex\/"},"comments_num_v2":"0 comments","_links":{"self":[{"href":"https:\/\/www.apex-telescope.org\/ns\/wp-json\/wp\/v2\/pages\/2439","targetHints":{"allow":["GET"]}}],"collection":[{"href":"https:\/\/www.apex-telescope.org\/ns\/wp-json\/wp\/v2\/pages"}],"about":[{"href":"https:\/\/www.apex-telescope.org\/ns\/wp-json\/wp\/v2\/types\/page"}],"author":[{"embeddable":true,"href":"https:\/\/www.apex-telescope.org\/ns\/wp-json\/wp\/v2\/users\/1"}],"replies":[{"embeddable":true,"href":"https:\/\/www.apex-telescope.org\/ns\/wp-json\/wp\/v2\/comments?post=2439"}],"version-history":[{"count":4,"href":"https:\/\/www.apex-telescope.org\/ns\/wp-json\/wp\/v2\/pages\/2439\/revisions"}],"predecessor-version":[{"id":3412,"href":"https:\/\/www.apex-telescope.org\/ns\/wp-json\/wp\/v2\/pages\/2439\/revisions\/3412"}],"up":[{"embeddable":true,"href":"https:\/\/www.apex-telescope.org\/ns\/wp-json\/wp\/v2\/pages\/2444"}],"wp:attachment":[{"href":"https:\/\/www.apex-telescope.org\/ns\/wp-json\/wp\/v2\/media?parent=2439"}],"curies":[{"name":"wp","href":"https:\/\/api.w.org\/{rel}","templated":true}]}}