{"id":2464,"date":"2020-02-23T11:51:54","date_gmt":"2020-02-23T14:51:54","guid":{"rendered":"http:\/\/scidev\/wordpress\/?page_id=2464"},"modified":"2020-07-16T19:10:29","modified_gmt":"2020-07-16T23:10:29","slug":"instrumentos","status":"publish","type":"page","link":"https:\/\/www.apex-telescope.org\/ns\/es\/instrumentos\/","title":{"rendered":"Instrumentaci\u00f3n"},"content":{"rendered":"\n<p>El programa de instrumentaci\u00f3n de APEX satisface la necesidad de tener un banco de pruebas para el desarrollo de equipamiento de vanguardia y al mismo tiempo la provisi\u00f3n de instrumentos de uso general, para cubrir una gran variedad de necesidades cient\u00edficas. Por tanto estos \u00faltimos poseen m\u00faltiples prestaciones, mientras que la instrumentaci\u00f3n PI est\u00e1 usualmente enfocada en experimentar con nuevas tecnolog\u00edas.<\/p>\n\n\n<h2 id=\"tablepress-3-name\" class=\"tablepress-table-name tablepress-table-name-id-3\">Resumen de la instrumentaci\u00f3n<\/h2>\n\n<table id=\"tablepress-3\" class=\"tablepress tablepress-id-3\" aria-labelledby=\"tablepress-3-name\">\n<thead>\n<tr class=\"row-1\">\n\t<th class=\"column-1\">Instrumento<br \/>\n(FE\/BE)<\/th><th class=\"column-2\">Tipo<\/th><th class=\"column-3\">Frec<br \/>\n[GHz]<\/th><th class=\"column-4\">HPBW <br \/>\n(arcsec)<\/th><th class=\"column-5\">Rango IF <br \/>\n[GHz]<\/th><th class=\"column-6\">Elementos<\/th><th class=\"column-7\">Polarizaci\u00f3n<\/th><th class=\"column-8\">Cabina<\/th><th class=\"column-9\">Estado<\/th><th class=\"column-10\">Notas<\/th>\n<\/tr>\n<\/thead>\n<tbody>\n<tr class=\"row-2\">\n\t<td class=\"column-1\"><strong><a href=\"http:\/\/www.apex-telescope.org\/ns\/nflash\/\">nFLASH230<\/a><\/strong><br \/>\nFFTS1<\/td><td class=\"column-2\">Heterodino SIS (2BU)<\/td><td class=\"column-3\">200-270<\/td><td class=\"column-4\">31-23<\/td><td class=\"column-5\">4-12<\/td><td class=\"column-6\">1<\/td><td class=\"column-7\">Doble<\/td><td class=\"column-8\">A<\/td><td class=\"column-9\">NO<\/td><td class=\"column-10\">Inst. 2019 Q3<\/td>\n<\/tr>\n<tr class=\"row-3\">\n\t<td class=\"column-1\"><strong><a href=\"http:\/\/www.apex-telescope.org\/ns\/instruments\/sepia\/\">SEPIA345<\/a><\/strong><br \/>\nFFTS1<\/td><td class=\"column-2\">Heterodino SIS (2SB)<\/td><td class=\"column-3\">272-376<\/td><td class=\"column-4\">23-17<\/td><td class=\"column-5\">4-12<\/td><td class=\"column-6\">1<\/td><td class=\"column-7\">Doble<\/td><td class=\"column-8\">A<\/td><td class=\"column-9\">NO<\/td><td class=\"column-10\">Inst. 2019 Q3<\/td>\n<\/tr>\n<tr class=\"row-4\">\n\t<td class=\"column-1\"><strong><a href=\"http:\/\/www.apex-telescope.org\/ns\/laboca\/\">LABOCA<\/a><\/strong><br \/>\nABBA<\/td><td class=\"column-2\">Matriz de bol\u00f3metros<\/td><td class=\"column-3\">345<\/td><td class=\"column-4\">19<\/td><td class=\"column-5\"><\/td><td class=\"column-6\">295<\/td><td class=\"column-7\"><\/td><td class=\"column-8\">C<\/td><td class=\"column-9\">OK<\/td><td class=\"column-10\"><\/td>\n<\/tr>\n<tr class=\"row-5\">\n\t<td class=\"column-1\"><strong><a href=\"http:\/\/www.apex-telescope.org\/ns\/nflash\/\">nFLASH460<\/a><\/strong><br \/>\nFFTS4G<\/td><td class=\"column-2\">Heterodino SIS (2SB)<\/td><td class=\"column-3\">385-506<\/td><td class=\"column-4\">17-13<\/td><td class=\"column-5\">4-12<\/td><td class=\"column-6\">1<\/td><td class=\"column-7\">Doble<\/td><td class=\"column-8\">A<\/td><td class=\"column-9\">NO<\/td><td class=\"column-10\">Inst. 2019 Q3<\/td>\n<\/tr>\n<tr class=\"row-6\">\n\t<td class=\"column-1\"><strong><a href=\"http:\/\/www.apex-telescope.org\/ns\/instruments\/sepia\/\">SEPIA660<\/a><\/strong><br \/>\nFFTS1<\/td><td class=\"column-2\">Heterodino SIS (2SB)<\/td><td class=\"column-3\">578-738<\/td><td class=\"column-4\">10-9<\/td><td class=\"column-5\">4-12<\/td><td class=\"column-6\">1<\/td><td class=\"column-7\">Doble<\/td><td class=\"column-8\">A<\/td><td class=\"column-9\">OK<\/td><td class=\"column-10\"><\/td>\n<\/tr>\n<tr class=\"row-7\">\n\t<td class=\"column-1\"><\/td><td class=\"column-2\"><\/td><td class=\"column-3\"><\/td><td class=\"column-4\"><\/td><td class=\"column-5\"><\/td><td class=\"column-6\"><\/td><td class=\"column-7\"><\/td><td class=\"column-8\"><\/td><td class=\"column-9\"><\/td><td class=\"column-10\"><\/td>\n<\/tr>\n<\/tbody>\n<\/table>\n\n\n\n<div style=\"height:30px\" aria-hidden=\"true\" class=\"wp-block-spacer\"><\/div>\n\n\n<h2 id=\"tablepress-7-name\" class=\"tablepress-table-name tablepress-table-name-id-7\">Resumen de la instrumentaci\u00f3n PI<\/h2>\n\n<table id=\"tablepress-7\" class=\"tablepress tablepress-id-7\" aria-labelledby=\"tablepress-7-name\">\n<thead>\n<tr class=\"row-1\">\n\t<th class=\"column-1\">Instrumento<br \/>\n(FE\/BE)<\/th><th class=\"column-2\">Tipo<\/th><th class=\"column-3\">Frec [GHz]<\/th><th class=\"column-4\">HPBW (arcsec)<\/th><th class=\"column-5\">Rango IF [GHz]<\/th><th class=\"column-6\">Elementos<\/th><th class=\"column-7\">Pol<\/th><th class=\"column-8\">Cabina<\/th><th class=\"column-9\">Estado<\/th><th class=\"column-10\">Notas<\/th>\n<\/tr>\n<\/thead>\n<tbody>\n<tr class=\"row-2\">\n\t<td class=\"column-1\"><strong><a href=\"http:\/\/www.apex-telescope.org\/ns\/sepia\/\">SEPIA180<\/a><\/strong><br \/>\nFFTS1<\/td><td class=\"column-2\">Heterodino SIS (2SB)<\/td><td class=\"column-3\">157-211<\/td><td class=\"column-4\">39-31<\/td><td class=\"column-5\">4-8<\/td><td class=\"column-6\">1<\/td><td class=\"column-7\">Dual<\/td><td class=\"column-8\">A<\/td><td class=\"column-9\">OK<\/td><td class=\"column-10\"><\/td>\n<\/tr>\n<tr class=\"row-3\">\n\t<td class=\"column-1\"><strong><a href=\"http:\/\/www.apex-telescope.org\/ns\/instruments\/pi230\/\">PI230<\/a><\/strong><br \/>\nFFTS4G<\/td><td class=\"column-2\">Heterodino SIS (2SB)<\/td><td class=\"column-3\">200-270<\/td><td class=\"column-4\">31-23<\/td><td class=\"column-5\">4-12<\/td><td class=\"column-6\">1<\/td><td class=\"column-7\">Simple<\/td><td class=\"column-8\">B<\/td><td class=\"column-9\">OK<\/td><td class=\"column-10\">Doble polarizaci\u00f3n antes de 2020.<\/td>\n<\/tr>\n<tr class=\"row-4\">\n\t<td class=\"column-1\"><strong>LASMA<\/strong><br \/>\nFTTS4G<\/td><td class=\"column-2\">Heterodino SIS (2SB ) matriz<\/td><td class=\"column-3\">268-375<\/td><td class=\"column-4\">23-17<\/td><td class=\"column-5\">4-8<\/td><td class=\"column-6\">7<\/td><td class=\"column-7\">Simple<\/td><td class=\"column-8\">B<\/td><td class=\"column-9\">OK<\/td><td class=\"column-10\"><\/td>\n<\/tr>\n<tr class=\"row-5\">\n\t<td class=\"column-1\"><strong><a href=\"http:\/\/www.apex-telescope.org\/ns\/artemis\/\">ARTEMIS450<\/a><\/strong><br \/>\nBEAR<\/td><td class=\"column-2\">Matriz de bol\u00f3metros<\/td><td class=\"column-3\">666 (450 \u03bcm)<\/td><td class=\"column-4\">9<\/td><td class=\"column-5\"><\/td><td class=\"column-6\">2300<\/td><td class=\"column-7\"><\/td><td class=\"column-8\">C<\/td><td class=\"column-9\">OK<\/td><td class=\"column-10\">Doble color junto con ARTEMIS350<\/td>\n<\/tr>\n<tr class=\"row-6\">\n\t<td class=\"column-1\"><strong><a href=\"http:\/\/www.apex-telescope.org\/ns\/artemis\/\">ARTEMIS350<\/a><\/strong><br \/>\nBEAR<\/td><td class=\"column-2\">Matriz de bol\u00f3metros<\/td><td class=\"column-3\">856 (350 \u03bcm)<\/td><td class=\"column-4\">7<\/td><td class=\"column-5\"><\/td><td class=\"column-6\">2300<\/td><td class=\"column-7\"><\/td><td class=\"column-8\">C<\/td><td class=\"column-9\">OK<\/td><td class=\"column-10\">Doble color junto con ARTEMIS450<\/td>\n<\/tr>\n<tr class=\"row-7\">\n\t<td class=\"column-1\"><strong><a href=\"http:\/\/www.apex-telescope.org\/ns\/instruments\/champ\/\">CHAMP690<\/a><\/strong><br \/>\nFFTS4G<\/td><td class=\"column-2\">Matriz de Hetetodinos SIS (DSB) <\/td><td class=\"column-3\">620-720<\/td><td class=\"column-4\">9-7<\/td><td class=\"column-5\">4-8<\/td><td class=\"column-6\">7<\/td><td class=\"column-7\">Simple<\/td><td class=\"column-8\">B<\/td><td class=\"column-9\">NO<\/td><td class=\"column-10\">Doble color junto con CHAMP810<\/td>\n<\/tr>\n<tr class=\"row-8\">\n\t<td class=\"column-1\"><strong><a href=\"http:\/\/www.apex-telescope.org\/ns\/instruments\/champ\/\">CHAMP810<\/a><\/strong><br \/>\nFFTS4G<\/td><td class=\"column-2\">Matriz de Heterodinos SIS (DSB)<\/td><td class=\"column-3\">780-850<\/td><td class=\"column-4\">7-6<\/td><td class=\"column-5\">4-8<\/td><td class=\"column-6\">7<\/td><td class=\"column-7\">Simple<\/td><td class=\"column-8\">B<\/td><td class=\"column-9\">NO<\/td><td class=\"column-10\">Doble color junto con CHAMP690<\/td>\n<\/tr>\n<\/tbody>\n<\/table>\n\n\n\n<h3 class=\"wp-block-heading\">Instrumentos anteriores o visitantes<\/h3>\n\n\n\n<p>Puede revisar aqu\u00ed la <a href=\"http:\/\/www.apex-telescope.org\/ns\/past-instruments\/\">lista de instrumentos<\/a> (ingl\u00e9s) ya decomisionados y la lista de instrumentos visitantes que no han sido instalados permanentemente en APEX.<\/p>\n","protected":false},"excerpt":{"rendered":"<p>El programa de instrumentaci\u00f3n de APEX satisface la necesidad de tener un banco de pruebas para el desarrollo de equipamiento de vanguardia y al mismo tiempo la provisi\u00f3n de instrumentos de uso general, para cubrir una gran variedad de necesidades <a href=\"https:\/\/www.apex-telescope.org\/ns\/es\/instrumentos\/\" class=\"read-more\">Read More &#8230;<\/a><\/p>\n","protected":false},"author":1,"featured_media":0,"parent":0,"menu_order":0,"comment_status":"closed","ping_status":"closed","template":"","meta":{"ngg_post_thumbnail":0,"spay_email":"","footnotes":""},"class_list":["post-2464","page","type-page","status-publish","hentry"],"featured_image_urls":{"full":"","thumbnail":"","medium":"","medium_large":"","large":"","1536x1536":"","2048x2048":"","education-hub-thumb":""},"post_excerpt_stackable":"<p>El programa de instrumentaci\u00f3n de APEX satisface la necesidad de tener un banco de pruebas para el desarrollo de equipamiento de vanguardia y al mismo tiempo la provisi\u00f3n de instrumentos de uso general, para cubrir una gran variedad de necesidades cient\u00edficas. Por tanto estos \u00faltimos poseen m\u00faltiples prestaciones, mientras que la instrumentaci\u00f3n PI est\u00e1 usualmente enfocada en experimentar con nuevas tecnolog\u00edas. Resumen de la instrumentaci\u00f3n Instrumento (FE\/BE)TipoFrec [GHz]HPBW (arcsec)Rango IF [GHz]ElementosPolarizaci\u00f3nCabinaEstadoNotas nFLASH230 FFTS1Heterodino SIS (2BU)200-27031-234-121DobleANOInst. 2019 Q3 SEPIA345 FFTS1Heterodino SIS (2SB)272-37623-174-121DobleANOInst. 2019 Q3 LABOCA ABBAMatriz de bol\u00f3metros34519295COK nFLASH460 FFTS4GHeterodino SIS (2SB)385-50617-134-121DobleANOInst. 2019 Q3 SEPIA660 FFTS1Heterodino SIS (2SB)578-73810-94-121DobleAOK Resumen de la&hellip;<\/p>\n","category_list":"","author_info":{"name":"apex","url":"https:\/\/www.apex-telescope.org\/ns\/author\/apex\/"},"comments_num":"0 comments","featured_image_urls_v2":{"full":"","thumbnail":"","medium":"","medium_large":"","large":"","1536x1536":"","2048x2048":"","education-hub-thumb":""},"post_excerpt_stackable_v2":"<p>El programa de instrumentaci\u00f3n de APEX satisface la necesidad de tener un banco de pruebas para el desarrollo de equipamiento de vanguardia y al mismo tiempo la provisi\u00f3n de instrumentos de uso general, para cubrir una gran variedad de necesidades cient\u00edficas. Por tanto estos \u00faltimos poseen m\u00faltiples prestaciones, mientras que la instrumentaci\u00f3n PI est\u00e1 usualmente enfocada en experimentar con nuevas tecnolog\u00edas. Resumen de la instrumentaci\u00f3n Instrumento (FE\/BE)TipoFrec [GHz]HPBW (arcsec)Rango IF [GHz]ElementosPolarizaci\u00f3nCabinaEstadoNotas nFLASH230 FFTS1Heterodino SIS (2BU)200-27031-234-121DobleANOInst. 2019 Q3 SEPIA345 FFTS1Heterodino SIS (2SB)272-37623-174-121DobleANOInst. 2019 Q3 LABOCA ABBAMatriz de bol\u00f3metros34519295COK nFLASH460 FFTS4GHeterodino SIS (2SB)385-50617-134-121DobleANOInst. 2019 Q3 SEPIA660 FFTS1Heterodino SIS (2SB)578-73810-94-121DobleAOK Resumen de la&hellip;<\/p>\n","category_list_v2":"","author_info_v2":{"name":"apex","url":"https:\/\/www.apex-telescope.org\/ns\/author\/apex\/"},"comments_num_v2":"0 comments","_links":{"self":[{"href":"https:\/\/www.apex-telescope.org\/ns\/wp-json\/wp\/v2\/pages\/2464","targetHints":{"allow":["GET"]}}],"collection":[{"href":"https:\/\/www.apex-telescope.org\/ns\/wp-json\/wp\/v2\/pages"}],"about":[{"href":"https:\/\/www.apex-telescope.org\/ns\/wp-json\/wp\/v2\/types\/page"}],"author":[{"embeddable":true,"href":"https:\/\/www.apex-telescope.org\/ns\/wp-json\/wp\/v2\/users\/1"}],"replies":[{"embeddable":true,"href":"https:\/\/www.apex-telescope.org\/ns\/wp-json\/wp\/v2\/comments?post=2464"}],"version-history":[{"count":6,"href":"https:\/\/www.apex-telescope.org\/ns\/wp-json\/wp\/v2\/pages\/2464\/revisions"}],"predecessor-version":[{"id":3459,"href":"https:\/\/www.apex-telescope.org\/ns\/wp-json\/wp\/v2\/pages\/2464\/revisions\/3459"}],"wp:attachment":[{"href":"https:\/\/www.apex-telescope.org\/ns\/wp-json\/wp\/v2\/media?parent=2464"}],"curies":[{"name":"wp","href":"https:\/\/api.w.org\/{rel}","templated":true}]}}