{"id":2472,"date":"2020-02-23T15:42:47","date_gmt":"2020-02-23T18:42:47","guid":{"rendered":"http:\/\/scidev\/wordpress\/?page_id=2472"},"modified":"2026-02-09T17:19:06","modified_gmt":"2026-02-09T20:19:06","slug":"contact-2","status":"publish","type":"page","link":"https:\/\/www.apex-telescope.org\/ns\/es\/contact-2\/","title":{"rendered":"Contacto"},"content":{"rendered":"\n<div class=\"wp-block-ugb-feature-grid ugb-feature-grid ugb-3f5ab87 ugb-feature-grid--v2 ugb-feature-grid--columns-3 ugb-feature-grid--design-basic ugb-main-block\" id=\"\"><style>.ugb-3f5ab87 .ugb-feature-grid__item{border-radius:24px !important}.ugb-3f5ab87 .ugb-img{width:94px;height:auto !important}.ugb-3f5ab87 .ugb-button{border-radius:27px !important}.ugb-3f5ab87 .ugb-button:before{border-radius:27px !important}<\/style><div class=\"ugb-inner-block\"><div class=\"ugb-block-content\"><div class=\"ugb-feature-grid__item ugb-feature-grid__item1 ugb--shadow-3\"><div class=\"ugb-feature-grid__image\"><img decoding=\"async\" class=\"ugb-img wp-image-3441\" src=\"http:\/\/www.apex-telescope.org\/ns\/wp-content\/uploads\/2020\/07\/icons8-composing-mail-100.png\" alt=\"Send us a message\" width=\"94\"\/><\/div><div class=\"ugb-feature-grid__content\"><h5 class=\"ugb-feature-grid__title\">Env\u00edanos un mensaje<\/h5><div class=\"ugb-button-container\"><a class=\"ugb-button ugb-button--size-normal\" href=\"http:\/\/www.apex-telescope.org\/ns\/es\/envianos-un-mensaje\/\" rel=\"\"><span class=\"ugb-button--inner\">Formulario<\/span><\/a><\/div><\/div><\/div><div class=\"ugb-feature-grid__item ugb-feature-grid__item2 ugb--shadow-3\"><div class=\"ugb-feature-grid__image\"><img decoding=\"async\" class=\"ugb-img wp-image-3442\" src=\"http:\/\/www.apex-telescope.org\/ns\/wp-content\/uploads\/2020\/07\/icons8-visit-100.png\" alt=\"Visiting us?\" width=\"94\"\/><\/div><div class=\"ugb-feature-grid__content\"><h5 class=\"ugb-feature-grid__title\">\u00bfC\u00f3mo llegar?<\/h5><div class=\"ugb-button-container\"><a class=\"ugb-button ugb-button--size-normal\" href=\"http:\/\/www.apex-telescope.org\/ns\/es\/ubicacion\/\" rel=\"\"><span class=\"ugb-button--inner\">Ubicaci\u00f3n<\/span><\/a><\/div><\/div><\/div><div class=\"ugb-feature-grid__item ugb-feature-grid__item3 ugb--shadow-3\"><div class=\"ugb-feature-grid__image\"><img decoding=\"async\" class=\"ugb-img wp-image-3443\" src=\"http:\/\/www.apex-telescope.org\/ns\/wp-content\/uploads\/2020\/07\/icons8-phone-100.png\" alt=\"Phone\" width=\"94\"\/><\/div><div class=\"ugb-feature-grid__content\"><h5 class=\"ugb-feature-grid__title\">Contacto Telef\u00f3nico<\/h5><div class=\"ugb-button-container\"><a class=\"ugb-button ugb-button--size-normal\" href=\"http:\/\/www.apex-telescope.org\/ns\/es\/contacto-telefonico\/\" rel=\"\"><span class=\"ugb-button--inner\">Tel\u00e9fono<\/span><\/a><\/div><\/div><\/div><\/div><\/div><\/div>\n","protected":false},"excerpt":{"rendered":"<p>Env\u00edanos un mensaje Formulario \u00bfC\u00f3mo llegar? Ubicaci\u00f3n Contacto Telef\u00f3nico Tel\u00e9fono<\/p>\n","protected":false},"author":1,"featured_media":0,"parent":0,"menu_order":0,"comment_status":"closed","ping_status":"closed","template":"","meta":{"ngg_post_thumbnail":0,"spay_email":"","footnotes":""},"class_list":["post-2472","page","type-page","status-publish","hentry"],"featured_image_urls":{"full":"","thumbnail":"","medium":"","medium_large":"","large":"","1536x1536":"","2048x2048":"","education-hub-thumb":""},"post_excerpt_stackable":"<p>Env\u00edanos un mensajeFormulario\u00bfC\u00f3mo llegar?Ubicaci\u00f3nContacto Telef\u00f3nicoTel\u00e9fono<\/p>\n","category_list":"","author_info":{"name":"apex","url":"https:\/\/www.apex-telescope.org\/ns\/author\/apex\/"},"comments_num":"0 comments","featured_image_urls_v2":{"full":"","thumbnail":"","medium":"","medium_large":"","large":"","1536x1536":"","2048x2048":"","education-hub-thumb":""},"post_excerpt_stackable_v2":"<p>Env\u00edanos un mensajeFormulario\u00bfC\u00f3mo llegar?Ubicaci\u00f3nContacto Telef\u00f3nicoTel\u00e9fono<\/p>\n","category_list_v2":"","author_info_v2":{"name":"apex","url":"https:\/\/www.apex-telescope.org\/ns\/author\/apex\/"},"comments_num_v2":"0 comments","_links":{"self":[{"href":"https:\/\/www.apex-telescope.org\/ns\/wp-json\/wp\/v2\/pages\/2472","targetHints":{"allow":["GET"]}}],"collection":[{"href":"https:\/\/www.apex-telescope.org\/ns\/wp-json\/wp\/v2\/pages"}],"about":[{"href":"https:\/\/www.apex-telescope.org\/ns\/wp-json\/wp\/v2\/types\/page"}],"author":[{"embeddable":true,"href":"https:\/\/www.apex-telescope.org\/ns\/wp-json\/wp\/v2\/users\/1"}],"replies":[{"embeddable":true,"href":"https:\/\/www.apex-telescope.org\/ns\/wp-json\/wp\/v2\/comments?post=2472"}],"version-history":[{"count":10,"href":"https:\/\/www.apex-telescope.org\/ns\/wp-json\/wp\/v2\/pages\/2472\/revisions"}],"predecessor-version":[{"id":3445,"href":"https:\/\/www.apex-telescope.org\/ns\/wp-json\/wp\/v2\/pages\/2472\/revisions\/3445"}],"wp:attachment":[{"href":"https:\/\/www.apex-telescope.org\/ns\/wp-json\/wp\/v2\/media?parent=2472"}],"curies":[{"name":"wp","href":"https:\/\/api.w.org\/{rel}","templated":true}]}}