{"id":2477,"date":"2020-02-23T15:45:06","date_gmt":"2020-02-23T18:45:06","guid":{"rendered":"http:\/\/scidev\/wordpress\/?page_id=2477"},"modified":"2020-02-23T15:45:07","modified_gmt":"2020-02-23T18:45:07","slug":"envianos-un-mensaje","status":"publish","type":"page","link":"https:\/\/www.apex-telescope.org\/ns\/es\/envianos-un-mensaje\/","title":{"rendered":"Env\u00edanos un mensaje"},"content":{"rendered":"<div role=\"form\" class=\"wpcf7\" id=\"wpcf7-f2475-o1\" lang=\"en-GB\" dir=\"ltr\">\n<div class=\"screen-reader-response\"><p role=\"status\" aria-live=\"polite\" aria-atomic=\"true\"><\/p> <ul><\/ul><\/div>\n<form action=\"\/ns\/wp-json\/wp\/v2\/pages\/2477#wpcf7-f2475-o1\" method=\"post\" class=\"wpcf7-form init\" novalidate=\"novalidate\" data-status=\"init\">\n<div style=\"display: none;\">\n<input type=\"hidden\" name=\"_wpcf7\" value=\"2475\" \/>\n<input type=\"hidden\" name=\"_wpcf7_version\" value=\"5.5.6\" \/>\n<input type=\"hidden\" name=\"_wpcf7_locale\" value=\"en_GB\" \/>\n<input type=\"hidden\" name=\"_wpcf7_unit_tag\" value=\"wpcf7-f2475-o1\" \/>\n<input type=\"hidden\" name=\"_wpcf7_container_post\" value=\"0\" \/>\n<input type=\"hidden\" name=\"_wpcf7_posted_data_hash\" value=\"\" \/>\n<input type=\"hidden\" name=\"_wpcf7_recaptcha_response\" value=\"\" \/>\n<\/div>\n<p>Para: <\/p>\n<p><span class=\"wpcf7-form-control-wrap your-recipient\"><select name=\"your-recipient\" class=\"wpcf7-form-control wpcf7-select wpcf7-validates-as-required\" aria-required=\"true\" aria-invalid=\"false\"><option value=\"Gerente de estaci\u00f3n (Preguntas generales, visitas, seguridad)\">Gerente de estaci\u00f3n (Preguntas generales, visitas, seguridad)<\/option><option value=\"L\u00edder del Grupo de Operaciones Cient\u00edficas (Operaciones, Fase2\/3)\">L\u00edder del Grupo de Operaciones Cient\u00edficas (Operaciones, Fase2\/3)<\/option><option value=\"L\u00edder de Ingenier\u00eda (Instalaciones t\u00e9cnicas)\">L\u00edder de Ingenier\u00eda (Instalaciones t\u00e9cnicas)<\/option><option value=\"Astr\u00f3nomo en turno (reducci\u00f3n, datos, preparaci\u00f3n de proyectos)\">Astr\u00f3nomo en turno (reducci\u00f3n, datos, preparaci\u00f3n de proyectos)<\/option><option value=\"Equipo de software (sitio web, cuentas)\">Equipo de software (sitio web, cuentas)<\/option><option value=\"Administrador (Log\u00edstica, desplazamientos)\">Administrador (Log\u00edstica, desplazamientos)<\/option><\/select><\/span><\/p>\n<p><label> Nombre (obligatorio)<br \/>\n    <span class=\"wpcf7-form-control-wrap your-name\"><input type=\"text\" name=\"your-name\" value=\"\" size=\"40\" class=\"wpcf7-form-control wpcf7-text wpcf7-validates-as-required\" aria-required=\"true\" aria-invalid=\"false\" \/><\/span> <\/label><\/p>\n<p><label> Direcci\u00f3n de correo (obligatorio)<br \/>\n    <span class=\"wpcf7-form-control-wrap your-email\"><input type=\"email\" name=\"your-email\" value=\"\" size=\"40\" class=\"wpcf7-form-control wpcf7-text wpcf7-email wpcf7-validates-as-required wpcf7-validates-as-email\" aria-required=\"true\" aria-invalid=\"false\" \/><\/span> <\/label><\/p>\n<p><label> Asunto<br \/>\n    <span class=\"wpcf7-form-control-wrap your-subject\"><input type=\"text\" name=\"your-subject\" value=\"\" size=\"40\" class=\"wpcf7-form-control wpcf7-text\" aria-invalid=\"false\" \/><\/span> <\/label><\/p>\n<p><label> Mensaje<br \/>\n    <span class=\"wpcf7-form-control-wrap your-message\"><textarea name=\"your-message\" cols=\"40\" rows=\"10\" class=\"wpcf7-form-control wpcf7-textarea\" aria-invalid=\"false\"><\/textarea><\/span> <\/label><\/p>\n<span class=\"wpcf7-form-control-wrap recaptcha\"><span data-sitekey=\"6LdAv70ZAAAAAMGiSPwnok9kATtI7hWDk72hRxVF\" class=\"wpcf7-form-control g-recaptcha wpcf7-recaptcha\"><\/span>\r\n<noscript>\r\n\t<div class=\"grecaptcha-noscript\">\r\n\t\t<iframe loading=\"lazy\" src=\"https:\/\/www.google.com\/recaptcha\/api\/fallback?k=6LdAv70ZAAAAAMGiSPwnok9kATtI7hWDk72hRxVF\" frameborder=\"0\" scrolling=\"no\" width=\"310\" height=\"430\">\r\n\t\t<\/iframe>\r\n\t\t<textarea name=\"g-recaptcha-response\" rows=\"3\" cols=\"40\" placeholder=\"reCaptcha Response Here\">\r\n\t\t<\/textarea>\r\n\t<\/div>\r\n<\/noscript>\r\n<\/span>\n<p><input type=\"submit\" value=\"Enviar\" class=\"wpcf7-form-control has-spinner wpcf7-submit\" \/><\/p>\n<p style=\"display: none !important;\"><label>&#916;<textarea name=\"_wpcf7_ak_hp_textarea\" cols=\"45\" rows=\"8\" maxlength=\"100\"><\/textarea><\/label><input type=\"hidden\" id=\"ak_js_1\" name=\"_wpcf7_ak_js\" value=\"197\"\/><script>document.getElementById( \"ak_js_1\" ).setAttribute( \"value\", ( new Date() ).getTime() );<\/script><\/p><div class=\"wpcf7-response-output\" aria-hidden=\"true\"><\/div><\/form><\/div>\n\n\n\n<p><\/p>\n","protected":false},"excerpt":{"rendered":"","protected":false},"author":1,"featured_media":0,"parent":0,"menu_order":0,"comment_status":"closed","ping_status":"closed","template":"","meta":{"ngg_post_thumbnail":0,"spay_email":"","footnotes":""},"class_list":["post-2477","page","type-page","status-publish","hentry"],"featured_image_urls":{"full":"","thumbnail":"","medium":"","medium_large":"","large":"","1536x1536":"","2048x2048":"","education-hub-thumb":""},"post_excerpt_stackable":"<p>Para: Gerente de estaci\u00f3n (Preguntas generales, visitas, seguridad)L\u00edder del Grupo de Operaciones Cient\u00edficas (Operaciones, Fase2\/3)L\u00edder de Ingenier\u00eda (Instalaciones t\u00e9cnicas)Astr\u00f3nomo en turno (reducci\u00f3n, datos, preparaci\u00f3n de proyectos)Equipo de software (sitio web, cuentas)Administrador (Log\u00edstica, desplazamientos) Nombre (obligatorio) Direcci\u00f3n de correo (obligatorio) Asunto Mensaje &#916;<\/p>\n","category_list":"","author_info":{"name":"apex","url":"https:\/\/www.apex-telescope.org\/ns\/author\/apex\/"},"comments_num":"0 comments","featured_image_urls_v2":{"full":"","thumbnail":"","medium":"","medium_large":"","large":"","1536x1536":"","2048x2048":"","education-hub-thumb":""},"post_excerpt_stackable_v2":"<p>Para: Gerente de estaci\u00f3n (Preguntas generales, visitas, seguridad)L\u00edder del Grupo de Operaciones Cient\u00edficas (Operaciones, Fase2\/3)L\u00edder de Ingenier\u00eda (Instalaciones t\u00e9cnicas)Astr\u00f3nomo en turno (reducci\u00f3n, datos, preparaci\u00f3n de proyectos)Equipo de software (sitio web, cuentas)Administrador (Log\u00edstica, desplazamientos) Nombre (obligatorio) Direcci\u00f3n de correo (obligatorio) Asunto Mensaje &#916;<\/p>\n","category_list_v2":"","author_info_v2":{"name":"apex","url":"https:\/\/www.apex-telescope.org\/ns\/author\/apex\/"},"comments_num_v2":"0 comments","_links":{"self":[{"href":"https:\/\/www.apex-telescope.org\/ns\/wp-json\/wp\/v2\/pages\/2477","targetHints":{"allow":["GET"]}}],"collection":[{"href":"https:\/\/www.apex-telescope.org\/ns\/wp-json\/wp\/v2\/pages"}],"about":[{"href":"https:\/\/www.apex-telescope.org\/ns\/wp-json\/wp\/v2\/types\/page"}],"author":[{"embeddable":true,"href":"https:\/\/www.apex-telescope.org\/ns\/wp-json\/wp\/v2\/users\/1"}],"replies":[{"embeddable":true,"href":"https:\/\/www.apex-telescope.org\/ns\/wp-json\/wp\/v2\/comments?post=2477"}],"version-history":[{"count":1,"href":"https:\/\/www.apex-telescope.org\/ns\/wp-json\/wp\/v2\/pages\/2477\/revisions"}],"predecessor-version":[{"id":2479,"href":"https:\/\/www.apex-telescope.org\/ns\/wp-json\/wp\/v2\/pages\/2477\/revisions\/2479"}],"wp:attachment":[{"href":"https:\/\/www.apex-telescope.org\/ns\/wp-json\/wp\/v2\/media?parent=2477"}],"curies":[{"name":"wp","href":"https:\/\/api.w.org\/{rel}","templated":true}]}}