{"id":2490,"date":"2020-02-23T16:31:16","date_gmt":"2020-02-23T19:31:16","guid":{"rendered":"http:\/\/scidev\/wordpress\/?page_id=2490"},"modified":"2021-12-22T22:36:40","modified_gmt":"2021-12-23T01:36:40","slug":"contacto-telefonico","status":"publish","type":"page","link":"https:\/\/www.apex-telescope.org\/ns\/es\/contacto-telefonico\/","title":{"rendered":"Contacto telef\u00f3nico"},"content":{"rendered":"\n<div class=\"wp-block-ugb-icon-list ugb-icon-list ugb-icon--icon-star ugb-4085191 ugb-icon-list--v2 ugb-main-block\"><style>.ugb-4085191 li{margin-bottom:5px !important}.ugb-4085191 li::before{background-image:url('data:image\/svg+xml;base64,PHN2ZyB4bWxucz0iaHR0cDovL3d3dy53My5vcmcvMjAwMC9zdmciIHZpZXdCb3g9IjAgMCAxOTAgMTkwIiBzdHlsZT0iZmlsbDogIzAwZDA4NCAhaW1wb3J0YW50OyBjb2xvcjogIzAwZDA4NCAhaW1wb3J0YW50Ij48cGF0aCBkPSJNOTUuNCA2LjNsMjkuMiA1OCA2NC4yIDkuOS00Ni4yIDQ1LjcgMTAuNSA2NC4xLTU3LjctMjkuOEwzNy42IDE4NGwxMC41LTY0LjFMMiA3NC4ybDY0LjItOS45eiIgZmlsbD0iIzAwZDA4NCIgc3Ryb2tlPSIjMDBkMDg0IiBzdHlsZT0iZmlsbDogcmdiKDAsIDIwOCwgMTMyKTsgc3Ryb2tlOiByZ2IoMCwgMjA4LCAxMzIpOyIvPjwvc3ZnPg==')}.ugb-4085191 li ul{margin-bottom:5px !important}.ugb-4085191.ugb-icon-list ul{columns:1}<\/style><div class=\"ugb-inner-block\"><div class=\"ugb-block-content\"><ul><li>L\u00ednea principal (Oficina de Sequitor):  <strong>+56 2 25950800<\/strong><\/li><li>Skype: <strong>apex-telescope<\/strong><\/li><li>Celular del ASM: <strong>+56 9 3926 1327<\/strong><\/li><li>Accede a las <a href=\"http:\/\/www.apex-telescope.org\/ns\/es\/personal\/\">p\u00e1ginas del personal<\/a> para conseguir informaci\u00f3n de contacto (correo\/tel\u00e9fono)<\/li><li>En caso de una emergencia visita nuestra p\u00e1gina de <a href=\"http:\/\/www.apex-telescope.org\/ns\/emergency-contacts\/\">contactos de emergencia<\/a> <\/li><\/ul><\/div><\/div><\/div>\n\n\n\n<h4 class=\"wp-block-heading\">Extensiones telef\u00f3nicas de la base de Sequitor<\/h4>\n\n\n\n<figure class=\"wp-block-table is-style-stripes\"><table><tbody><tr><td>L\u00ednea principal \/ sala de control<\/td><td>200<\/td><\/tr><tr><td>Jefe de estaci\u00f3n<\/td><td>220<\/td><\/tr><tr><td>Administrador<\/td><td>219<\/td><\/tr><tr><td>L\u00edder de operaciones cient\u00edficas<\/td><td>218<\/td><\/tr><tr><td>Oficina de astr\u00f3nomos<\/td><td>223<\/td><\/tr><tr><td>Oficina de operadores de instrumentos y telescopio<\/td><td>222<\/td><\/tr><tr><td>Oficina de ingenier\u00eda<\/td><td>224<\/td><\/tr><tr><td>Taller mec\u00e1nico<\/td><td>226<\/td><\/tr><tr><td>Laboratorio electr\u00f3nico<\/td><td>225<\/td><\/tr><tr><td>Cocina \/ comedor<\/td><td>230<\/td><\/tr><tr><td>Sala de reuniones<\/td><td>231<\/td><\/tr><tr><td><\/td><td><\/td><\/tr><\/tbody><\/table><\/figure>\n\n\n\n<h4 class=\"wp-block-heading\">Extensiones telef\u00f3nicas de Chajnantor <\/h4>\n\n\n\n<figure class=\"wp-block-table is-style-stripes\"><table><tbody><tr><td>L\u00ednea principal (suenan todos los n\u00fameros simult\u00e1eamente)<\/td><td>299<\/td><\/tr><tr><td>Sala de control<\/td><td>300<\/td><\/tr><tr><td>Sala de servidores<\/td><td>302<\/td><\/tr><tr><td>Cabina Nasmyth A<\/td><td>310<\/td><\/tr><tr><td>Cabina Nasmyth B<\/td><td>311<\/td><\/tr><tr><td>Cabina Cassegrain <\/td><td>312<\/td><\/tr><tr><td>Cabina de Instrumentos<\/td><td>313<\/td><\/tr><\/tbody><\/table><\/figure>\n","protected":false},"excerpt":{"rendered":"<p>L\u00ednea principal (Oficina de Sequitor): +56 2 25950800 Skype: apex-telescope Celular del ASM: +56 9 3926 1327 Accede a las p\u00e1ginas del personal para conseguir informaci\u00f3n de contacto (correo\/tel\u00e9fono) En caso de una emergencia visita nuestra p\u00e1gina de contactos de <a href=\"https:\/\/www.apex-telescope.org\/ns\/es\/contacto-telefonico\/\" class=\"read-more\">Read More &#8230;<\/a><\/p>\n","protected":false},"author":1,"featured_media":0,"parent":0,"menu_order":0,"comment_status":"closed","ping_status":"closed","template":"","meta":{"ngg_post_thumbnail":0,"spay_email":"","footnotes":""},"class_list":["post-2490","page","type-page","status-publish","hentry"],"featured_image_urls":{"full":"","thumbnail":"","medium":"","medium_large":"","large":"","1536x1536":"","2048x2048":"","education-hub-thumb":""},"post_excerpt_stackable":"<p>L\u00ednea principal (Oficina de Sequitor): +56 2 25950800Skype: apex-telescopeCelular del ASM: +56 9 3926 1327Accede a las p\u00e1ginas del personal para conseguir informaci\u00f3n de contacto (correo\/tel\u00e9fono)En caso de una emergencia visita nuestra p\u00e1gina de contactos de emergencia Extensiones telef\u00f3nicas de la base de Sequitor L\u00ednea principal \/ sala de control200Jefe de estaci\u00f3n220Administrador219L\u00edder de operaciones cient\u00edficas218Oficina de astr\u00f3nomos223Oficina de operadores de instrumentos y telescopio222Oficina de ingenier\u00eda224Taller mec\u00e1nico226Laboratorio electr\u00f3nico225Cocina \/ comedor230Sala de reuniones231 Extensiones telef\u00f3nicas de Chajnantor L\u00ednea principal (suenan todos los n\u00fameros simult\u00e1eamente)299Sala de control300Sala de servidores302Cabina Nasmyth A310Cabina Nasmyth B311Cabina Cassegrain 312Cabina de Instrumentos313<\/p>\n","category_list":"","author_info":{"name":"apex","url":"https:\/\/www.apex-telescope.org\/ns\/author\/apex\/"},"comments_num":"0 comments","featured_image_urls_v2":{"full":"","thumbnail":"","medium":"","medium_large":"","large":"","1536x1536":"","2048x2048":"","education-hub-thumb":""},"post_excerpt_stackable_v2":"<p>L\u00ednea principal (Oficina de Sequitor): +56 2 25950800Skype: apex-telescopeCelular del ASM: +56 9 3926 1327Accede a las p\u00e1ginas del personal para conseguir informaci\u00f3n de contacto (correo\/tel\u00e9fono)En caso de una emergencia visita nuestra p\u00e1gina de contactos de emergencia Extensiones telef\u00f3nicas de la base de Sequitor L\u00ednea principal \/ sala de control200Jefe de estaci\u00f3n220Administrador219L\u00edder de operaciones cient\u00edficas218Oficina de astr\u00f3nomos223Oficina de operadores de instrumentos y telescopio222Oficina de ingenier\u00eda224Taller mec\u00e1nico226Laboratorio electr\u00f3nico225Cocina \/ comedor230Sala de reuniones231 Extensiones telef\u00f3nicas de Chajnantor L\u00ednea principal (suenan todos los n\u00fameros simult\u00e1eamente)299Sala de control300Sala de servidores302Cabina Nasmyth A310Cabina Nasmyth B311Cabina Cassegrain 312Cabina de Instrumentos313<\/p>\n","category_list_v2":"","author_info_v2":{"name":"apex","url":"https:\/\/www.apex-telescope.org\/ns\/author\/apex\/"},"comments_num_v2":"0 comments","_links":{"self":[{"href":"https:\/\/www.apex-telescope.org\/ns\/wp-json\/wp\/v2\/pages\/2490","targetHints":{"allow":["GET"]}}],"collection":[{"href":"https:\/\/www.apex-telescope.org\/ns\/wp-json\/wp\/v2\/pages"}],"about":[{"href":"https:\/\/www.apex-telescope.org\/ns\/wp-json\/wp\/v2\/types\/page"}],"author":[{"embeddable":true,"href":"https:\/\/www.apex-telescope.org\/ns\/wp-json\/wp\/v2\/users\/1"}],"replies":[{"embeddable":true,"href":"https:\/\/www.apex-telescope.org\/ns\/wp-json\/wp\/v2\/comments?post=2490"}],"version-history":[{"count":3,"href":"https:\/\/www.apex-telescope.org\/ns\/wp-json\/wp\/v2\/pages\/2490\/revisions"}],"predecessor-version":[{"id":4218,"href":"https:\/\/www.apex-telescope.org\/ns\/wp-json\/wp\/v2\/pages\/2490\/revisions\/4218"}],"wp:attachment":[{"href":"https:\/\/www.apex-telescope.org\/ns\/wp-json\/wp\/v2\/media?parent=2490"}],"curies":[{"name":"wp","href":"https:\/\/api.w.org\/{rel}","templated":true}]}}