{"id":2503,"date":"2020-02-23T17:07:33","date_gmt":"2020-02-23T20:07:33","guid":{"rendered":"http:\/\/scidev\/wordpress\/?page_id=2503"},"modified":"2020-07-16T18:48:49","modified_gmt":"2020-07-16T22:48:49","slug":"ubicacion","status":"publish","type":"page","link":"https:\/\/www.apex-telescope.org\/ns\/es\/ubicacion\/","title":{"rendered":"Ubicaci\u00f3n"},"content":{"rendered":"\n<h3 class=\"wp-block-heading\">\u00bfC\u00f3mo llegar a APEX?<\/h3>\n\n\n\n<p>Nuestro campamento base est\u00e1 en San Pedro de Atacama, Chile. El aeropuerto m\u00e1s cercano es &#8220;El Loa Calama&#8221; (C\u00f3digo: CJC) donde llegan varios vuelos desde Santiago a diario.<\/p>\n\n\n\n<p>Si quieres visitarnos, debes contactar a nuestro jefe de estaci\u00f3n quien debe autorizar tu visita, y posteriormente contactar a nuestro administrador para coordinar los detalles de log\u00edstica. Por favor <a href=\"http:\/\/www.apex-telescope.org\/ns\/send-us-a-message\/\">utiliza nuestro formulario de contacto<\/a>.<\/p>\n\n\n\n<p>Encuentra <a rel=\"noreferrer noopener\" aria-label=\"here instructions (opens in a new tab)\" href=\"https:\/\/goo.gl\/maps\/ackd5FbDdXK2\" target=\"_blank\">aqu\u00ed instrucciones &nbsp;(desde Google&nbsp;Maps)<\/a> para ver c\u00f3mo llegar a la base desde el aeropuerto de Calama.<\/p>\n\n\n\n<div style=\"height:20px\" aria-hidden=\"true\" class=\"wp-block-spacer\"><\/div>\n\n\n\n<h3 class=\"wp-block-heading\">Base de APEX en San Pedro de Atacama<\/h3>\n\n\n\n<div class=\"wp-block-image\"><figure class=\"alignleft size-large\"><img loading=\"lazy\" decoding=\"async\" width=\"962\" height=\"559\" src=\"http:\/\/www.apex-telescope.org\/ns\/wp-content\/uploads\/2020\/07\/Get-to-Sequitor.png\" alt=\"\" class=\"wp-image-3447\"\/><figcaption>Acceso a nuestro campamento base, llegando desde Calama<\/figcaption><\/figure><\/div>\n\n\n\n<div style=\"height:20px\" aria-hidden=\"true\" class=\"wp-block-spacer\"><\/div>\n\n\n\n<h3 class=\"wp-block-heading\"><\/h3>\n\n\n\n<div style=\"height:30px\" aria-hidden=\"true\" class=\"wp-block-spacer\"><\/div>\n\n\n\n<h3 class=\"wp-block-heading\">Sitio de APEX en Chajnantor<\/h3>\n\n\n\n<div class=\"wp-block-image\"><figure class=\"alignleft size-large\"><img loading=\"lazy\" decoding=\"async\" width=\"1024\" height=\"437\" src=\"http:\/\/www.apex-telescope.org\/ns\/wp-content\/uploads\/2020\/07\/Chajnantor-1024x437-1.jpg\" alt=\"\" class=\"wp-image-3448\"\/><figcaption>Ubicaci\u00f3n de APEX a 5105 m.s.n.m. en el llano de Chajnantor<\/figcaption><\/figure><\/div>\n\n\n\n<p><\/p>\n","protected":false},"excerpt":{"rendered":"<p>\u00bfC\u00f3mo llegar a APEX? Nuestro campamento base est\u00e1 en San Pedro de Atacama, Chile. El aeropuerto m\u00e1s cercano es &#8220;El Loa Calama&#8221; (C\u00f3digo: CJC) donde llegan varios vuelos desde Santiago a diario. Si quieres visitarnos, debes contactar a nuestro jefe <a href=\"https:\/\/www.apex-telescope.org\/ns\/es\/ubicacion\/\" class=\"read-more\">Read More &#8230;<\/a><\/p>\n","protected":false},"author":1,"featured_media":0,"parent":0,"menu_order":0,"comment_status":"closed","ping_status":"closed","template":"","meta":{"ngg_post_thumbnail":0,"spay_email":"","footnotes":""},"class_list":["post-2503","page","type-page","status-publish","hentry"],"featured_image_urls":{"full":"","thumbnail":"","medium":"","medium_large":"","large":"","1536x1536":"","2048x2048":"","education-hub-thumb":""},"post_excerpt_stackable":"<p>\u00bfC\u00f3mo llegar a APEX? Nuestro campamento base est\u00e1 en San Pedro de Atacama, Chile. El aeropuerto m\u00e1s cercano es &#8220;El Loa Calama&#8221; (C\u00f3digo: CJC) donde llegan varios vuelos desde Santiago a diario. Si quieres visitarnos, debes contactar a nuestro jefe de estaci\u00f3n quien debe autorizar tu visita, y posteriormente contactar a nuestro administrador para coordinar los detalles de log\u00edstica. Por favor utiliza nuestro formulario de contacto. Encuentra aqu\u00ed instrucciones &nbsp;(desde Google&nbsp;Maps) para ver c\u00f3mo llegar a la base desde el aeropuerto de Calama. Base de APEX en San Pedro de Atacama Acceso a nuestro campamento base, llegando desde Calama Sitio&hellip;<\/p>\n","category_list":"","author_info":{"name":"apex","url":"https:\/\/www.apex-telescope.org\/ns\/author\/apex\/"},"comments_num":"0 comments","featured_image_urls_v2":{"full":"","thumbnail":"","medium":"","medium_large":"","large":"","1536x1536":"","2048x2048":"","education-hub-thumb":""},"post_excerpt_stackable_v2":"<p>\u00bfC\u00f3mo llegar a APEX? Nuestro campamento base est\u00e1 en San Pedro de Atacama, Chile. El aeropuerto m\u00e1s cercano es &#8220;El Loa Calama&#8221; (C\u00f3digo: CJC) donde llegan varios vuelos desde Santiago a diario. Si quieres visitarnos, debes contactar a nuestro jefe de estaci\u00f3n quien debe autorizar tu visita, y posteriormente contactar a nuestro administrador para coordinar los detalles de log\u00edstica. Por favor utiliza nuestro formulario de contacto. Encuentra aqu\u00ed instrucciones &nbsp;(desde Google&nbsp;Maps) para ver c\u00f3mo llegar a la base desde el aeropuerto de Calama. Base de APEX en San Pedro de Atacama Acceso a nuestro campamento base, llegando desde Calama Sitio&hellip;<\/p>\n","category_list_v2":"","author_info_v2":{"name":"apex","url":"https:\/\/www.apex-telescope.org\/ns\/author\/apex\/"},"comments_num_v2":"0 comments","_links":{"self":[{"href":"https:\/\/www.apex-telescope.org\/ns\/wp-json\/wp\/v2\/pages\/2503","targetHints":{"allow":["GET"]}}],"collection":[{"href":"https:\/\/www.apex-telescope.org\/ns\/wp-json\/wp\/v2\/pages"}],"about":[{"href":"https:\/\/www.apex-telescope.org\/ns\/wp-json\/wp\/v2\/types\/page"}],"author":[{"embeddable":true,"href":"https:\/\/www.apex-telescope.org\/ns\/wp-json\/wp\/v2\/users\/1"}],"replies":[{"embeddable":true,"href":"https:\/\/www.apex-telescope.org\/ns\/wp-json\/wp\/v2\/comments?post=2503"}],"version-history":[{"count":4,"href":"https:\/\/www.apex-telescope.org\/ns\/wp-json\/wp\/v2\/pages\/2503\/revisions"}],"predecessor-version":[{"id":3450,"href":"https:\/\/www.apex-telescope.org\/ns\/wp-json\/wp\/v2\/pages\/2503\/revisions\/3450"}],"wp:attachment":[{"href":"https:\/\/www.apex-telescope.org\/ns\/wp-json\/wp\/v2\/media?parent=2503"}],"curies":[{"name":"wp","href":"https:\/\/api.w.org\/{rel}","templated":true}]}}