{"id":2513,"date":"2020-02-24T11:07:54","date_gmt":"2020-02-24T14:07:54","guid":{"rendered":"http:\/\/scidev\/wordpress\/?page_id=2513"},"modified":"2020-07-16T13:05:38","modified_gmt":"2020-07-16T17:05:38","slug":"hacer-propuesta","status":"publish","type":"page","link":"https:\/\/www.apex-telescope.org\/ns\/es\/hacer-propuesta\/","title":{"rendered":"Solicitar tiempo"},"content":{"rendered":"\n<p>Si quieres usar APEX para tu investigaci\u00f3n, por favor dir\u00edgete al llamado a propuestas de tu  <a rel=\"noreferrer noopener\" aria-label=\" (opens in a new tab)\" href=\"http:\/\/www.apex-telescope.org\/ns\/es\/colaboracion-apex\/\" target=\"_blank\">instituci\u00f3n colaboradora<\/a> (MPIfR, ESO, Onsala o Anid si postulas a trav\u00e9s del  TAC Chileno). All\u00ed encontrar\u00e1s las fechas l\u00edmites espec\u00edficas y disponibilidad de los instrumentos PI disponible para cada instituci\u00f3n. Recuerda que los instrumentos &#8220;Facility&#8221; est\u00e1n disponibles para cualquier solicitante  a tiempo de APEX.<br><\/p>\n\n\n\n<div style=\"height:30px\" aria-hidden=\"true\" class=\"wp-block-spacer\"><\/div>\n\n\n\n<div class=\"wp-block-ugb-accordion ugb-accordion ugb-56ae1d3 ugb-accordion--v2 ugb-accordion--design-basic ugb-main-block\" aria-expanded=\"false\" id=\"\"><style>.ugb-56ae1d3 .ugb-accordion__heading{border-radius:12px !important;background-color:#7bdcb5 !important}.ugb-56ae1d3 .ugb-accordion__heading:before{background-color:#7bdcb5 !important}.ugb-56ae1d3 .ugb-accordion__title{color:#313131}.ugb-56ae1d3 .ugb-accordion__arrow{fill:#313131}<\/style><div class=\"ugb-inner-block\"><div class=\"ugb-block-content\"><div class=\"ugb-accordion__item\"><div class=\"ugb-accordion__heading ugb--shadow-3\" role=\"button\" tabindex=\"0\"><h4 class=\"ugb-accordion__title\" role=\"heading\" aria-level=\"3\">Instituto Max-Planck para Radioastronom\u00eda<\/h4><svg viewbox=\"0 0 20 20\" xmlns=\"http:\/\/www.w3.org\/2000\/svg\" class=\"ugb-accordion__arrow\" width=\"20\" height=\"20\"><path d=\"M16.7 3.3L10 10 3.3 3.4 0 6.7l10 10v-.1l10-9.9z\"><\/path><\/svg><\/div><div class=\"ugb-accordion__content\" role=\"region\"><div class=\"ugb-accordion__content-inner\">\n<p>Debes verificar las \u00faltimas noticias e informaci\u00f3n respecto al <a rel=\"noreferrer noopener\" aria-label=\"call for proposals (opens in a new tab)\" href=\"https:\/\/www.mpifr-bonn.mpg.de\/apex\/proposals\" target=\"_blank\">llamado a propuestas<\/a> (ingl\u00e9s) de la sociedad Max Planck.<br><br>      Para preguntas, dirigirse al contacto APEX del MPIfR: <strong>Friedrich Wyrowski\u00a0<\/strong><br><a href=\"http:\/\/www.apex-telescope.org\/ns\/send-us-a-message\/\">[Enviar un correo] <\/a><\/p>\n\n\n\n<p>Para preguntas acerca de instrumentaci\u00f3n PI de MPIfR, dirigirse a: <strong>Bernd Klein\u00a0<\/strong><br><a href=\"http:\/\/www.apex-telescope.org\/ns\/send-us-a-message\/\">[Enviar un correo]<\/a><\/p>\n<\/div><\/div><\/div><\/div><\/div><\/div>\n\n\n\n<div class=\"wp-block-ugb-accordion ugb-accordion ugb-06262b1 ugb-accordion--v2 ugb-accordion--design-basic ugb-main-block\" aria-expanded=\"false\" id=\"\"><style>.ugb-06262b1 .ugb-accordion__heading{border-radius:12px !important;background-color:#0693e3 !important}.ugb-06262b1 .ugb-accordion__heading:before{background-color:#0693e3 !important}.ugb-06262b1 .ugb-accordion__title{color:#ffffff}.ugb-06262b1 .ugb-accordion__arrow{fill:#ffffff}<\/style><div class=\"ugb-inner-block\"><div class=\"ugb-block-content\"><div class=\"ugb-accordion__item\"><div class=\"ugb-accordion__heading ugb--shadow-3\" role=\"button\" tabindex=\"0\"><h4 class=\"ugb-accordion__title\" role=\"heading\" aria-level=\"3\">ESO<\/h4><svg viewbox=\"0 0 20 20\" xmlns=\"http:\/\/www.w3.org\/2000\/svg\" class=\"ugb-accordion__arrow\" width=\"20\" height=\"20\"><path d=\"M16.7 3.3L10 10 3.3 3.4 0 6.7l10 10v-.1l10-9.9z\"><\/path><\/svg><\/div><div class=\"ugb-accordion__content\" role=\"region\"><div class=\"ugb-accordion__content-inner\">\n<p>Las fechas l\u00edmites de ESO est\u00e1n fijadas hasta dos veces por a\u00f1o, en Marzo y Setiembre, para per\u00edodos de observaci\u00f3n comprendidos entre 1 de Octubre al 31 de Marzo y 1 de Abril al 30 de Septiembre, respectivamente. <br><br>Puedes consultar la p\u00e1gina sobre la <a rel=\"noreferrer noopener\" aria-label=\" (opens in a new tab)\" href=\"https:\/\/www.eso.org\/sci\/facilities\/apex\/cfp\/\" target=\"_blank\">preparaci\u00f3n y env\u00edo de propuestas<\/a> (ingl\u00e9s) de ESO para conocer m\u00e1s detalles. <br><br>    Para preguntas, dirigirse al contacto APEX de ESO: <strong>Carlos De Breuck<\/strong><br><a href=\"http:\/\/www.apex-telescope.org\/ns\/send-us-a-message\/\">[Enviar un correo]<\/a> <br><\/p>\n<\/div><\/div><\/div><\/div><\/div><\/div>\n\n\n\n<div class=\"wp-block-ugb-accordion ugb-accordion ugb-75684e0 ugb-accordion--v2 ugb-accordion--design-basic ugb-main-block\" aria-expanded=\"false\" id=\"\"><style>.ugb-75684e0 .ugb-accordion__heading{border-radius:12px !important;background-color:#004a75 !important}.ugb-75684e0 .ugb-accordion__heading:before{background-color:#004a75 !important}.ugb-75684e0 .ugb-accordion__title{color:#fcb900}.ugb-75684e0 .ugb-accordion__arrow{fill:#fcb900}<\/style><div class=\"ugb-inner-block\"><div class=\"ugb-block-content\"><div class=\"ugb-accordion__item\"><div class=\"ugb-accordion__heading ugb--shadow-3\" role=\"button\" tabindex=\"0\"><h4 class=\"ugb-accordion__title\" role=\"heading\" aria-level=\"3\">Obsevatorio Espacial de Onsala <br><\/h4><svg viewbox=\"0 0 20 20\" xmlns=\"http:\/\/www.w3.org\/2000\/svg\" class=\"ugb-accordion__arrow\" width=\"20\" height=\"20\"><path d=\"M16.7 3.3L10 10 3.3 3.4 0 6.7l10 10v-.1l10-9.9z\"><\/path><\/svg><\/div><div class=\"ugb-accordion__content\" role=\"region\"><div class=\"ugb-accordion__content-inner\">\n<p>Los llamados a propuestas para el tiempo Sueco de APEX son anunciados dos veces al a\u00f1o. Consulta  <a rel=\"noreferrer noopener\" href=\"http:\/\/www.chalmers.se\/en\/centres\/oso\/radio-astronomy\/proposals\/Pages\/default.aspx\" target=\"_blank\">la gu\u00eda de propuestas<\/a> (ingl\u00e9s) para m\u00e1s detalles.<br><br>Para preguntas, dirigirse al contacto de APEX en Onsala: <strong>Per Bergman<\/strong><br><a href=\"http:\/\/www.apex-telescope.org\/ns\/contact\/\">[Enviar un correo]<\/a><br><\/p>\n<\/div><\/div><\/div><\/div><\/div><\/div>\n\n\n\n<div class=\"wp-block-ugb-accordion ugb-accordion ugb-19ba725 ugb-accordion--v2 ugb-accordion--design-basic ugb-main-block\" aria-expanded=\"false\" id=\"\"><style>.ugb-19ba725 .ugb-accordion__heading{border-radius:12px !important;background-color:#cf2e2e !important}.ugb-19ba725 .ugb-accordion__heading:before{background-color:#cf2e2e !important}.ugb-19ba725 .ugb-accordion__title{color:#ffffff}.ugb-19ba725 .ugb-accordion__arrow{fill:#ffffff}<\/style><div class=\"ugb-inner-block\"><div class=\"ugb-block-content\"><div class=\"ugb-accordion__item\"><div class=\"ugb-accordion__heading ugb--shadow-3\" role=\"button\" tabindex=\"0\"><h4 class=\"ugb-accordion__title\" role=\"heading\" aria-level=\"3\">ANID (Chile)<br><\/h4><svg viewbox=\"0 0 20 20\" xmlns=\"http:\/\/www.w3.org\/2000\/svg\" class=\"ugb-accordion__arrow\" width=\"20\" height=\"20\"><path d=\"M16.7 3.3L10 10 3.3 3.4 0 6.7l10 10v-.1l10-9.9z\"><\/path><\/svg><\/div><div class=\"ugb-accordion__content\" role=\"region\"><div class=\"ugb-accordion__content-inner\">\n<p>Las fechas l\u00edmites para propuestas chilenas para APEX est\u00e1n establecidas en dos por a\u00f1o, en Marzo y Septiembre.<br>Para m\u00e1s detalles consulta la <a rel=\"noreferrer noopener\" aria-label=\"Chilean APEX proposal deadlines are set up twice a year,    in March and September.\n Please consult the     Conicyt webpage    for details.\n\n    APEX contact: Diah Gunawan\nemail: diah.gunawan(at)uv.cl \n (opens in a new tab)\" href=\"http:\/\/www.conicyt.cl\/astronomia\/category\/concursos\/tiempo-observacion-apex\" target=\"_blank\">P\u00e1gina web de ANID (Antiguo Conicyt)<\/a> .<br><br>Para preguntas, dirigirse al contacto de ANID para APEX : <strong>Manuel Merello<\/strong><br><a href=\"http:\/\/www.apex-telescope.org\/ns\/send-us-a-message\/\">[Enviar un correo]<\/a> <br><\/p>\n<\/div><\/div><\/div><\/div><\/div><\/div>\n\n\n\n<div style=\"height:50px\" aria-hidden=\"true\" class=\"wp-block-spacer\"><\/div>\n\n\n\n<h2 class=\"wp-block-heading\">Informaci\u00f3n importante para solicitantes de tiempo<br><\/h2>\n\n\n\n<div style=\"height:20px\" aria-hidden=\"true\" class=\"wp-block-spacer\"><\/div>\n\n\n\n<div class=\"wp-block-ugb-icon-list ugb-icon-list ugb-b5a922f ugb-icon-list--v2 ugb-icon--icon-check ugb-main-block\" id=\"\"><style>.ugb-b5a922f li{--icon-size:25px;margin-bottom:30px !important}.ugb-b5a922f li::before{height:25px !important;width:25px !important;background-image:url('data:image\/svg+xml;base64,PHN2ZyB2aWV3Qm94PSIwIDAgMTk0IDE5NCIgeG1sbnM9Imh0dHA6Ly93d3cudzMub3JnLzIwMDAvc3ZnIiBzdHlsZT0iZmlsbDojMTY3YTU1Ij48cGF0aCBkPSJNOTYuOSAyYy01Mi40IDAtOTUgNDIuNi05NSA5NXM0Mi42IDk1IDk1IDk1IDk1LTQyLjYgOTUtOTUtNDIuNi05NS05NS05NXpNNzYuNiAxNDQuN2wtMzYuNS0zNi41IDEwLjYtMTAuNiAyNS45IDI1LjkgNjguOC02OC44TDE1NiA2NS4zbC03OS40IDc5LjR6Ij48L3BhdGg+PC9zdmc+')}.ugb-b5a922f li ul{margin-bottom:30px !important}.ugb-b5a922f.ugb-icon-list ul{columns:2}<\/style><div class=\"ugb-inner-block\"><div class=\"ugb-block-content\"><ul><li>En nuestra <a href=\"http:\/\/www.apex-telescope.org\/ns\/es\/clima\/\">p\u00e1gina del clima<\/a> encontrar\u00e1s la transmisi\u00f3n atmosf\u00e9rica y datos sobre las variaciones anuales del vapor de agua precipitable (pwv) en el sitio de APEX. <\/li><li>Consulta el <a href=\"http:\/\/www.apex-telescope.org\/ns\/science-schedule\/\">calendario de operaciones de APEX<\/a> (ingl\u00e9s) para ver la distribuci\u00f3n a lo largo del a\u00f1o de los bloques de observaci\u00f3n para cada instituci\u00f3n.<\/li><li>En nuestra p\u00e1gina de <a href=\"http:\/\/www.apex-telescope.org\/ns\/es\/instrumentos\/\">instrumentaci\u00f3n<\/a> encontrar\u00e1s los par\u00e1metros relevantes de los instrumentos disponibles para que prepares tu observaci\u00f3n.<\/li><li>Cada propuesta debe ser acompa\u00f1ada por una estimaci\u00f3n precisa del tiempo de observaci\u00f3n necesario para completar el proyecto, basada en la sensibilidad requerida y las caracter\u00edsticas del receptor. Visita nuestra p\u00e1gina <a href=\"http:\/\/www.apex-telescope.org\/ns\/observing-time-calculators\/\">calculadora de tiempos<\/a> (ingl\u00e9s) para observaciones con bol\u00f3metros e instrumentos heterodinos.<\/li><li>Las observaciones en APEX son hechas normalmente en modo de servicio. Para preguntas, por favor <a href=\"http:\/\/www.apex-telescope.org\/ns\/es\/envianos-un-mensaje\/\">contacta al l\u00edder de grupo de Operaciones cient\u00edficas de APEX<\/a>.<br><\/li><\/ul><\/div><\/div><\/div>\n\n\n\n<p><br><\/p>\n","protected":false},"excerpt":{"rendered":"<p>Si quieres usar APEX para tu investigaci\u00f3n, por favor dir\u00edgete al llamado a propuestas de tu instituci\u00f3n colaboradora (MPIfR, ESO, Onsala o Anid si postulas a trav\u00e9s del TAC Chileno). All\u00ed encontrar\u00e1s las fechas l\u00edmites espec\u00edficas y disponibilidad de los <a href=\"https:\/\/www.apex-telescope.org\/ns\/es\/hacer-propuesta\/\" class=\"read-more\">Read More &#8230;<\/a><\/p>\n","protected":false},"author":1,"featured_media":0,"parent":0,"menu_order":0,"comment_status":"closed","ping_status":"closed","template":"","meta":{"ngg_post_thumbnail":0,"spay_email":"","footnotes":""},"class_list":["post-2513","page","type-page","status-publish","hentry"],"featured_image_urls":{"full":"","thumbnail":"","medium":"","medium_large":"","large":"","1536x1536":"","2048x2048":"","education-hub-thumb":""},"post_excerpt_stackable":"<p>Si quieres usar APEX para tu investigaci\u00f3n, por favor dir\u00edgete al llamado a propuestas de tu instituci\u00f3n colaboradora (MPIfR, ESO, Onsala o Anid si postulas a trav\u00e9s del TAC Chileno). All\u00ed encontrar\u00e1s las fechas l\u00edmites espec\u00edficas y disponibilidad de los instrumentos PI disponible para cada instituci\u00f3n. Recuerda que los instrumentos &#8220;Facility&#8221; est\u00e1n disponibles para cualquier solicitante a tiempo de APEX. Instituto Max-Planck para Radioastronom\u00eda Debes verificar las \u00faltimas noticias e informaci\u00f3n respecto al llamado a propuestas (ingl\u00e9s) de la sociedad Max Planck. Para preguntas, dirigirse al contacto APEX del MPIfR: Friedrich Wyrowski\u00a0[Enviar un correo] Para preguntas acerca de instrumentaci\u00f3n PI&hellip;<\/p>\n","category_list":"","author_info":{"name":"apex","url":"https:\/\/www.apex-telescope.org\/ns\/author\/apex\/"},"comments_num":"0 comments","featured_image_urls_v2":{"full":"","thumbnail":"","medium":"","medium_large":"","large":"","1536x1536":"","2048x2048":"","education-hub-thumb":""},"post_excerpt_stackable_v2":"<p>Si quieres usar APEX para tu investigaci\u00f3n, por favor dir\u00edgete al llamado a propuestas de tu instituci\u00f3n colaboradora (MPIfR, ESO, Onsala o Anid si postulas a trav\u00e9s del TAC Chileno). All\u00ed encontrar\u00e1s las fechas l\u00edmites espec\u00edficas y disponibilidad de los instrumentos PI disponible para cada instituci\u00f3n. Recuerda que los instrumentos &#8220;Facility&#8221; est\u00e1n disponibles para cualquier solicitante a tiempo de APEX. Instituto Max-Planck para Radioastronom\u00eda Debes verificar las \u00faltimas noticias e informaci\u00f3n respecto al llamado a propuestas (ingl\u00e9s) de la sociedad Max Planck. Para preguntas, dirigirse al contacto APEX del MPIfR: Friedrich Wyrowski\u00a0[Enviar un correo] Para preguntas acerca de instrumentaci\u00f3n PI&hellip;<\/p>\n","category_list_v2":"","author_info_v2":{"name":"apex","url":"https:\/\/www.apex-telescope.org\/ns\/author\/apex\/"},"comments_num_v2":"0 comments","_links":{"self":[{"href":"https:\/\/www.apex-telescope.org\/ns\/wp-json\/wp\/v2\/pages\/2513","targetHints":{"allow":["GET"]}}],"collection":[{"href":"https:\/\/www.apex-telescope.org\/ns\/wp-json\/wp\/v2\/pages"}],"about":[{"href":"https:\/\/www.apex-telescope.org\/ns\/wp-json\/wp\/v2\/types\/page"}],"author":[{"embeddable":true,"href":"https:\/\/www.apex-telescope.org\/ns\/wp-json\/wp\/v2\/users\/1"}],"replies":[{"embeddable":true,"href":"https:\/\/www.apex-telescope.org\/ns\/wp-json\/wp\/v2\/comments?post=2513"}],"version-history":[{"count":8,"href":"https:\/\/www.apex-telescope.org\/ns\/wp-json\/wp\/v2\/pages\/2513\/revisions"}],"predecessor-version":[{"id":3417,"href":"https:\/\/www.apex-telescope.org\/ns\/wp-json\/wp\/v2\/pages\/2513\/revisions\/3417"}],"wp:attachment":[{"href":"https:\/\/www.apex-telescope.org\/ns\/wp-json\/wp\/v2\/media?parent=2513"}],"curies":[{"name":"wp","href":"https:\/\/api.w.org\/{rel}","templated":true}]}}