{"id":2517,"date":"2020-02-24T13:03:46","date_gmt":"2020-02-24T16:03:46","guid":{"rendered":"http:\/\/scidev\/wordpress\/?page_id=2517"},"modified":"2024-06-20T09:52:08","modified_gmt":"2024-06-20T13:52:08","slug":"clima","status":"publish","type":"page","link":"https:\/\/www.apex-telescope.org\/ns\/es\/el-telescopio\/clima\/","title":{"rendered":"Clima"},"content":{"rendered":"\n<p>El vapor de agua precipitable (PWV) es el par\u00e1metro crucial que determina la transparencia atmosf\u00e9rica para las observaciones submilim\u00e9tricas. En el llano de Chajnantor, donde APEX se encuentra ubicado, la cantidad de (PVW) es t\u00edpicamente de 1.0 mm y est\u00e1 por debajo de  0.5 mm el  25% del tiempo.<\/p>\n\n\n\n<hr class=\"wp-block-separator has-css-opacity is-style-wide\"\/>\n\n\n\n<div class=\"wp-block-ugb-feature ugb-feature ugb-3c1c7e3 ugb-feature--v2 ugb-feature--design-plain ugb-feature--invert ugb-main-block\" id=\"\"><style>.ugb-3c1c7e3 .ugb-img{width:80px;height:auto !important}.ugb-3c1c7e3 .ugb-button{border-radius:4px !important}.ugb-3c1c7e3 .ugb-button:before{border-radius:4px !important}.ugb-3c1c7e3 .ugb-inner-block{text-align:left}<\/style><div class=\"ugb-inner-block\"><div class=\"ugb-block-content\"><div class=\"ugb-feature__item\"><div class=\"ugb-feature__content\"><h2 class=\"ugb-feature__title\">Datos clim\u00e1ticos <\/h2><p class=\"ugb-feature__description\">Consulta aqu\u00ed las condiciones clim\u00e1ticas actuales en Chajnator en el sitio de APEX: PWV, temperatura, humedad, presi\u00f3n, velocidad del viento. Accede tambi\u00e9n a los datos hist\u00f3ricos&#8230;<\/p><div class=\"ugb-button-container\"><a class=\"ugb-button ugb-button--size-normal ugb-button--design-ghost\" href=\"http:\/\/www.apex-telescope.org\/ns\/weather-data\/\" target=\"_blank\" rel=\"noopener noreferrer\"><span class=\"ugb-button--inner\">Go<\/span><\/a><\/div><\/div><div class=\"ugb-feature__image-side\"><img loading=\"lazy\" decoding=\"async\" class=\"ugb-feature__image ugb-img wp-image-3422\" src=\"http:\/\/www.apex-telescope.org\/ns\/wp-content\/uploads\/2020\/07\/Meteo-Station-e1552611046566.png\" width=\"80\" height=\"76\"\/><\/div><\/div><\/div><\/div><\/div>\n\n\n\n<hr class=\"wp-block-separator has-css-opacity is-style-wide\"\/>\n\n\n\n<div class=\"wp-block-ugb-feature ugb-feature ugb-b0361fd ugb-feature--v2 ugb-feature--design-plain ugb-main-block\" id=\"\"><style>.ugb-b0361fd .ugb-img{width:300px;height:auto !important}.ugb-b0361fd .ugb-button{border-radius:4px !important}.ugb-b0361fd .ugb-button:before{border-radius:4px !important}.ugb-b0361fd .ugb-inner-block{text-align:left}<\/style><div class=\"ugb-inner-block\"><div class=\"ugb-block-content\"><div class=\"ugb-feature__item\"><div class=\"ugb-feature__content\"><h2 class=\"ugb-feature__title\">Calculador de transmisi\u00f3n atmosf\u00e9rica <\/h2><p class=\"ugb-feature__description\">Para preparar las observaciones y hacer estimaciones de tiempo para diferentes condiciones atmosf\u00e9ricas chequea nuestro calculador de transmisi\u00f3n atmosf\u00e9rica. Este est\u00e1 basado en el&nbsp;modelo atmosf\u00e9rico ATM. Aqu\u00ed puedes encontrar una interfaz para mostrar solamente la transmisi\u00f3n atmosf\u00e9rica, sin la superposici\u00f3n del setup instrumental.<\/p><div class=\"ugb-button-container\"><a class=\"ugb-button ugb-button--size-normal ugb-button--design-ghost\" href=\"http:\/\/www.apex-telescope.org\/sites\/chajnantor\/atmosphere\/transpwv\/index_ns.php\" target=\"_blank\" rel=\"noopener noreferrer\"><span class=\"ugb-button--inner\">Go<\/span><\/a><\/div><\/div><div class=\"ugb-feature__image-side\"><img loading=\"lazy\" decoding=\"async\" class=\"ugb-feature__image ugb-img wp-image-3423\" src=\"http:\/\/www.apex-telescope.org\/ns\/wp-content\/uploads\/2020\/07\/atm_other-300x221-1.png\" width=\"300\" height=\"221\"\/><\/div><\/div><\/div><\/div><\/div>\n\n\n\n<h3 class=\"wp-block-heading\">Enlaces relacionados (en ingl\u00e9s)<\/h3>\n\n\n\n<div class=\"wp-block-ugb-icon-list ugb-icon-list ugb-72068c4 ugb-icon-list--v2 ugb-icon--icon-arrow ugb-main-block\" id=\"\"><style>.ugb-72068c4 li{--icon-size:20px;margin-bottom:5px !important}.ugb-72068c4 li::before{height:20px !important;width:20px !important;background-image:url('data:image\/svg+xml;base64,PHN2ZyB2aWV3Qm94PSIwIDAgMTkwIDE5MCIgeG1sbnM9Imh0dHA6Ly93d3cudzMub3JnLzIwMDAvc3ZnIiBzdHlsZT0iZmlsbDojMDBkMDg0Ij48cGF0aCBkPSJNNTkuNCAxNzcuNWw4Mi40LTgyLjQtODIuNC04Mi4zLTEwLjYgMTAuNiA3MS44IDcxLjctNzEuOCA3MS44IDEwLjYgMTAuNnoiPjwvcGF0aD48L3N2Zz4=')}.ugb-72068c4 li ul{margin-bottom:5px !important}.ugb-72068c4.ugb-icon-list ul{columns:1}<\/style><div class=\"ugb-inner-block\"><div class=\"ugb-block-content\"><ul><li>M\u00e1s informaci\u00f3n sobre el modelo atmosf\u00e9rico <a rel=\"noreferrer noopener\" href=\"https:\/\/cab.inta-csic.es\/users\/jrpardo\/atm.html\" target=\"_blank\">ATM <\/a>(por Juan Ram\u00f3n Pardo)<\/li><li>El  <a rel=\"noreferrer noopener\" href=\"https:\/\/doi.org\/10.5281\/zenodo.3406496\" target=\"_blank\">modelo atmosf\u00e9rico am <\/a> (Scott Paine). Puedes encontrar <a rel=\"noreferrer noopener\" href=\"https:\/\/www.cfa.harvard.edu\/~spaine\/am\/\" target=\"_blank\">el c\u00f3digo y la documentaci\u00f3n en las p\u00e1ginas web de CfA<\/a>.<\/li><li><a rel=\"noreferrer noopener\" href=\"https:\/\/science.nrao.edu\/facilities\/alma\/aboutALMA\/Technology\/ALMA_Memo_Series\" target=\"_blank\">ALMA Memo series<\/a>. En particular los n\u00fameros <a rel=\"noreferrer noopener\" href=\"http:\/\/www.alma.nrao.edu\/memos\/html-memos\/abstracts\/abs521.html\" target=\"_blank\">521<\/a>, <a rel=\"noreferrer noopener\" href=\"http:\/\/legacy.nrao.edu\/alma\/memos\/html-memos\/abstracts\/abs512.html\" target=\"_blank\">512<\/a>, <a rel=\"noreferrer noopener\" href=\"http:\/\/legacy.nrao.edu\/alma\/memos\/html-memos\/abstracts\/abs384.html\" target=\"_blank\">382<\/a> y <a rel=\"noreferrer noopener\" href=\"http:\/\/legacy.nrao.edu\/alma\/memos\/html-memos\/abstracts\/abs187.html\" target=\"_blank\">187<\/a>.<\/li><\/ul><\/div><\/div><\/div>\n\n\n\n<hr class=\"wp-block-separator has-css-opacity is-style-wide\"\/>\n\n\n\n<h2 class=\"wp-block-heading\">Pron\u00f3stico e im\u00e1genes satelitales<\/h2>\n\n\n\n<p>Aqu\u00ed puede tener acceso a algunos enlaces sobre monitoreo de clima y pron\u00f3stico del tiempo (en ingl\u00e9s).<\/p>\n\n\n\n<div class=\"wp-block-ugb-icon-list ugb-icon-list ugb-04dcf82 ugb-icon-list--v2 ugb-icon--icon-arrow ugb-main-block\" id=\"\"><style>.ugb-04dcf82 li{--icon-size:20px;margin-bottom:5px !important}.ugb-04dcf82 li::before{height:20px !important;width:20px !important;background-image:url('data:image\/svg+xml;base64,PHN2ZyB2aWV3Qm94PSIwIDAgMTkwIDE5MCIgeG1sbnM9Imh0dHA6Ly93d3cudzMub3JnLzIwMDAvc3ZnIiBzdHlsZT0iZmlsbDojMDBkMDg0Ij48cGF0aCBkPSJNNTkuNCAxNzcuNWw4Mi40LTgyLjQtODIuNC04Mi4zLTEwLjYgMTAuNiA3MS44IDcxLjctNzEuOCA3MS44IDEwLjYgMTAuNnoiPjwvcGF0aD48L3N2Zz4=')}.ugb-04dcf82 li ul{margin-bottom:5px !important}.ugb-04dcf82.ugb-icon-list ul{columns:1}<\/style><div class=\"ugb-inner-block\"><div class=\"ugb-block-content\"><ul><li><a rel=\"noreferrer noopener\" aria-label=\"PWV forecast from the GFS (Global Forecast System) model (opens in a new tab)\" href=\"http:\/\/www.eso.org\/gen-fac\/pubs\/astclim\/forecast\/gfs\/APEX\/\" target=\"_blank\">Pron\u00f3stico de PWV del modelo GFS (Global Forecast System)<\/a><\/li><li><a rel=\"noreferrer noopener\" aria-label=\"Direcci\u00f3n Meteorol\u00f3gica de Chile (opens in a new tab)\" href=\"http:\/\/www.meteochile.cl\/PortalDMC-web\/otros_pronosticos\/pronostico_cordillera.xhtml\" target=\"_blank\">Direcci\u00f3n Meteorol\u00f3gica de Chile<\/a>. Pron\u00f3sticos-Cordillera, Regi\u00f3n de Antofagasta.<\/li><li><a href=\"http:\/\/www.apex-telescope.org\/weather\/RadioMeter\/index.php\" target=\"_blank\" rel=\"noreferrer noopener\">Mediciones con radi\u00f3metro de PWV basados en el pron\u00f3stico GFS.<\/a><\/li><li><a rel=\"noreferrer noopener\" aria-label=\"ALMA weather stations (opens in a new tab)\" href=\"http:\/\/weather.aiv.alma.cl\/all\/30min.php\" target=\"_blank\">Estaci\u00f3n meteorol\u00f3gica de ALMA<\/a> (intranet de ESO)<\/li><li><a rel=\"noreferrer noopener\" aria-label=\"Yr.no (opens in a new tab)\" href=\"https:\/\/www.yr.no\/place\/Bolivia\/Potos%C3%AD\/Cerro_Chajnantor\/\" target=\"_blank\">Yr.no<\/a> (Instituto meteorol\u00f3gico Noruego y corporaci\u00f3n Noruega de difusi\u00f3n)<\/li><li><a rel=\"noreferrer noopener\" aria-label=\"Meteogram from Windy.com (opens in a new tab)\" href=\"https:\/\/www.windy.com\/-23.008\/-67.759\/meteogram?-23.072,-67.724,12\" target=\"_blank\">Diagrama meteorol\u00f3gico desde windy.com<\/a><\/li><\/ul><\/div><\/div><\/div>\n\n\n\n<p>A continuaci\u00f3n encontrar\u00e1s enlaces a algunos sitios interesantes con im\u00e1genes satelitales (en ingl\u00e9s)<\/p>\n\n\n\n<div class=\"wp-block-ugb-icon-list ugb-icon-list ugb-3efacc7 ugb-icon-list--v2 ugb-icon--icon-arrow ugb-main-block\" id=\"\"><style>.ugb-3efacc7 li{--icon-size:20px;margin-bottom:5px !important}.ugb-3efacc7 li::before{height:20px !important;width:20px !important;background-image:url('data:image\/svg+xml;base64,PHN2ZyB2aWV3Qm94PSIwIDAgMTkwIDE5MCIgeG1sbnM9Imh0dHA6Ly93d3cudzMub3JnLzIwMDAvc3ZnIiBzdHlsZT0iZmlsbDojMDBkMDg0Ij48cGF0aCBkPSJNNTkuNCAxNzcuNWw4Mi40LTgyLjQtODIuNC04Mi4zLTEwLjYgMTAuNiA3MS44IDcxLjctNzEuOCA3MS44IDEwLjYgMTAuNnoiPjwvcGF0aD48L3N2Zz4=')}.ugb-3efacc7 li ul{margin-bottom:5px !important}.ugb-3efacc7.ugb-icon-list ul{columns:1}<\/style><div class=\"ugb-inner-block\"><div class=\"ugb-block-content\"><ul><li><a rel=\"noreferrer noopener\" aria-label=\"Satellite imagery @ ESO (opens in a new tab)\" href=\"http:\/\/www.eso.org\/gen-fac\/pubs\/astclim\/forecast\/meteo\/CIRA\/\" target=\"_blank\">Im\u00e1genes satelitales @ ESO<\/a>. Fuente NOAA \/ NESDIS. GOES-16 ABI<\/li><li><a rel=\"noreferrer noopener\" aria-label=\"Wunderground.com Global infrared satellite (South America) (opens in a new tab)\" href=\"https:\/\/www.wunderground.com\/maps\/satellite\/infrared\/samer\" target=\"_blank\">Wunderground.com Im\u00e1genes satelitales infrarrojas (Sud Am\u00e9rica)<\/a><\/li><li><a rel=\"noreferrer noopener\" aria-label=\"NRL Monterrey Global Imagery (opens in a new tab)\" href=\"https:\/\/www.nrlmry.navy.mil\/sat-bin\/display10.cgi?SIZE=thumb&amp;PHOT=yes&amp;AREA=global\/eastern_pacific&amp;PROD=vapor&amp;TYPE=&amp;NAV=global&amp;DISPLAY=Latest\" target=\"_blank\">NRL Im\u00e1genes globales Monterrey<\/a> <\/li><li><a rel=\"noreferrer noopener\" aria-label=\"Infrared composite image (opens in a new tab)\" href=\"https:\/\/www.ssec.wisc.edu\/data\/comp\/latest_moll.gif\" target=\"_blank\">Im\u00e1genes infrarrojas compuestas<\/a> desde SSEC (Madison, Univ, de Wisconsin) <\/li><li><a rel=\"noreferrer noopener\" aria-label=\"Space Weather now (opens in a new tab)\" href=\"http:\/\/www.spacewx.com\/Space_Weather_Now.html\" target=\"_blank\">Clima espacial ahora<\/a><\/li><\/ul><\/div><\/div><\/div>\n\n\n\n<hr class=\"wp-block-separator has-css-opacity is-style-wide\"\/>\n\n\n\n<div style=\"height:100px\" aria-hidden=\"true\" class=\"wp-block-spacer\"><\/div>\n","protected":false},"excerpt":{"rendered":"<p>El vapor de agua precipitable (PWV) es el par\u00e1metro crucial que determina la transparencia atmosf\u00e9rica para las observaciones submilim\u00e9tricas. En el llano de Chajnantor, donde APEX se encuentra ubicado, la cantidad de (PVW) es t\u00edpicamente de 1.0 mm y est\u00e1 <a href=\"https:\/\/www.apex-telescope.org\/ns\/es\/el-telescopio\/clima\/\" class=\"read-more\">Read More &#8230;<\/a><\/p>\n","protected":false},"author":1,"featured_media":0,"parent":2444,"menu_order":0,"comment_status":"closed","ping_status":"closed","template":"","meta":{"ngg_post_thumbnail":0,"spay_email":"","footnotes":""},"class_list":["post-2517","page","type-page","status-publish","hentry"],"featured_image_urls":{"full":"","thumbnail":"","medium":"","medium_large":"","large":"","1536x1536":"","2048x2048":"","education-hub-thumb":""},"post_excerpt_stackable":"<p>El vapor de agua precipitable (PWV) es el par\u00e1metro crucial que determina la transparencia atmosf\u00e9rica para las observaciones submilim\u00e9tricas. En el llano de Chajnantor, donde APEX se encuentra ubicado, la cantidad de (PVW) es t\u00edpicamente de 1.0 mm y est\u00e1 por debajo de 0.5 mm el 25% del tiempo. Datos clim\u00e1ticos Consulta aqu\u00ed las condiciones clim\u00e1ticas actuales en Chajnator en el sitio de APEX: PWV, temperatura, humedad, presi\u00f3n, velocidad del viento. Accede tambi\u00e9n a los datos hist\u00f3ricos&#8230;Go Calculador de transmisi\u00f3n atmosf\u00e9rica Para preparar las observaciones y hacer estimaciones de tiempo para diferentes condiciones atmosf\u00e9ricas chequea nuestro calculador de transmisi\u00f3n atmosf\u00e9rica.&hellip;<\/p>\n","category_list":"","author_info":{"name":"apex","url":"https:\/\/www.apex-telescope.org\/ns\/author\/apex\/"},"comments_num":"0 comments","featured_image_urls_v2":{"full":"","thumbnail":"","medium":"","medium_large":"","large":"","1536x1536":"","2048x2048":"","education-hub-thumb":""},"post_excerpt_stackable_v2":"<p>El vapor de agua precipitable (PWV) es el par\u00e1metro crucial que determina la transparencia atmosf\u00e9rica para las observaciones submilim\u00e9tricas. En el llano de Chajnantor, donde APEX se encuentra ubicado, la cantidad de (PVW) es t\u00edpicamente de 1.0 mm y est\u00e1 por debajo de 0.5 mm el 25% del tiempo. Datos clim\u00e1ticos Consulta aqu\u00ed las condiciones clim\u00e1ticas actuales en Chajnator en el sitio de APEX: PWV, temperatura, humedad, presi\u00f3n, velocidad del viento. Accede tambi\u00e9n a los datos hist\u00f3ricos&#8230;Go Calculador de transmisi\u00f3n atmosf\u00e9rica Para preparar las observaciones y hacer estimaciones de tiempo para diferentes condiciones atmosf\u00e9ricas chequea nuestro calculador de transmisi\u00f3n atmosf\u00e9rica.&hellip;<\/p>\n","category_list_v2":"","author_info_v2":{"name":"apex","url":"https:\/\/www.apex-telescope.org\/ns\/author\/apex\/"},"comments_num_v2":"0 comments","_links":{"self":[{"href":"https:\/\/www.apex-telescope.org\/ns\/wp-json\/wp\/v2\/pages\/2517","targetHints":{"allow":["GET"]}}],"collection":[{"href":"https:\/\/www.apex-telescope.org\/ns\/wp-json\/wp\/v2\/pages"}],"about":[{"href":"https:\/\/www.apex-telescope.org\/ns\/wp-json\/wp\/v2\/types\/page"}],"author":[{"embeddable":true,"href":"https:\/\/www.apex-telescope.org\/ns\/wp-json\/wp\/v2\/users\/1"}],"replies":[{"embeddable":true,"href":"https:\/\/www.apex-telescope.org\/ns\/wp-json\/wp\/v2\/comments?post=2517"}],"version-history":[{"count":11,"href":"https:\/\/www.apex-telescope.org\/ns\/wp-json\/wp\/v2\/pages\/2517\/revisions"}],"predecessor-version":[{"id":4762,"href":"https:\/\/www.apex-telescope.org\/ns\/wp-json\/wp\/v2\/pages\/2517\/revisions\/4762"}],"up":[{"embeddable":true,"href":"https:\/\/www.apex-telescope.org\/ns\/wp-json\/wp\/v2\/pages\/2444"}],"wp:attachment":[{"href":"https:\/\/www.apex-telescope.org\/ns\/wp-json\/wp\/v2\/media?parent=2517"}],"curies":[{"name":"wp","href":"https:\/\/api.w.org\/{rel}","templated":true}]}}