{"id":3259,"date":"2020-07-08T00:13:43","date_gmt":"2020-07-08T04:13:43","guid":{"rendered":"http:\/\/www.apex-telescope.org\/ns\/?page_id=3259"},"modified":"2020-07-08T00:28:34","modified_gmt":"2020-07-08T04:28:34","slug":"shefi","status":"publish","type":"page","link":"https:\/\/www.apex-telescope.org\/ns\/es\/instrumentos\/shefi\/","title":{"rendered":"SHeFI"},"content":{"rendered":"\n<p>El <strong>Swedish Heterodyne Facility Instrument (SHeFI)<\/strong> fue contruido por &nbsp;<a href=\"http:\/\/gard04.rss.chalmers.se\/index.html\">el grupo GARD<\/a> en la Universidad de Chalmers, Suecia, en conjunto con el observatorio espacial de Onsala. SHeFI consiste en un receptor heterodino de cuatro canales de banda-ancha de:  230 GHz (APEX-1), 345 GHz (APEX-2), 460 GHz (APEX-3), and 1300 GHz (APEX-T2). Todas las bandas fueron ubicadas dentro de un \u00fanico criostato de ciclo-cerrado, el cual mantuvo la parte m\u00e1s fr\u00eda a una temperatura de 4 Kelvins. Las primeras tres bandas de: 230, 345 y 460GHz usaron mezcladores del tipo SIS (superconductor-insulator-superconductor) y se comportaron como receptores de banda lateral \u00fanica (SSB). La banda de 1.3 THz fue construida usando tecnolog\u00eda de mezladores de bol\u00f3metros de electr\u00f3n caliente (HEB) y fue un receptor de doble banda lateral (DSB).<\/p>\n\n\n\n<div style=\"height:20px\" aria-hidden=\"true\" class=\"wp-block-spacer\"><\/div>\n\n\n\n<div class=\"wp-block-image\"><figure class=\"aligncenter size-large\"><img loading=\"lazy\" decoding=\"async\" width=\"545\" height=\"410\" src=\"http:\/\/www.apex-telescope.org\/ns\/wp-content\/uploads\/2020\/05\/SHeFI.jpg\" alt=\"\" class=\"wp-image-2825\"\/><figcaption>Detalle interior de la estructura del dewar (grupo GARD )<\/figcaption><\/figure><\/div>\n\n\n\n<div style=\"height:20px\" aria-hidden=\"true\" class=\"wp-block-spacer\"><\/div>\n\n\n\n<p>SHeFI fue instalado y puesto en marcha durante el primer trimestre de 2008, en reemplazo del receptor  APEX-2A. El criostato fue ubicado en la posici\u00f3n facility de la cabina Nasmyth-A, donde se qued\u00f3 por casi una d\u00e9cada como el \u00fanico receptor heterodino facility.<\/p>\n\n\n\n<p>Este vesr\u00e1til instrumento multi banda fue capaz de cubrir casi todas las condiciones clim\u00e1ticas de Chajnantor, y como instrumento facility, ha sido usado por todos los socios colaboradores de la comunidad de APEX. A la fecha, SHeFI en APEX ha producido  <a rel=\"noreferrer noopener\" href=\"http:\/\/telbib.eso.org\/index.php?boolany=or&amp;boolaut=or&amp;boolti=or&amp;yearto=2020&amp;instrument%5B%5D=SHFI&amp;boolins=or&amp;booltel=or&amp;flimity=off\" target=\"_blank\">m\u00e1s de 200 publicaciones cient\u00edficas<\/a> cubriendo muchos y variados temas cient\u00edficos. Al final de 2017, SHeFI fue finalmente sacado de servicio, liberando  espacio para la instalaci\u00f3n de instrumentaci\u00f3n m\u00e1s moderna para la cabina-A.<\/p>\n\n\n\n<div style=\"height:20px\" aria-hidden=\"true\" class=\"wp-block-spacer\"><\/div>\n\n\n\n<blockquote class=\"wp-block-quote is-layout-flow wp-block-quote-is-layout-flow\"><p>Referencia principal respecto a SHeFI:<\/p><p>V. Vassilev, D. Meledin, I. Lapkin, V. Belitsky, O. Nystr\u00f6m, D. Henke, A. Pavolotsky, R. Monje, C. Risacher, M. Olberg, M. Strandberg, E. Sundin, M. Fredrixon, S.-E. Ferm, V. Desmaris, D. Dochev, M. Pantaleev, P. Bergman, and H. Olofsson, \u201d<a rel=\"noreferrer noopener\" href=\"https:\/\/www.aanda.org\/articles\/aa\/full\/2008\/42\/aa10459-08\/aa10459-08.html\" target=\"_blank\">Swedish heterodyne facility instrument for the APEX telescope<\/a>\u201d,&nbsp;<em>Astronomy and Astrophysics<\/em>, A&amp;A 490, pp. 1157\u20111163, 2008<\/p><\/blockquote>\n\n\n\n<div style=\"height:20px\" aria-hidden=\"true\" class=\"wp-block-spacer\"><\/div>\n\n\n\n<p>Para leer informaci\u00f3n m\u00e1s detallada respecto a SHeFI puedes visitar:<\/p>\n\n\n\n<div class=\"wp-block-ugb-icon-list ugb-icon-list ugb-4690f65 ugb-icon-list--v2 ugb-icon--icon-check ugb-main-block\" id=\"\"><style>.ugb-4690f65 li{--icon-size:20px;margin-bottom:16px !important}.ugb-4690f65 li::before{height:20px !important;width:20px !important;background-image:url('data:image\/svg+xml;base64,PHN2ZyB2aWV3Qm94PSIwIDAgMTk0IDE5NCIgeG1sbnM9Imh0dHA6Ly93d3cudzMub3JnLzIwMDAvc3ZnIiBzdHlsZT0iZmlsbDojMDBkMDg0Ij48cGF0aCBkPSJNOTYuOSAyYy01Mi40IDAtOTUgNDIuNi05NSA5NXM0Mi42IDk1IDk1IDk1IDk1LTQyLjYgOTUtOTUtNDIuNi05NS05NS05NXpNNzYuNiAxNDQuN2wtMzYuNS0zNi41IDEwLjYtMTAuNiAyNS45IDI1LjkgNjguOC02OC44TDE1NiA2NS4zbC03OS40IDc5LjR6Ij48L3BhdGg+PC9zdmc+')}.ugb-4690f65 li ul{margin-bottom:16px !important}.ugb-4690f65.ugb-icon-list ul{columns:1}<\/style><div class=\"ugb-inner-block\"><div class=\"ugb-block-content\"><ul><li><a rel=\"noreferrer noopener\" href=\"http:\/\/gard04.rss.chalmers.se\/APEX_Web\/index.html\" target=\"_blank\">La p\u00e1gina web de GARD OSO<\/a>, en el proyecto APEX, donde puedes encontrar especificaciones del instrumento, documentaci\u00f3n t\u00e9cnica  y las publicaciones m\u00e1s relevantes de \u00e9ste.<\/li><li>La <a rel=\"noreferrer noopener\" href=\"http:\/\/www.apex-telescope.org\/heterodyne\/shfi\/\" target=\"_blank\">Secci\u00f3n del receptor SHeFI en la secci\u00f3n de legado en la p\u00e1gina web de APEX<\/a>. All\u00ed encontrar\u00e1s toda la informaci\u00f3n respecto a la operaci\u00f3n con SHeFI, como los patrones de observaci\u00f3n soportados, los estimadores de tiempos de observaci\u00f3n y todos los detalles respecto al plan de calibraci\u00f3n.<\/li><\/ul><\/div><\/div><\/div>\n\n\n\n<p><\/p>\n","protected":false},"excerpt":{"rendered":"<p>El Swedish Heterodyne Facility Instrument (SHeFI) fue contruido por &nbsp;el grupo GARD en la Universidad de Chalmers, Suecia, en conjunto con el observatorio espacial de Onsala. SHeFI consiste en un receptor heterodino de cuatro canales de banda-ancha de: 230 GHz <a href=\"https:\/\/www.apex-telescope.org\/ns\/es\/instrumentos\/shefi\/\" class=\"read-more\">Read More &#8230;<\/a><\/p>\n","protected":false},"author":1,"featured_media":0,"parent":2464,"menu_order":0,"comment_status":"closed","ping_status":"closed","template":"","meta":{"ngg_post_thumbnail":0,"spay_email":"","footnotes":""},"class_list":["post-3259","page","type-page","status-publish","hentry"],"featured_image_urls":{"full":"","thumbnail":"","medium":"","medium_large":"","large":"","1536x1536":"","2048x2048":"","education-hub-thumb":""},"post_excerpt_stackable":"<p>El Swedish Heterodyne Facility Instrument (SHeFI) fue contruido por &nbsp;el grupo GARD en la Universidad de Chalmers, Suecia, en conjunto con el observatorio espacial de Onsala. SHeFI consiste en un receptor heterodino de cuatro canales de banda-ancha de: 230 GHz (APEX-1), 345 GHz (APEX-2), 460 GHz (APEX-3), and 1300 GHz (APEX-T2). Todas las bandas fueron ubicadas dentro de un \u00fanico criostato de ciclo-cerrado, el cual mantuvo la parte m\u00e1s fr\u00eda a una temperatura de 4 Kelvins. Las primeras tres bandas de: 230, 345 y 460GHz usaron mezcladores del tipo SIS (superconductor-insulator-superconductor) y se comportaron como receptores de banda lateral \u00fanica&hellip;<\/p>\n","category_list":"","author_info":{"name":"apex","url":"https:\/\/www.apex-telescope.org\/ns\/author\/apex\/"},"comments_num":"0 comments","featured_image_urls_v2":{"full":"","thumbnail":"","medium":"","medium_large":"","large":"","1536x1536":"","2048x2048":"","education-hub-thumb":""},"post_excerpt_stackable_v2":"<p>El Swedish Heterodyne Facility Instrument (SHeFI) fue contruido por &nbsp;el grupo GARD en la Universidad de Chalmers, Suecia, en conjunto con el observatorio espacial de Onsala. SHeFI consiste en un receptor heterodino de cuatro canales de banda-ancha de: 230 GHz (APEX-1), 345 GHz (APEX-2), 460 GHz (APEX-3), and 1300 GHz (APEX-T2). Todas las bandas fueron ubicadas dentro de un \u00fanico criostato de ciclo-cerrado, el cual mantuvo la parte m\u00e1s fr\u00eda a una temperatura de 4 Kelvins. Las primeras tres bandas de: 230, 345 y 460GHz usaron mezcladores del tipo SIS (superconductor-insulator-superconductor) y se comportaron como receptores de banda lateral \u00fanica&hellip;<\/p>\n","category_list_v2":"","author_info_v2":{"name":"apex","url":"https:\/\/www.apex-telescope.org\/ns\/author\/apex\/"},"comments_num_v2":"0 comments","_links":{"self":[{"href":"https:\/\/www.apex-telescope.org\/ns\/wp-json\/wp\/v2\/pages\/3259","targetHints":{"allow":["GET"]}}],"collection":[{"href":"https:\/\/www.apex-telescope.org\/ns\/wp-json\/wp\/v2\/pages"}],"about":[{"href":"https:\/\/www.apex-telescope.org\/ns\/wp-json\/wp\/v2\/types\/page"}],"author":[{"embeddable":true,"href":"https:\/\/www.apex-telescope.org\/ns\/wp-json\/wp\/v2\/users\/1"}],"replies":[{"embeddable":true,"href":"https:\/\/www.apex-telescope.org\/ns\/wp-json\/wp\/v2\/comments?post=3259"}],"version-history":[{"count":5,"href":"https:\/\/www.apex-telescope.org\/ns\/wp-json\/wp\/v2\/pages\/3259\/revisions"}],"predecessor-version":[{"id":3268,"href":"https:\/\/www.apex-telescope.org\/ns\/wp-json\/wp\/v2\/pages\/3259\/revisions\/3268"}],"up":[{"embeddable":true,"href":"https:\/\/www.apex-telescope.org\/ns\/wp-json\/wp\/v2\/pages\/2464"}],"wp:attachment":[{"href":"https:\/\/www.apex-telescope.org\/ns\/wp-json\/wp\/v2\/media?parent=3259"}],"curies":[{"name":"wp","href":"https:\/\/api.w.org\/{rel}","templated":true}]}}