{"id":3292,"date":"2020-07-14T23:12:42","date_gmt":"2020-07-15T03:12:42","guid":{"rendered":"http:\/\/www.apex-telescope.org\/ns\/?page_id=3292"},"modified":"2026-02-09T17:19:49","modified_gmt":"2026-02-09T20:19:49","slug":"ciencia-con-apex","status":"publish","type":"page","link":"https:\/\/www.apex-telescope.org\/ns\/es\/ciencia-con-apex\/","title":{"rendered":"Ciencia con APEX"},"content":{"rendered":"\n<p>Muchos de los m\u00e1s interesantes objetos en el Universo son dif\u00edciles de observar desde nuestro planeta. La luz emitida en longitudes de onda \u00f3pticas e infrarrojas es mayormente bloqueada por la materia interestelar que est\u00e1 entre la fuente emisora y nosotros. Por eso muchas regiones  interesantes del espacio se pueden estudiar solamente a trav\u00e9s de la radiaci\u00f3n en longitudes de onda sub-milim\u00e9tricas. \u00c9sta, sin embargo, es absorbida por el vapor agua contenido en la atm\u00f3sfera sobre la mayor\u00eda de los observatorios del mundo.<\/p>\n\n\n\n<p>Los cielos secos del norte de Chile y  la gran altitud geogr\u00e1fica del sitio de APEX abren una ventana \u00fanica para estudiar la emisi\u00f3n sub-milim\u00e9trica producida por el gas y el polvo fr\u00edo de nuestra Galaxia y mas all\u00e1. APEX es una excelente herramienta para explorar esta ventana, y muchos investigadores alrededor del mundo est\u00e1n usando los datos de APEX para llevar a cabo sus investigaciones en diferentes campos de la astrof\u00edsica. <\/p>\n\n\n\n<div style=\"height:20px\" aria-hidden=\"true\" class=\"wp-block-spacer\"><\/div>\n\n\n<div id=\"metaslider-id-3434\" style=\"max-width: 800px;\" class=\"ml-slider-3-27-3 metaslider metaslider-nivo metaslider-3434 ml-slider\">\n    <div id=\"metaslider_container_3434\">\n        <div class='slider-wrapper theme-default'><div class='ribbon'><\/div><div id='metaslider_3434' class='nivoSlider'><a href=\"https:\/\/www.eso.org\/public\/news\/eso1606\/\" target=\"_blank\"><img loading=\"lazy\" decoding=\"async\" src=\"https:\/\/www.apex-telescope.org\/ns\/wp-content\/uploads\/2020\/05\/ATLASGAL_700x300.jpg\" height=\"300\" width=\"800\" data-caption=\"Terminado el cartografiado de la V&iacute;a L&aacute;ctea ATLASGAL \" title=\"ATLASGAL_700x300\" alt=\"\" class=\"slider-3434 slide-3435\" \/><\/a><a href=\"https:\/\/www.eso.org\/public\/images\/eso1907a\/\" target=\"_blank\"><img loading=\"lazy\" decoding=\"async\" src=\"https:\/\/www.apex-telescope.org\/ns\/wp-content\/uploads\/2020\/05\/BlackHole_EHT_700x300.jpg\" height=\"300\" width=\"800\" data-caption=\"APEX participa en la primera imagen de un agujero negro (EHT)\" title=\"BlackHole_EHT_700x300\" alt=\"\" class=\"slider-3434 slide-3436\" \/><\/a><a href=\"https:\/\/www.eso.org\/public\/news\/eso1812\/\" target=\"_blank\"><img loading=\"lazy\" decoding=\"async\" src=\"https:\/\/www.apex-telescope.org\/ns\/wp-content\/uploads\/2020\/05\/Megamergers_700x300.jpg\" height=\"300\" width=\"800\" data-caption=\"APEX y ALMA descubren una megafusi&oacute;n de galaxias remotas \" title=\"Megamergers_700x300\" alt=\"\" class=\"slider-3434 slide-3437\" \/><\/a><a href=\"https:\/\/www.eso.org\/public\/news\/eso1123\/\" target=\"_blank\"><img loading=\"lazy\" decoding=\"async\" src=\"https:\/\/www.apex-telescope.org\/ns\/wp-content\/uploads\/2020\/05\/Oxygen_peroxyde_700x300.jpg\" height=\"300\" width=\"800\" data-caption=\"Per&oacute;xido de hidr&oacute;geno descubierto en el espacio\" title=\"Oxygen_peroxyde_700x300\" alt=\"\" class=\"slider-3434 slide-3438\" \/><\/a><\/div><\/div>\n        \n    <\/div>\n<\/div>\n\n\n\n<div style=\"height:20px\" aria-hidden=\"true\" class=\"wp-block-spacer\"><\/div>\n\n\n\n<h2 class=\"wp-block-heading\">Quiero saber m\u00e1s&#8230;<\/h2>\n\n\n\n<h3 class=\"wp-block-heading\">&#8230;acerca de los temas de investigaci\u00f3n cubiertos por APEX<\/h3>\n\n\n\n<p>Echa un vistazo a algunos de los <a href=\"http:\/\/www.apex-telescope.org\/ns\/es\/temas-cientificos-dirigidos-con-apex\/\">temas de investigaci\u00f3n<\/a> abordados normalmente por los investigadores usuarios de APEX. <\/p>\n\n\n\n<h3 class=\"wp-block-heading\">&#8230;acerca de las publicaciones basadas en datos de APEX<\/h3>\n\n\n\n<p>Investigadores de todo el mundo han producido hasta el momento m\u00e1s de 750 publicaciones cient\u00edficas, en revistas arbitradas, que est\u00e1n basadas en datos de APEX.<\/p>\n\n\n\n<p>Puedes consultar las <a href=\"http:\/\/www.apex-telescope.org\/ns\/science\/publication-list\/\">publicaciones m\u00e1s recientes<\/a> (en ingl\u00e9s) donde los datos de APEX se han usado para aprender algo m\u00e1s acerca de nuestro Universo.<\/p>\n\n\n\n<div style=\"height:20px\" aria-hidden=\"true\" class=\"wp-block-spacer\"><\/div>\n\n\n\n<p><\/p>\n\n\n\n<div style=\"height:20px\" aria-hidden=\"true\" class=\"wp-block-spacer\"><\/div>\n","protected":false},"excerpt":{"rendered":"<p>Muchos de los m\u00e1s interesantes objetos en el Universo son dif\u00edciles de observar desde nuestro planeta. La luz emitida en longitudes de onda \u00f3pticas e infrarrojas es mayormente bloqueada por la materia interestelar que est\u00e1 entre la fuente emisora y <a href=\"https:\/\/www.apex-telescope.org\/ns\/es\/ciencia-con-apex\/\" class=\"read-more\">Read More &#8230;<\/a><\/p>\n","protected":false},"author":1,"featured_media":0,"parent":0,"menu_order":1,"comment_status":"closed","ping_status":"closed","template":"","meta":{"ngg_post_thumbnail":0,"spay_email":"","footnotes":""},"class_list":["post-3292","page","type-page","status-publish","hentry"],"featured_image_urls":{"full":"","thumbnail":"","medium":"","medium_large":"","large":"","1536x1536":"","2048x2048":"","education-hub-thumb":""},"post_excerpt_stackable":"<p>Muchos de los m\u00e1s interesantes objetos en el Universo son dif\u00edciles de observar desde nuestro planeta. La luz emitida en longitudes de onda \u00f3pticas e infrarrojas es mayormente bloqueada por la materia interestelar que est\u00e1 entre la fuente emisora y nosotros. Por eso muchas regiones interesantes del espacio se pueden estudiar solamente a trav\u00e9s de la radiaci\u00f3n en longitudes de onda sub-milim\u00e9tricas. \u00c9sta, sin embargo, es absorbida por el vapor agua contenido en la atm\u00f3sfera sobre la mayor\u00eda de los observatorios del mundo. Los cielos secos del norte de Chile y la gran altitud geogr\u00e1fica del sitio de APEX abren&hellip;<\/p>\n","category_list":"","author_info":{"name":"apex","url":"https:\/\/www.apex-telescope.org\/ns\/author\/apex\/"},"comments_num":"0 comments","featured_image_urls_v2":{"full":"","thumbnail":"","medium":"","medium_large":"","large":"","1536x1536":"","2048x2048":"","education-hub-thumb":""},"post_excerpt_stackable_v2":"<p>Muchos de los m\u00e1s interesantes objetos en el Universo son dif\u00edciles de observar desde nuestro planeta. La luz emitida en longitudes de onda \u00f3pticas e infrarrojas es mayormente bloqueada por la materia interestelar que est\u00e1 entre la fuente emisora y nosotros. Por eso muchas regiones interesantes del espacio se pueden estudiar solamente a trav\u00e9s de la radiaci\u00f3n en longitudes de onda sub-milim\u00e9tricas. \u00c9sta, sin embargo, es absorbida por el vapor agua contenido en la atm\u00f3sfera sobre la mayor\u00eda de los observatorios del mundo. Los cielos secos del norte de Chile y la gran altitud geogr\u00e1fica del sitio de APEX abren&hellip;<\/p>\n","category_list_v2":"","author_info_v2":{"name":"apex","url":"https:\/\/www.apex-telescope.org\/ns\/author\/apex\/"},"comments_num_v2":"0 comments","_links":{"self":[{"href":"https:\/\/www.apex-telescope.org\/ns\/wp-json\/wp\/v2\/pages\/3292","targetHints":{"allow":["GET"]}}],"collection":[{"href":"https:\/\/www.apex-telescope.org\/ns\/wp-json\/wp\/v2\/pages"}],"about":[{"href":"https:\/\/www.apex-telescope.org\/ns\/wp-json\/wp\/v2\/types\/page"}],"author":[{"embeddable":true,"href":"https:\/\/www.apex-telescope.org\/ns\/wp-json\/wp\/v2\/users\/1"}],"replies":[{"embeddable":true,"href":"https:\/\/www.apex-telescope.org\/ns\/wp-json\/wp\/v2\/comments?post=3292"}],"version-history":[{"count":5,"href":"https:\/\/www.apex-telescope.org\/ns\/wp-json\/wp\/v2\/pages\/3292\/revisions"}],"predecessor-version":[{"id":3440,"href":"https:\/\/www.apex-telescope.org\/ns\/wp-json\/wp\/v2\/pages\/3292\/revisions\/3440"}],"wp:attachment":[{"href":"https:\/\/www.apex-telescope.org\/ns\/wp-json\/wp\/v2\/media?parent=3292"}],"curies":[{"name":"wp","href":"https:\/\/api.w.org\/{rel}","templated":true}]}}