{"id":3295,"date":"2020-07-14T23:54:36","date_gmt":"2020-07-15T03:54:36","guid":{"rendered":"http:\/\/www.apex-telescope.org\/ns\/?page_id=3295"},"modified":"2020-07-14T23:54:39","modified_gmt":"2020-07-15T03:54:39","slug":"temas-cientificos-dirigidos-con-apex","status":"publish","type":"page","link":"https:\/\/www.apex-telescope.org\/ns\/es\/temas-cientificos-dirigidos-con-apex\/","title":{"rendered":"Temas cient\u00edficos dirigidos  con APEX"},"content":{"rendered":"\n<div class=\"wp-block-ugb-spacer ugb-spacer ugb-ffc8292 ugb-spacer--v2 ugb-main-block\" id=\"\"><div class=\"ugb-inner-block\"><div class=\"ugb-block-content\"><div class=\"ugb-spacer--inner\"><\/div><\/div><\/div><\/div>\n\n\n\n<div class=\"wp-block-media-text alignwide is-stacked-on-mobile\" style=\"grid-template-columns:40% auto\"><figure class=\"wp-block-media-text__media\"><img loading=\"lazy\" decoding=\"async\" width=\"320\" height=\"362\" src=\"http:\/\/www.apex-telescope.org\/ns\/wp-content\/uploads\/2018\/12\/Taurus_filament.jpg\" alt=\"\" class=\"wp-image-592\" srcset=\"https:\/\/www.apex-telescope.org\/ns\/wp-content\/uploads\/2018\/12\/Taurus_filament.jpg 320w, https:\/\/www.apex-telescope.org\/ns\/wp-content\/uploads\/2018\/12\/Taurus_filament-265x300.jpg 265w, https:\/\/www.apex-telescope.org\/ns\/wp-content\/uploads\/2018\/12\/Taurus_filament-239x270.jpg 239w\" sizes=\"auto, (max-width: 320px) 100vw, 320px\" \/><\/figure><div class=\"wp-block-media-text__content\">\n<h2 class=\"wp-block-heading\">Medio interestelar en nuestra Galaxia<\/h2>\n\n\n\n<p class=\"has-large-font-size\">APEX es muy a menudo usado por cient\u00edficos para estudiar procesos f\u00edsicos que ocurren en el medio interestelar dentro de nuestra Galaxia, y tambi\u00e9n en otras galaxias cercanas como las nubes Magall\u00e1nicas. Dos de los temas de investigaci\u00f3n m\u00e1s importantes son: los procesos de formaci\u00f3n de estrellas y planetas, y los mecanismos que conducen a la formaci\u00f3n de nuevas estrellas y sistemas solares. Estos procesos ocurren en regiones relativamente densas de gas y polvo del espacio, las conocidas como nubes moleculares. En la profundidad de ellas, las part\u00edculas est\u00e1n bien aisladas de lo fotones de alta energ\u00eda, y ellas pueden interactuar y agregarse para formar mol\u00e9culas complejas. En este fr\u00edo ambiente de un par de d\u00e9cimas de Kelvin, estas mol\u00e9culas rotan, emitiendo radiaci\u00f3n en radiaci\u00f3n en frecuencias  sub-milim\u00e9tricas, las cuales pueden ser detecatdas por APEX con sus instrumentos heterodinos.<\/p>\n<\/div><\/div>\n\n\n\n<div class=\"wp-block-ugb-spacer ugb-spacer ugb-f4fff70 ugb-spacer--v2 ugb-main-block\" id=\"\"><div class=\"ugb-inner-block\"><div class=\"ugb-block-content\"><div class=\"ugb-spacer--inner\"><\/div><\/div><\/div><\/div>\n\n\n\n<div class=\"wp-block-media-text alignwide has-media-on-the-right is-stacked-on-mobile\" style=\"grid-template-columns:auto 40%\"><figure class=\"wp-block-media-text__media\"><img loading=\"lazy\" decoding=\"async\" width=\"320\" height=\"362\" src=\"http:\/\/www.apex-telescope.org\/ns\/wp-content\/uploads\/2018\/12\/cdfs_sm.jpg\" alt=\"\" class=\"wp-image-600\" srcset=\"https:\/\/www.apex-telescope.org\/ns\/wp-content\/uploads\/2018\/12\/cdfs_sm.jpg 320w, https:\/\/www.apex-telescope.org\/ns\/wp-content\/uploads\/2018\/12\/cdfs_sm-265x300.jpg 265w, https:\/\/www.apex-telescope.org\/ns\/wp-content\/uploads\/2018\/12\/cdfs_sm-239x270.jpg 239w\" sizes=\"auto, (max-width: 320px) 100vw, 320px\" \/><\/figure><div class=\"wp-block-media-text__content\">\n<h2 class=\"wp-block-heading\">El universo y otras galaxias<\/h2>\n\n\n\n<p class=\"has-large-font-size\">Ya que la mayor\u00eda de la luz estelar emergiendo desde la masiva regi\u00f3n de formaci\u00f3n de estrellas es inmediatamente absorbida por las nubes polvorientas a su alrededor, incluso las m\u00e1s destellantes galaxiasson dif\u00edcilesde observar a longitudes de onda \u00f3ptica. La radiaci\u00f3n absorbida es reemitida por el polvo como radiaci\u00f3n infrarroja de longitud de onda larga la cual puede escapar de la regiones de formaci\u00f3n de estrellas, pero no puede atravesar la atm\u00f3sfera terrestre. Sin embargo, para objetos muy distantes esta radiaci\u00f3n est\u00e1 corrida al rojo hacia longitudes de onda submilim\u00e9tricas. Lo anterior, las hace accesibles desde la tierra en algunos lugares espec\u00edficos, tal como el llano de Chajnantor. De esta manera APEX ha sido capaz de observar la luz desde galaxias distantes, ayudando a  astr\u00f3nomos a conocer m\u00e1s respecto a la formaci\u00f3n de estrellas en el Universo lejano.<\/p>\n<\/div><\/div>\n\n\n\n<div class=\"wp-block-ugb-spacer ugb-spacer ugb-43997be ugb-spacer--v2 ugb-main-block\" id=\"\"><div class=\"ugb-inner-block\"><div class=\"ugb-block-content\"><div class=\"ugb-spacer--inner\"><\/div><\/div><\/div><\/div>\n","protected":false},"excerpt":{"rendered":"<p>Medio interestelar en nuestra Galaxia APEX es muy a menudo usado por cient\u00edficos para estudiar procesos f\u00edsicos que ocurren en el medio interestelar dentro de nuestra Galaxia, y tambi\u00e9n en otras galaxias cercanas como las nubes Magall\u00e1nicas. Dos de los <a href=\"https:\/\/www.apex-telescope.org\/ns\/es\/temas-cientificos-dirigidos-con-apex\/\" class=\"read-more\">Read More &#8230;<\/a><\/p>\n","protected":false},"author":1,"featured_media":0,"parent":0,"menu_order":0,"comment_status":"closed","ping_status":"closed","template":"","meta":{"ngg_post_thumbnail":0,"spay_email":"","footnotes":""},"class_list":["post-3295","page","type-page","status-publish","hentry"],"featured_image_urls":{"full":"","thumbnail":"","medium":"","medium_large":"","large":"","1536x1536":"","2048x2048":"","education-hub-thumb":""},"post_excerpt_stackable":"<p>Medio interestelar en nuestra Galaxia APEX es muy a menudo usado por cient\u00edficos para estudiar procesos f\u00edsicos que ocurren en el medio interestelar dentro de nuestra Galaxia, y tambi\u00e9n en otras galaxias cercanas como las nubes Magall\u00e1nicas. Dos de los temas de investigaci\u00f3n m\u00e1s importantes son: los procesos de formaci\u00f3n de estrellas y planetas, y los mecanismos que conducen a la formaci\u00f3n de nuevas estrellas y sistemas solares. Estos procesos ocurren en regiones relativamente densas de gas y polvo del espacio, las conocidas como nubes moleculares. En la profundidad de ellas, las part\u00edculas est\u00e1n bien aisladas de lo fotones de&hellip;<\/p>\n","category_list":"","author_info":{"name":"apex","url":"https:\/\/www.apex-telescope.org\/ns\/author\/apex\/"},"comments_num":"0 comments","featured_image_urls_v2":{"full":"","thumbnail":"","medium":"","medium_large":"","large":"","1536x1536":"","2048x2048":"","education-hub-thumb":""},"post_excerpt_stackable_v2":"<p>Medio interestelar en nuestra Galaxia APEX es muy a menudo usado por cient\u00edficos para estudiar procesos f\u00edsicos que ocurren en el medio interestelar dentro de nuestra Galaxia, y tambi\u00e9n en otras galaxias cercanas como las nubes Magall\u00e1nicas. Dos de los temas de investigaci\u00f3n m\u00e1s importantes son: los procesos de formaci\u00f3n de estrellas y planetas, y los mecanismos que conducen a la formaci\u00f3n de nuevas estrellas y sistemas solares. Estos procesos ocurren en regiones relativamente densas de gas y polvo del espacio, las conocidas como nubes moleculares. En la profundidad de ellas, las part\u00edculas est\u00e1n bien aisladas de lo fotones de&hellip;<\/p>\n","category_list_v2":"","author_info_v2":{"name":"apex","url":"https:\/\/www.apex-telescope.org\/ns\/author\/apex\/"},"comments_num_v2":"0 comments","_links":{"self":[{"href":"https:\/\/www.apex-telescope.org\/ns\/wp-json\/wp\/v2\/pages\/3295","targetHints":{"allow":["GET"]}}],"collection":[{"href":"https:\/\/www.apex-telescope.org\/ns\/wp-json\/wp\/v2\/pages"}],"about":[{"href":"https:\/\/www.apex-telescope.org\/ns\/wp-json\/wp\/v2\/types\/page"}],"author":[{"embeddable":true,"href":"https:\/\/www.apex-telescope.org\/ns\/wp-json\/wp\/v2\/users\/1"}],"replies":[{"embeddable":true,"href":"https:\/\/www.apex-telescope.org\/ns\/wp-json\/wp\/v2\/comments?post=3295"}],"version-history":[{"count":1,"href":"https:\/\/www.apex-telescope.org\/ns\/wp-json\/wp\/v2\/pages\/3295\/revisions"}],"predecessor-version":[{"id":3296,"href":"https:\/\/www.apex-telescope.org\/ns\/wp-json\/wp\/v2\/pages\/3295\/revisions\/3296"}],"wp:attachment":[{"href":"https:\/\/www.apex-telescope.org\/ns\/wp-json\/wp\/v2\/media?parent=3295"}],"curies":[{"name":"wp","href":"https:\/\/api.w.org\/{rel}","templated":true}]}}