{"id":5178,"date":"2026-02-09T17:57:50","date_gmt":"2026-02-09T20:57:50","guid":{"rendered":"https:\/\/www.apex-telescope.org\/ns\/?page_id=5178"},"modified":"2026-02-09T17:59:27","modified_gmt":"2026-02-09T20:59:27","slug":"seguridad","status":"publish","type":"page","link":"https:\/\/www.apex-telescope.org\/ns\/es\/el-proyecto\/seguridad\/","title":{"rendered":"Seguridad"},"content":{"rendered":"\n<p>Aqu\u00ed puedes encontrar informaci\u00f3n sobre seguridad en APEX. Navega por nuestros <a href=\"#safetydocs\">documentos de seguridad<\/a> para familiarizarte con los procedimientos y protocolos de seguridad al visitar o trabajar en APEX.<\/p>\n\n\n<p>Tambi\u00e9n puedes buscar <a href=\"https:\/\/www.apex-telescope.org\/ns\/es\/contactos-de-emergencia\/\" target=\"_blank\" rel=\"noreferrer noopener\">contactos de emergencia<\/a>.<\/p>\n\n\n<a id=\"safetydocs\"><\/a>\n\n\n<div style=\"height:50px\" aria-hidden=\"true\" class=\"wp-block-spacer\"><\/div>\n\n\n<h2 class=\"wp-block-heading\">Documentos de seguridad<\/h2>\n\n<div class='w3eden'><!-- WPDM Link Template: Call to Action 3 -->\n\n<div class=\"well c2a3\">\n    <div class=\"media\">\n        <div class=\"mr-3\" align=\"left\">\n            <img decoding=\"async\" class=\"wpdm_icon\" alt=\"Icon\"   src=\"http:\/\/www.apex-telescope.org\/ns\/wp-content\/plugins\/download-manager\/assets\/file-type-icons\/pdf.svg\" \/>\n        <\/div>\n        <div class=\"media-body\">\n            <h3 class=\"media-heading\" style=\"padding-top: 0px;border:0px;margin: 0 0 5px 0;font-size:12pt;\">\n                <a style=\"font-weight: 700\" href=\"https:\/\/www.apex-telescope.org\/ns\/download\/apex-safety-plan\/\">APEX safety plan<\/a>\n                <span style=\"font-size:8pt;font-weight:300\" class=\"text-muted ml-4\">\n                    <i class=\"fas fa-hdd mr-1\"><\/i> 367.13 KB\n                    <i class=\"ml-3 far fa-arrow-alt-circle-down mr-1\"><\/i> 207 downloads\n                <\/span>\n            <\/h3>\n            by Lars-\u00c5ke Nyman (2019-08-09)\n...\n        <\/div>\n        <div class=\"ml-3\" align=\"right\">\n            <a class='wpdm-download-link download-on-click btn btn-primary btn-sm' rel='nofollow' href='#' data-downloadurl=\"https:\/\/www.apex-telescope.org\/ns\/download\/apex-safety-plan\/?wpdmdl=2172&refresh=69f3a01cb1c761777573916\">Download<\/a>\n        <\/div>\n    <\/div>\n\n<\/div>\n<style>\n    .well.c2a3 .btn {\n        padding: 11px 30px;\n        font-size: 11pt;\n    }\n\n    .well.c2a3 .media-body {\n        font-size: 11pt;\n    }\n\n    .well.c2a3 .wpdm_icon {\n        height: 42px;\n        width: auto;\n    }<\/style>\n<\/div>\n\n<div class='w3eden'><!-- WPDM Link Template: Call to Action 3 -->\n\n<div class=\"well c2a3\">\n    <div class=\"media\">\n        <div class=\"mr-3\" align=\"left\">\n            <img decoding=\"async\" class=\"wpdm_icon\" alt=\"Icon\"   src=\"http:\/\/www.apex-telescope.org\/ns\/wp-content\/plugins\/download-manager\/assets\/file-type-icons\/pdf.svg\" \/>\n        <\/div>\n        <div class=\"media-body\">\n            <h3 class=\"media-heading\" style=\"padding-top: 0px;border:0px;margin: 0 0 5px 0;font-size:12pt;\">\n                <a style=\"font-weight: 700\" href=\"https:\/\/www.apex-telescope.org\/ns\/download\/apex-safety-regulations\/\">APEX safety regulations<\/a>\n                <span style=\"font-size:8pt;font-weight:300\" class=\"text-muted ml-4\">\n                    <i class=\"fas fa-hdd mr-1\"><\/i> 550.67 KB\n                    <i class=\"ml-3 far fa-arrow-alt-circle-down mr-1\"><\/i> 209 downloads\n                <\/span>\n            <\/h3>\n            by Lars-\u00c5ke Nyman (2019-08-09)\n...\n        <\/div>\n        <div class=\"ml-3\" align=\"right\">\n            <a class='wpdm-download-link download-on-click btn btn-primary btn-sm' rel='nofollow' href='#' data-downloadurl=\"https:\/\/www.apex-telescope.org\/ns\/download\/apex-safety-regulations\/?wpdmdl=2177&refresh=69f3a01cb39381777573916\">Download<\/a>\n        <\/div>\n    <\/div>\n\n<\/div>\n<style>\n    .well.c2a3 .btn {\n        padding: 11px 30px;\n        font-size: 11pt;\n    }\n\n    .well.c2a3 .media-body {\n        font-size: 11pt;\n    }\n\n    .well.c2a3 .wpdm_icon {\n        height: 42px;\n        width: auto;\n    }<\/style>\n<\/div>\n\n<div class='w3eden'><!-- WPDM Link Template: Call to Action 3 -->\n\n<div class=\"well c2a3\">\n    <div class=\"media\">\n        <div class=\"mr-3\" align=\"left\">\n            <img decoding=\"async\" class=\"wpdm_icon\" alt=\"Icon\" src=\"https:\/\/www.apex-telescope.org\/ns\/wp-content\/plugins\/download-manager\/assets\/file-type-icons\/pdf.svg\" \/>\n        <\/div>\n        <div class=\"media-body\">\n            <h3 class=\"media-heading\" style=\"padding-top: 0px;border:0px;margin: 0 0 5px 0;font-size:12pt;\">\n                <a style=\"font-weight: 700\" href=\"https:\/\/www.apex-telescope.org\/ns\/download\/apex-on-site-authorities\/\">APEX on-site authorities<\/a>\n                <span style=\"font-size:8pt;font-weight:300\" class=\"text-muted ml-4\">\n                    <i class=\"fas fa-hdd mr-1\"><\/i> 255.66 KB\n                    <i class=\"ml-3 far fa-arrow-alt-circle-down mr-1\"><\/i> 89 downloads\n                <\/span>\n            <\/h3>\n            by Carlos Dur\u00e1n et al. (2021-12-26)\n...\n        <\/div>\n        <div class=\"ml-3\" align=\"right\">\n            <a class='wpdm-download-link download-on-click btn btn-primary btn-sm' rel='nofollow' href='#' data-downloadurl=\"https:\/\/www.apex-telescope.org\/ns\/download\/apex-on-site-authorities\/?wpdmdl=4250&refresh=69f3a01cb4fbc1777573916\">Download<\/a>\n        <\/div>\n    <\/div>\n\n<\/div>\n<style>\n    .well.c2a3 .btn {\n        padding: 11px 30px;\n        font-size: 11pt;\n    }\n\n    .well.c2a3 .media-body {\n        font-size: 11pt;\n    }\n\n    .well.c2a3 .wpdm_icon {\n        height: 42px;\n        width: auto;\n    }<\/style>\n<\/div>\n\n<div class='w3eden'><!-- WPDM Link Template: Call to Action 3 -->\n\n<div class=\"well c2a3\">\n    <div class=\"media\">\n        <div class=\"mr-3\" align=\"left\">\n            <img decoding=\"async\" class=\"wpdm_icon\" alt=\"Icon\"   src=\"http:\/\/www.apex-telescope.org\/ns\/wp-content\/plugins\/download-manager\/assets\/file-type-icons\/pdf.svg\" \/>\n        <\/div>\n        <div class=\"media-body\">\n            <h3 class=\"media-heading\" style=\"padding-top: 0px;border:0px;margin: 0 0 5px 0;font-size:12pt;\">\n                <a style=\"font-weight: 700\" href=\"https:\/\/www.apex-telescope.org\/ns\/download\/apex-crane-lifting-procedure\/\">APEX crane lifting procedure<\/a>\n                <span style=\"font-size:8pt;font-weight:300\" class=\"text-muted ml-4\">\n                    <i class=\"fas fa-hdd mr-1\"><\/i> 277.54 KB\n                    <i class=\"ml-3 far fa-arrow-alt-circle-down mr-1\"><\/i> 161 downloads\n                <\/span>\n            <\/h3>\n            by Lars-\u00c5ke Nyman (2019-08-09)\n...\n        <\/div>\n        <div class=\"ml-3\" align=\"right\">\n            <a class='wpdm-download-link download-on-click btn btn-primary btn-sm' rel='nofollow' href='#' data-downloadurl=\"https:\/\/www.apex-telescope.org\/ns\/download\/apex-crane-lifting-procedure\/?wpdmdl=2180&refresh=69f3a01cb66071777573916\">Download<\/a>\n        <\/div>\n    <\/div>\n\n<\/div>\n<style>\n    .well.c2a3 .btn {\n        padding: 11px 30px;\n        font-size: 11pt;\n    }\n\n    .well.c2a3 .media-body {\n        font-size: 11pt;\n    }\n\n    .well.c2a3 .wpdm_icon {\n        height: 42px;\n        width: auto;\n    }<\/style>\n<\/div>\n\n\n<hr class=\"wp-block-separator has-css-opacity\"\/>\n\n<div class='w3eden'><!-- WPDM Link Template: Call to Action 3 -->\n\n<div class=\"well c2a3\">\n    <div class=\"media\">\n        <div class=\"mr-3\" align=\"left\">\n            <img decoding=\"async\" class=\"wpdm_icon\" alt=\"Icon\"   src=\"http:\/\/www.apex-telescope.org\/ns\/wp-content\/plugins\/download-manager\/assets\/file-type-icons\/pdf.svg\" \/>\n        <\/div>\n        <div class=\"media-body\">\n            <h3 class=\"media-heading\" style=\"padding-top: 0px;border:0px;margin: 0 0 5px 0;font-size:12pt;\">\n                <a style=\"font-weight: 700\" href=\"https:\/\/www.apex-telescope.org\/ns\/download\/apex-visitor-waiver-and-release-agreement\/\">APEX visitor waiver and release agreement<\/a>\n                <span style=\"font-size:8pt;font-weight:300\" class=\"text-muted ml-4\">\n                    <i class=\"fas fa-hdd mr-1\"><\/i> 1.03 MB\n                    <i class=\"ml-3 far fa-arrow-alt-circle-down mr-1\"><\/i> 212 downloads\n                <\/span>\n            <\/h3>\n            by Lars-\u00c5ke Nyman (2018-11-25) \n...\n        <\/div>\n        <div class=\"ml-3\" align=\"right\">\n            <a class='wpdm-download-link download-on-click btn btn-primary btn-sm' rel='nofollow' href='#' data-downloadurl=\"https:\/\/www.apex-telescope.org\/ns\/download\/apex-visitor-waiver-and-release-agreement\/?wpdmdl=2190&refresh=69f3a01cb7c681777573916\">Download<\/a>\n        <\/div>\n    <\/div>\n\n<\/div>\n<style>\n    .well.c2a3 .btn {\n        padding: 11px 30px;\n        font-size: 11pt;\n    }\n\n    .well.c2a3 .media-body {\n        font-size: 11pt;\n    }\n\n    .well.c2a3 .wpdm_icon {\n        height: 42px;\n        width: auto;\n    }<\/style>\n<\/div>\n\n<div class='w3eden'><!-- WPDM Link Template: Call to Action 3 -->\n\n<div class=\"well c2a3\">\n    <div class=\"media\">\n        <div class=\"mr-3\" align=\"left\">\n            <img decoding=\"async\" class=\"wpdm_icon\" alt=\"Icon\"   src=\"http:\/\/www.apex-telescope.org\/ns\/wp-content\/plugins\/download-manager\/assets\/file-type-icons\/pdf.svg\" \/>\n        <\/div>\n        <div class=\"media-body\">\n            <h3 class=\"media-heading\" style=\"padding-top: 0px;border:0px;margin: 0 0 5px 0;font-size:12pt;\">\n                <a style=\"font-weight: 700\" href=\"https:\/\/www.apex-telescope.org\/ns\/download\/high-altitude-medical-exam-hame-certificate\/\">High Altitude Medical Exam (HAME) certificate<\/a>\n                <span style=\"font-size:8pt;font-weight:300\" class=\"text-muted ml-4\">\n                    <i class=\"fas fa-hdd mr-1\"><\/i> 50.79 KB\n                    <i class=\"ml-3 far fa-arrow-alt-circle-down mr-1\"><\/i> 465 downloads\n                <\/span>\n            <\/h3>\n            ...\n        <\/div>\n        <div class=\"ml-3\" align=\"right\">\n            <a class='wpdm-download-link download-on-click btn btn-primary btn-sm' rel='nofollow' href='#' data-downloadurl=\"https:\/\/www.apex-telescope.org\/ns\/download\/high-altitude-medical-exam-hame-certificate\/?wpdmdl=3015&refresh=69f3a01cb92a21777573916\">Download<\/a>\n        <\/div>\n    <\/div>\n\n<\/div>\n<style>\n    .well.c2a3 .btn {\n        padding: 11px 30px;\n        font-size: 11pt;\n    }\n\n    .well.c2a3 .media-body {\n        font-size: 11pt;\n    }\n\n    .well.c2a3 .wpdm_icon {\n        height: 42px;\n        width: auto;\n    }<\/style>\n<\/div>\n\n<div class='w3eden'><!-- WPDM Link Template: Call to Action 3 -->\n\n<div class=\"well c2a3\">\n    <div class=\"media\">\n        <div class=\"mr-3\" align=\"left\">\n            <img decoding=\"async\" class=\"wpdm_icon\" alt=\"Icon\"   src=\"http:\/\/www.apex-telescope.org\/ns\/wp-content\/plugins\/download-manager\/assets\/file-type-icons\/pdf.svg\" \/>\n        <\/div>\n        <div class=\"media-body\">\n            <h3 class=\"media-heading\" style=\"padding-top: 0px;border:0px;margin: 0 0 5px 0;font-size:12pt;\">\n                <a style=\"font-weight: 700\" href=\"https:\/\/www.apex-telescope.org\/ns\/download\/acuerdo-sobre-renuncia-y-exencion-de-responsabilidad-del-responsable-de-apex\/\">APEX visitor waiver and release agreement (Spanish version)<\/a>\n                <span style=\"font-size:8pt;font-weight:300\" class=\"text-muted ml-4\">\n                    <i class=\"fas fa-hdd mr-1\"><\/i> 1.03 MB\n                    <i class=\"ml-3 far fa-arrow-alt-circle-down mr-1\"><\/i> 183 downloads\n                <\/span>\n            <\/h3>\n            by Lars-\u00c5ke Nyman (2004-09-27)\n...\n        <\/div>\n        <div class=\"ml-3\" align=\"right\">\n            <a class='wpdm-download-link download-on-click btn btn-primary btn-sm' rel='nofollow' href='#' data-downloadurl=\"https:\/\/www.apex-telescope.org\/ns\/download\/acuerdo-sobre-renuncia-y-exencion-de-responsabilidad-del-responsable-de-apex\/?wpdmdl=2196&refresh=69f3a01cba8f61777573916\">Download<\/a>\n        <\/div>\n    <\/div>\n\n<\/div>\n<style>\n    .well.c2a3 .btn {\n        padding: 11px 30px;\n        font-size: 11pt;\n    }\n\n    .well.c2a3 .media-body {\n        font-size: 11pt;\n    }\n\n    .well.c2a3 .wpdm_icon {\n        height: 42px;\n        width: auto;\n    }<\/style>\n<\/div>\n\n<div class='w3eden'><!-- WPDM Link Template: Call to Action 3 -->\n\n<div class=\"well c2a3\">\n    <div class=\"media\">\n        <div class=\"mr-3\" align=\"left\">\n            <img decoding=\"async\" class=\"wpdm_icon\" alt=\"Icon\"   src=\"http:\/\/www.apex-telescope.org\/ns\/wp-content\/plugins\/download-manager\/assets\/file-type-icons\/pdf.svg\" \/>\n        <\/div>\n        <div class=\"media-body\">\n            <h3 class=\"media-heading\" style=\"padding-top: 0px;border:0px;margin: 0 0 5px 0;font-size:12pt;\">\n                <a style=\"font-weight: 700\" href=\"https:\/\/www.apex-telescope.org\/ns\/download\/apex-safety-training\/\">APEX safety training<\/a>\n                <span style=\"font-size:8pt;font-weight:300\" class=\"text-muted ml-4\">\n                    <i class=\"fas fa-hdd mr-1\"><\/i> 173.89 KB\n                    <i class=\"ml-3 far fa-arrow-alt-circle-down mr-1\"><\/i> 173 downloads\n                <\/span>\n            <\/h3>\n            by Lars-\u00c5ke Nyman (2004-09-27)\n...\n        <\/div>\n        <div class=\"ml-3\" align=\"right\">\n            <a class='wpdm-download-link download-on-click btn btn-primary btn-sm' rel='nofollow' href='#' data-downloadurl=\"https:\/\/www.apex-telescope.org\/ns\/download\/apex-safety-training\/?wpdmdl=2185&refresh=69f3a01cbbf351777573916\">Download<\/a>\n        <\/div>\n    <\/div>\n\n<\/div>\n<style>\n    .well.c2a3 .btn {\n        padding: 11px 30px;\n        font-size: 11pt;\n    }\n\n    .well.c2a3 .media-body {\n        font-size: 11pt;\n    }\n\n    .well.c2a3 .wpdm_icon {\n        height: 42px;\n        width: auto;\n    }<\/style>\n<\/div>\n\n<div class='w3eden'><!-- WPDM Link Template: Call to Action 3 -->\n\n<div class=\"well c2a3\">\n    <div class=\"media\">\n        <div class=\"mr-3\" align=\"left\">\n            <img decoding=\"async\" class=\"wpdm_icon\" alt=\"Icon\"   src=\"http:\/\/www.apex-telescope.org\/ns\/wp-content\/plugins\/download-manager\/assets\/file-type-icons\/pdf.svg\" \/>\n        <\/div>\n        <div class=\"media-body\">\n            <h3 class=\"media-heading\" style=\"padding-top: 0px;border:0px;margin: 0 0 5px 0;font-size:12pt;\">\n                <a style=\"font-weight: 700\" href=\"https:\/\/www.apex-telescope.org\/ns\/download\/apex-list-of-safety-material\/\">APEX list of safety material<\/a>\n                <span style=\"font-size:8pt;font-weight:300\" class=\"text-muted ml-4\">\n                    <i class=\"fas fa-hdd mr-1\"><\/i> 176.75 KB\n                    <i class=\"ml-3 far fa-arrow-alt-circle-down mr-1\"><\/i> 168 downloads\n                <\/span>\n            <\/h3>\n            by Lars-\u00c5ke Nyman (2004-09-27)\n...\n        <\/div>\n        <div class=\"ml-3\" align=\"right\">\n            <a class='wpdm-download-link download-on-click btn btn-primary btn-sm' rel='nofollow' href='#' data-downloadurl=\"https:\/\/www.apex-telescope.org\/ns\/download\/apex-list-of-safety-material\/?wpdmdl=2199&refresh=69f3a01cbd6431777573916\">Download<\/a>\n        <\/div>\n    <\/div>\n\n<\/div>\n<style>\n    .well.c2a3 .btn {\n        padding: 11px 30px;\n        font-size: 11pt;\n    }\n\n    .well.c2a3 .media-body {\n        font-size: 11pt;\n    }\n\n    .well.c2a3 .wpdm_icon {\n        height: 42px;\n        width: auto;\n    }<\/style>\n<\/div>\n\n\n<div style=\"height:50px\" aria-hidden=\"true\" class=\"wp-block-spacer\"><\/div>\n\n\n<h2 class=\"wp-block-heading\">P\u00e1ginas internas de seguridad de APEX<\/h2>\n\n\n<div class=\"wp-block-ugb-icon-list ugb-icon-list ugb-icon--icon-arrow ugb-48b052f ugb-icon-list--v2 ugb-main-block\"><style>.ugb-48b052f li{margin-bottom:7px !important}.ugb-48b052f li::before{background-image:url('data:image\/svg+xml;base64,PHN2ZyB4bWxucz0iaHR0cDovL3d3dy53My5vcmcvMjAwMC9zdmciIHZpZXdCb3g9IjAgMCAxOTQgMTk0IiBzdHlsZT0iZmlsbDogIzAwZDA4NCAhaW1wb3J0YW50OyBjb2xvcjogIzAwZDA4NCAhaW1wb3J0YW50Ij48cGF0aCBkPSJNOTYuOSAyYy01Mi40IDAtOTUgNDIuNi05NSA5NXM0Mi42IDk1IDk1IDk1IDk1LTQyLjYgOTUtOTUtNDIuNi05NS05NS05NXpNNzguMiAxNTAuNGwtMTAuNi0xMC42TDExMC4zIDk3IDY3LjYgNTQuMmwxMC42LTEwLjZMMTMxLjUgOTdsLTUzLjMgNTMuNHoiIGZpbGw9IiMwMGQwODQiIHN0cm9rZT0iIzAwZDA4NCIgc3R5bGU9ImZpbGw6IHJnYigwLCAyMDgsIDEzMik7IHN0cm9rZTogcmdiKDAsIDIwOCwgMTMyKTsiLz48L3N2Zz4=')}.ugb-48b052f li ul{margin-bottom:7px !important}.ugb-48b052f.ugb-icon-list ul{columns:1}<\/style><div class=\"ugb-inner-block\"><div class=\"ugb-block-content\"><ul><li><a rel=\"noreferrer noopener\" aria-label=\"P\u00e1ginas web de seguridad de ESO (se abre en una nueva pesta\u00f1a)\" href=\"http:\/\/www.eso.org\/safety\/\" target=\"_blank\">P\u00e1ginas web de seguridad de ESO<\/a> (acceso VPN)<\/li><li><a rel=\"noreferrer noopener\" aria-label=\"P\u00e1ginas twiki internas de APEX (se abre en una nueva pesta\u00f1a)\" href=\"http:\/\/www.apex-telescope.org\/twiki\/bin\/view\/Main\/SafetyCommittee\" target=\"_blank\">P\u00e1ginas twiki internas de APEX<\/a><\/li><\/ul><\/div><\/div><\/div>\n","protected":false},"excerpt":{"rendered":"<p>Aqu\u00ed puedes encontrar informaci\u00f3n sobre seguridad en APEX. Navega por nuestros documentos de seguridad para familiarizarte con los procedimientos y protocolos de seguridad al visitar o trabajar en APEX. Tambi\u00e9n puedes buscar contactos de emergencia. Documentos de seguridad P\u00e1ginas internas <a href=\"https:\/\/www.apex-telescope.org\/ns\/es\/el-proyecto\/seguridad\/\" class=\"read-more\">Read More &#8230;<\/a><\/p>\n","protected":false},"author":6,"featured_media":0,"parent":2373,"menu_order":0,"comment_status":"closed","ping_status":"closed","template":"","meta":{"ngg_post_thumbnail":0,"spay_email":"","footnotes":""},"class_list":["post-5178","page","type-page","status-publish","hentry"],"featured_image_urls":{"full":"","thumbnail":"","medium":"","medium_large":"","large":"","1536x1536":"","2048x2048":"","education-hub-thumb":""},"post_excerpt_stackable":"<p>Aqu\u00ed puedes encontrar informaci\u00f3n sobre seguridad en APEX. Navega por nuestros documentos de seguridad para familiarizarte con los procedimientos y protocolos de seguridad al visitar o trabajar en APEX. Tambi\u00e9n puedes buscar contactos de emergencia. Documentos de seguridad APEX safety plan 367.13 KB 207 downloads by Lars-\u00c5ke Nyman (2019-08-09) &#8230; Download APEX safety regulations 550.67 KB 209 downloads by Lars-\u00c5ke Nyman (2019-08-09) &#8230; Download APEX on-site authorities 255.66 KB 89 downloads by Carlos Dur\u00e1n et al. (2021-12-26) &#8230; Download APEX crane lifting procedure 277.54 KB 161 downloads by Lars-\u00c5ke Nyman (2019-08-09) &#8230; Download APEX visitor waiver and release agreement 1.03&hellip;<\/p>\n","category_list":"","author_info":{"name":"Claudio Agurto","url":"https:\/\/www.apex-telescope.org\/ns\/author\/cagurto\/"},"comments_num":"0 comments","featured_image_urls_v2":{"full":"","thumbnail":"","medium":"","medium_large":"","large":"","1536x1536":"","2048x2048":"","education-hub-thumb":""},"post_excerpt_stackable_v2":"<p>Aqu\u00ed puedes encontrar informaci\u00f3n sobre seguridad en APEX. Navega por nuestros documentos de seguridad para familiarizarte con los procedimientos y protocolos de seguridad al visitar o trabajar en APEX. Tambi\u00e9n puedes buscar contactos de emergencia. Documentos de seguridad APEX safety plan 367.13 KB 207 downloads by Lars-\u00c5ke Nyman (2019-08-09) &#8230; Download APEX safety regulations 550.67 KB 209 downloads by Lars-\u00c5ke Nyman (2019-08-09) &#8230; Download APEX on-site authorities 255.66 KB 89 downloads by Carlos Dur\u00e1n et al. (2021-12-26) &#8230; Download APEX crane lifting procedure 277.54 KB 161 downloads by Lars-\u00c5ke Nyman (2019-08-09) &#8230; Download APEX visitor waiver and release agreement 1.03&hellip;<\/p>\n","category_list_v2":"","author_info_v2":{"name":"Claudio Agurto","url":"https:\/\/www.apex-telescope.org\/ns\/author\/cagurto\/"},"comments_num_v2":"0 comments","_links":{"self":[{"href":"https:\/\/www.apex-telescope.org\/ns\/wp-json\/wp\/v2\/pages\/5178","targetHints":{"allow":["GET"]}}],"collection":[{"href":"https:\/\/www.apex-telescope.org\/ns\/wp-json\/wp\/v2\/pages"}],"about":[{"href":"https:\/\/www.apex-telescope.org\/ns\/wp-json\/wp\/v2\/types\/page"}],"author":[{"embeddable":true,"href":"https:\/\/www.apex-telescope.org\/ns\/wp-json\/wp\/v2\/users\/6"}],"replies":[{"embeddable":true,"href":"https:\/\/www.apex-telescope.org\/ns\/wp-json\/wp\/v2\/comments?post=5178"}],"version-history":[{"count":3,"href":"https:\/\/www.apex-telescope.org\/ns\/wp-json\/wp\/v2\/pages\/5178\/revisions"}],"predecessor-version":[{"id":5181,"href":"https:\/\/www.apex-telescope.org\/ns\/wp-json\/wp\/v2\/pages\/5178\/revisions\/5181"}],"up":[{"embeddable":true,"href":"https:\/\/www.apex-telescope.org\/ns\/wp-json\/wp\/v2\/pages\/2373"}],"wp:attachment":[{"href":"https:\/\/www.apex-telescope.org\/ns\/wp-json\/wp\/v2\/media?parent=5178"}],"curies":[{"name":"wp","href":"https:\/\/api.w.org\/{rel}","templated":true}]}}